{"id":769,"date":"2017-12-03T11:06:21","date_gmt":"2017-12-03T10:06:21","guid":{"rendered":"http:\/\/doellken.youbilab.com\/impressum\/"},"modified":"2025-05-20T11:32:07","modified_gmt":"2025-05-20T09:32:07","slug":"imprint","status":"publish","type":"page","link":"https:\/\/www.doellken-lighting.com\/en\/imprint\/","title":{"rendered":"Imprint"},"content":{"rendered":"<div class=\"wrapper\"><div id=\"\" class=\"column-section clearfix spaced-normal \"><div  class=\"column two-third  \" ><div class=\"spacer spacer-big\"><\/div>\n<h2>Imprint<\/h2>\n<div class=\"spacer spacer-big\"><\/div>\n<h3>Issuer<\/h3>\n<div class=\"spacer spacer-small\"><\/div>\n<p>D\u00f6llken Profiles GmbH<\/p>\n<p>Industriestra\u00dfe 1<br \/>\n59199 B\u00f6nen | Germany<br \/>\nTel.: +49 (0) 36 43 \/ 4 17 04 00<br \/>\nFax: +49 (0) 36 43 \/ 4 17 03 30<br \/>\nE-Mail: <a href=\"mailto:info@doellken-profiles.de\">info@doellken-profiles.de<\/a><\/p>\n<div class=\"spacer spacer-medium\"><\/div><\/div><div  class=\"column one-third last-col \" ><\/div><\/div><\/div><div class=\"wrapper\"><div id=\"\" class=\"column-section clearfix spaced-normal \"><div  class=\"column two-third  \" >\n<h3>Managing Director<\/h3>\n<div class=\"spacer spacer-small\"><\/div>\n<p>Martina Baden, Head of Business Unit Profiles SURTECO SE \/ Managing Director<br \/>\nReinhold Affh\u00fcppe, Gesch\u00e4ftsf\u00fchrer \/ Managing Director<\/p>\n<div class=\"spacer spacer-medium\"><\/div><\/div><div  class=\"column one-third last-col \" ><\/div><\/div><\/div><div class=\"wrapper\"><div id=\"\" class=\"column-section clearfix spaced-normal \"><div  class=\"column two-third  \" >\n<h3>VAT number<\/h3>\n<div class=\"spacer spacer-small\"><\/div>\n<p>DE150105409<\/p>\n<div class=\"spacer spacer-medium\"><\/div><\/div><div  class=\"column one-third last-col \" ><\/div><\/div><\/div><div class=\"wrapper\"><div id=\"\" class=\"column-section clearfix spaced-normal \"><div  class=\"column two-third  \" >\n<h3>Register court<\/h3>\n<div class=\"spacer spacer-small\"><\/div>\n<p>HRB Hamm: 9896<\/p>\n<div class=\"spacer spacer-medium\"><\/div><\/div><div  class=\"column one-third last-col \" ><\/div><\/div><\/div><div class=\"wrapper\"><div id=\"\" class=\"column-section clearfix spaced-normal \"><div  class=\"column two-third  \" >\n<h3>Contact person for questions relating to the website<\/h3>\n<div class=\"spacer spacer-small\"><\/div>\n<p>Martin Kutzschebauch<\/p>\n<p>Tel.: +49 (0) 36 43 \/ 4 17 05 40<br \/>\nFax: +49 (0) 36 43 \/ 4 17 03 30<br \/>\nE-Mail: <a href=\"mailto:martin.kutzschebauch@doellken-profiles.com\">martin.kutzschebauch@doellken-profiles.com<\/a><\/p>\n<div class=\"spacer spacer-medium\"><\/div><\/div><div  class=\"column one-third last-col \" ><\/div><\/div><\/div><div class=\"wrapper\"><div id=\"\" class=\"column-section clearfix spaced-normal \"><div  class=\"column two-third  \" >\n<h3>Design &amp; Programming<\/h3>\n<div class=\"spacer spacer-small\"><\/div>\n<p>DREIZEHN&amp;F\u00dcNF DESIGN STUDIO<\/p>\n<p>Hohen\u00f6lsen \/ Hauptstra\u00dfe 11 \/ 07570 Weida<br \/>\nT +49 (3 66 03) 29 05 13<br \/>\nM +49 (1 60) 90 37 41 11<br \/>\n<a href=\"mailto:kontakt@dreizehnundfuenf.de\">kontakt@dreizehnundfuenf.de<\/a><br \/>\n<a href=\"http:\/\/www.dreizehnundfuenf.de\">www.dreizehnundfuenf.de<\/a><\/p>\n<div class=\"spacer spacer-small\"><\/div>\n<p>Youbility Software GbR<\/p>\n<p>K\u00f6nneritzstra\u00dfe 25 \/ 01067 Dresden<\/p>\n<p>T +49 (3 51) 32 13 17 23<br \/>\n<a href=\"mailto:hello@youbility.de\">hello@youbility.de<\/a><br \/>\n<a href=\"http:\/\/www.youbility.de\">www.youbility.de<\/a><\/p>\n<div class=\"spacer spacer-medium\"><\/div><\/div><div  class=\"column one-third last-col \" ><\/div><\/div><\/div><div class=\"wrapper\"><div id=\"\" class=\"column-section clearfix spaced-normal \"><div  class=\"column two-third  \" >\n<h3>Photography<\/h3>\n<div class=\"spacer spacer-small\"><\/div>\n<p>Peter Eichler Fotografie<\/p>\n<p>Hardenbergstrasse 34 \/ 04275 Leipzig<br \/>\nT 49 (3 41) 30 39 77 71<br \/>\nM +49 (1 79) 5 12 49 62<br \/>\n<a href=\"mailto:mail@petereichler.com\">mail@petereichler.com<\/a><br \/>\n<a href=\"http:\/\/www.petereichler.com\">www.petereichler.com<\/a><\/p>\n<div class=\"spacer spacer-medium\"><\/div><\/div><div  class=\"column one-third last-col \" ><\/div><\/div><\/div><div class=\"wrapper\"><div id=\"\" class=\"column-section clearfix spaced-normal \"><div  class=\"column two-third  \" >\n<h3>Disclaimer<\/h3>\n<div class=\"spacer spacer-small\"><\/div>\n<p>In spite of the care we take in checking their contents, we cannot be held responsible for the content of external links. The operators of the linked websites are alone responsible for their contents.<\/p>\n<div class=\"spacer spacer-medium\"><\/div><\/div><div  class=\"column one-third last-col \" ><\/div><\/div><\/div><div class=\"wrapper\"><div id=\"\" class=\"column-section clearfix spaced-normal \"><div  class=\"column two-third  \" >\n<h3>Copyright<\/h3>\n<div class=\"spacer spacer-small\"><\/div>\n<p>The content, design and ideas of this website are protected by copyright. Reproduction of information or data, and particularly the use of texts, parts of texts, or illustrative material, requires the express prior agreement of the Operator.<\/p>\n<div class=\"spacer spacer-medium\"><\/div><\/div><div  class=\"column one-third last-col \" ><\/div><\/div><\/div><div class=\"wrapper\"><div id=\"\" class=\"column-section clearfix spaced-normal \"><div  class=\"column two-third  \" >\n<h3>Google Analytics<\/h3>\n<div class=\"spacer spacer-small\"><\/div>\n<p>You can refuse the use of Google Analytics by clicking on the following link. An opt-out cookie will be set on the computer, which prevents the future collection of your data when visiting this website: Disable Google Analytics<\/p>\n<p>Further information concerning the terms and conditions of use and data privacy can be found at <a href=\"http:\/\/www.google.com\/analytics\/terms\/de.html\">http:\/\/www.google.com\/analytics\/terms\/de.html<\/a> bzw. unter <a href=\"https:\/\/www.google.de\/intl\/de\/policies\/\">https:\/\/www.google.de\/intl\/de\/policies\/<\/a>. Please note that on this website, Google Analytics code is supplemented by \u201canonymizeIp\u201d to ensure an anonymized collection of IP addresses (so called IP-masking).<\/p>\n<div class=\"spacer spacer-big\"><\/div><\/div><div  class=\"column one-third last-col \" ><\/div><\/div><\/div>\n","protected":false},"excerpt":{"rendered":"","protected":false},"author":2,"featured_media":0,"parent":0,"menu_order":0,"comment_status":"closed","ping_status":"closed","template":"","meta":[],"yoast_head":"<!-- This site is optimized with the Yoast SEO Premium plugin v18.1 (Yoast SEO v18.3) - https:\/\/yoast.com\/wordpress\/plugins\/seo\/ -->\n<title>Imprint - D\u00f6llken Lighting<\/title>\n<meta name=\"robots\" content=\"noindex, follow\" \/>\n<meta property=\"og:locale\" content=\"en_US\" \/>\n<meta property=\"og:type\" content=\"article\" \/>\n<meta property=\"og:title\" content=\"Imprint\" \/>\n<meta property=\"og:url\" content=\"https:\/\/www.doellken-lighting.com\/en\/imprint\/\" \/>\n<meta property=\"og:site_name\" content=\"D\u00f6llken Lighting\" \/>\n<meta property=\"article:publisher\" content=\"https:\/\/www.facebook.com\/doellkenlighting\/\" \/>\n<meta property=\"article:modified_time\" content=\"2025-05-20T09:32:07+00:00\" \/>\n<meta name=\"twitter:card\" content=\"summary_large_image\" \/>\n<meta name=\"twitter:label1\" content=\"Est. reading time\" \/>\n\t<meta name=\"twitter:data1\" content=\"3 minutes\" \/>\n<script type=\"application\/ld+json\" class=\"yoast-schema-graph\">{\"@context\":\"https:\/\/schema.org\",\"@graph\":[{\"@type\":\"Organization\",\"@id\":\"https:\/\/www.doellken-lighting.com\/#organization\",\"name\":\"D\u00f6llken Lighting\",\"url\":\"https:\/\/www.doellken-lighting.com\/\",\"sameAs\":[\"https:\/\/www.facebook.com\/doellkenlighting\/\",\"https:\/\/www.instagram.com\/doellkenlighting\/\",\"https:\/\/www.youtube.com\/channel\/UCaQBiul1oqA25Zk0X_vkAAQ\"],\"logo\":{\"@type\":\"ImageObject\",\"@id\":\"https:\/\/www.doellken-lighting.com\/#logo\",\"inLanguage\":\"en-US\",\"url\":\"https:\/\/www.doellken-lighting.com\/wp-content\/uploads\/2020\/01\/doellken_lighting_logo_cookie.png\",\"contentUrl\":\"https:\/\/www.doellken-lighting.com\/wp-content\/uploads\/2020\/01\/doellken_lighting_logo_cookie.png\",\"width\":250,\"height\":40,\"caption\":\"D\u00f6llken Lighting\"},\"image\":{\"@id\":\"https:\/\/www.doellken-lighting.com\/#logo\"}},{\"@type\":\"WebSite\",\"@id\":\"https:\/\/www.doellken-lighting.com\/#website\",\"url\":\"https:\/\/www.doellken-lighting.com\/\",\"name\":\"D\u00f6llken Lighting\",\"description\":\"Das Infinite Light System\",\"publisher\":{\"@id\":\"https:\/\/www.doellken-lighting.com\/#organization\"},\"potentialAction\":[{\"@type\":\"SearchAction\",\"target\":{\"@type\":\"EntryPoint\",\"urlTemplate\":\"https:\/\/www.doellken-lighting.com\/?s={search_term_string}\"},\"query-input\":\"required name=search_term_string\"}],\"inLanguage\":\"en-US\"},{\"@type\":\"WebPage\",\"@id\":\"https:\/\/www.doellken-lighting.com\/en\/imprint\/#webpage\",\"url\":\"https:\/\/www.doellken-lighting.com\/en\/imprint\/\",\"name\":\"Imprint - D\u00f6llken Lighting\",\"isPartOf\":{\"@id\":\"https:\/\/www.doellken-lighting.com\/#website\"},\"datePublished\":\"2017-12-03T10:06:21+00:00\",\"dateModified\":\"2025-05-20T09:32:07+00:00\",\"breadcrumb\":{\"@id\":\"https:\/\/www.doellken-lighting.com\/en\/imprint\/#breadcrumb\"},\"inLanguage\":\"en-US\",\"potentialAction\":[{\"@type\":\"ReadAction\",\"target\":[\"https:\/\/www.doellken-lighting.com\/en\/imprint\/\"]}]},{\"@type\":\"BreadcrumbList\",\"@id\":\"https:\/\/www.doellken-lighting.com\/en\/imprint\/#breadcrumb\",\"itemListElement\":[{\"@type\":\"ListItem\",\"position\":1,\"name\":\"Startseite\",\"item\":\"https:\/\/www.doellken-lighting.com\/en\/\"},{\"@type\":\"ListItem\",\"position\":2,\"name\":\"Imprint\"}]}]}<\/script>\n<!-- \/ Yoast SEO Premium plugin. -->","yoast_head_json":{"title":"Imprint - D\u00f6llken Lighting","robots":{"index":"noindex","follow":"follow"},"og_locale":"en_US","og_type":"article","og_title":"Imprint","og_url":"https:\/\/www.doellken-lighting.com\/en\/imprint\/","og_site_name":"D\u00f6llken Lighting","article_publisher":"https:\/\/www.facebook.com\/doellkenlighting\/","article_modified_time":"2025-05-20T09:32:07+00:00","twitter_card":"summary_large_image","twitter_misc":{"Est. reading time":"3 minutes"},"schema":{"@context":"https:\/\/schema.org","@graph":[{"@type":"Organization","@id":"https:\/\/www.doellken-lighting.com\/#organization","name":"D\u00f6llken Lighting","url":"https:\/\/www.doellken-lighting.com\/","sameAs":["https:\/\/www.facebook.com\/doellkenlighting\/","https:\/\/www.instagram.com\/doellkenlighting\/","https:\/\/www.youtube.com\/channel\/UCaQBiul1oqA25Zk0X_vkAAQ"],"logo":{"@type":"ImageObject","@id":"https:\/\/www.doellken-lighting.com\/#logo","inLanguage":"en-US","url":"https:\/\/www.doellken-lighting.com\/wp-content\/uploads\/2020\/01\/doellken_lighting_logo_cookie.png","contentUrl":"https:\/\/www.doellken-lighting.com\/wp-content\/uploads\/2020\/01\/doellken_lighting_logo_cookie.png","width":250,"height":40,"caption":"D\u00f6llken Lighting"},"image":{"@id":"https:\/\/www.doellken-lighting.com\/#logo"}},{"@type":"WebSite","@id":"https:\/\/www.doellken-lighting.com\/#website","url":"https:\/\/www.doellken-lighting.com\/","name":"D\u00f6llken Lighting","description":"Das Infinite Light System","publisher":{"@id":"https:\/\/www.doellken-lighting.com\/#organization"},"potentialAction":[{"@type":"SearchAction","target":{"@type":"EntryPoint","urlTemplate":"https:\/\/www.doellken-lighting.com\/?s={search_term_string}"},"query-input":"required name=search_term_string"}],"inLanguage":"en-US"},{"@type":"WebPage","@id":"https:\/\/www.doellken-lighting.com\/en\/imprint\/#webpage","url":"https:\/\/www.doellken-lighting.com\/en\/imprint\/","name":"Imprint - D\u00f6llken Lighting","isPartOf":{"@id":"https:\/\/www.doellken-lighting.com\/#website"},"datePublished":"2017-12-03T10:06:21+00:00","dateModified":"2025-05-20T09:32:07+00:00","breadcrumb":{"@id":"https:\/\/www.doellken-lighting.com\/en\/imprint\/#breadcrumb"},"inLanguage":"en-US","potentialAction":[{"@type":"ReadAction","target":["https:\/\/www.doellken-lighting.com\/en\/imprint\/"]}]},{"@type":"BreadcrumbList","@id":"https:\/\/www.doellken-lighting.com\/en\/imprint\/#breadcrumb","itemListElement":[{"@type":"ListItem","position":1,"name":"Startseite","item":"https:\/\/www.doellken-lighting.com\/en\/"},{"@type":"ListItem","position":2,"name":"Imprint"}]}]}},"_links":{"self":[{"href":"https:\/\/www.doellken-lighting.com\/en\/wp-json\/wp\/v2\/pages\/769"}],"collection":[{"href":"https:\/\/www.doellken-lighting.com\/en\/wp-json\/wp\/v2\/pages"}],"about":[{"href":"https:\/\/www.doellken-lighting.com\/en\/wp-json\/wp\/v2\/types\/page"}],"author":[{"embeddable":true,"href":"https:\/\/www.doellken-lighting.com\/en\/wp-json\/wp\/v2\/users\/2"}],"replies":[{"embeddable":true,"href":"https:\/\/www.doellken-lighting.com\/en\/wp-json\/wp\/v2\/comments?post=769"}],"version-history":[{"count":10,"href":"https:\/\/www.doellken-lighting.com\/en\/wp-json\/wp\/v2\/pages\/769\/revisions"}],"predecessor-version":[{"id":3334,"href":"https:\/\/www.doellken-lighting.com\/en\/wp-json\/wp\/v2\/pages\/769\/revisions\/3334"}],"wp:attachment":[{"href":"https:\/\/www.doellken-lighting.com\/en\/wp-json\/wp\/v2\/media?parent=769"}],"curies":[{"name":"wp","href":"https:\/\/api.w.org\/{rel}","templated":true}]}}