{"id":1254,"date":"2017-09-08T17:06:26","date_gmt":"2017-09-08T15:06:26","guid":{"rendered":"https:\/\/www.doellken-lighting.com\/philosophie\/"},"modified":"2019-10-23T22:03:52","modified_gmt":"2019-10-23T20:03:52","slug":"filozofia-przedsiebiorstwa","status":"publish","type":"page","link":"https:\/\/www.doellken-lighting.com\/pl\/filozofia-przedsiebiorstwa\/","title":{"rendered":"Filozofia przedsi\u0119biorstwa"},"content":{"rendered":"<div class=\"wrapper\"><div id class=\"column-section clearfix spaced-normal \"><div class=\"column two-third  \"><div class=\"spacer spacer-big\"><\/div>\n<h2>Nasza filozofia<\/h2>\n<div class=\"spacer spacer-medium\"><\/div>\n<p>Kompetencja, estetyka, personalizacja \u2013 trzy kluczowe s\u0142owa kt\u00f3re definiuj\u0105 nasze dzia\u0142ania i podkre\u015blaj\u0105, \u017ce w centrum dzia\u0142alno\u015bci przedsi\u0119biorstwa stoi nie produkt i design, lecz cz\u0142owiek i jego potrzeby.<\/p>\n<div class=\"spacer spacer-big\"><\/div><\/div><div class=\"column one-third last-col \"><\/div><\/div><\/div><div class=\"wrapper\"><div id class=\"column-section clearfix spaced-normal \"><div class=\"column one-full last-col \">\n<p><noscript><img class=\"aligncenter wp-image-592 size-full\" src=\"https:\/\/www.doellken-lighting.com\/wp-content\/uploads\/2017\/12\/Doellken_Lighting_Philosophie_1_neu_neu-e1571860411729.jpg\" alt width=\"1800\" height=\"1200\"><\/noscript><img class=\"aligncenter wp-image-592 size-full lazyload\" src=\"data:image\/svg+xml,%3Csvg%20xmlns%3D%22http%3A%2F%2Fwww.w3.org%2F2000%2Fsvg%22%20viewBox%3D%220%200%201800%201200%22%3E%3C%2Fsvg%3E\" alt width=\"1800\" height=\"1200\" data-src=\"https:\/\/www.doellken-lighting.com\/wp-content\/uploads\/2017\/12\/Doellken_Lighting_Philosophie_1_neu_neu-e1571860411729.jpg\"><\/p>\n<div class=\"spacer spacer-small\"><\/div><\/div><\/div><\/div><div class=\"wrapper\"><div id class=\"column-section clearfix spaced-normal  reverse-columns-mobile\"><div class=\"column two-third  \">\n<p>Firma D\u00f6llken-Weimar GmbH powsta\u0142a w 1991 roku w Weimarze, w Turyngii. Obecnie zatrudnia oko\u0142o 480 pracownik\u00f3w i nale\u017cy do najbardziej znanych i do\u015bwiadczonych na \u015bwiecie firm zajmuj\u0105cych si\u0119 ekstruzj\u0105. Po latach pozytywnego rozwoju biznesu w dziedzinie profili technicznych z tworzyw sztucznych, pojawi\u0142a si\u0119 idea otwarcia nowych horyzont\u00f3w dla przemys\u0142u o\u015bwietleniowego. Utworzono firm\u0119 D\u00f6llken Lighting i zapocz\u0105tkowano now\u0105 er\u0119 elastycznych ta\u015bm ledowych IP68.<\/p>\n<div class=\"spacer spacer-big\"><\/div><\/div><div class=\"column one-third last-col \"><\/div><\/div><\/div><div class=\"spacer spacer-big\"><\/div><div class=\"wrapper\"><div id class=\"column-section clearfix spaced-big  reverse-columns-mobile\"><div class=\"column one-half  \"><div class=\"spacer spacer-medium\"><\/div>\n<h3 style=\"text-decoration: none; border-bottom: 1px solid #000000; padding-top: 7px;\">Nasze kluczowe kompetencje &#8211; tworzywa sztuczne oraz elektronika<\/h3>\n<p>Elektroniczne komponenty o\u015bwietleniowe pozwalaj\u0105 na uzyskanie nastrojowych, estetycznych i funkcjonalnych efekt\u00f3w \u015bwietlnych. Nasze kompetencje i wy\u0142\u0105cznie niemiecka produkcja umo\u017cliwia dostarczenie elastycznej ta\u015bmy ledowej odpowiadaj\u0105cej ka\u017cdemu wyzwaniu.<\/p>\n<p>Pow\u0142oka zewn\u0119trzna wytworzona w procesie ekstruzji zapewnia ta\u015bmie ledowej stopie\u0144 ochrony IP68, dzi\u0119ki czemu ta\u015bma mo\u017ce bez zarzutu dzia\u0142a\u0107 nawet na g\u0142\u0119boko\u015bci 3.250m (fakt ten udokumentowano przeprowadzonymi testami). Ponadto nasze produkty posiadaj\u0105 stopie\u0144 ochrony IK10 i mog\u0105 by\u0107 wykorzystywane jako o\u015bwietlenie najazdowe. Materia\u0142 jest wolny od chloru i halogenu, dlatego z powodzeniem mo\u017ce by\u0107 stosowany na statkach, r\u00f3wnie\u017c w miejscach nara\u017conych na dzia\u0142anie niekorzystnych warunk\u00f3w atmosferycznych, gdy\u017c jest odporny na mikrobiologiczne zaka\u017cenia i najr\u00f3\u017cniejsze chemikalia. Dla naszych produkt\u00f3w nie istniej\u0105 \u017cadne bariery techniczne czy architektoniczne.<\/p>\n<p>W ci\u0105gu ostatnich o\u015bmiu lat koncentrowali\u015bmy si\u0119 na wyselekcjonowaniu najwy\u017cszej jako\u015bci diod, optymalizacji procesu produkcyjnego, odpowiedniej konfekcji produkt\u00f3w ko\u0144cowych przy zachowaniu jednoczesnej 100% kontroli jako\u015bci naszych produkt\u00f3w, tak, aby nasze systemy o\u015bwietleniowe mog\u0142y by\u0107 bezpiecznie montowane w najr\u00f3\u017cniejszych miejscach na ca\u0142ym \u015bwiecie.<\/p>\n<div class=\"spacer spacer-big\"><\/div><\/div><div class=\"column one-half last-col \">\n<p><noscript><img class=\"aligncenter wp-image-795 size-full\" src=\"https:\/\/www.doellken-lighting.com\/wp-content\/uploads\/2017\/12\/Doellken_Lighting_Philosophie_2-e1571860215810.jpg\" alt width=\"825\" height=\"1238\"><\/noscript><img class=\"aligncenter wp-image-795 size-full lazyload\" src=\"data:image\/svg+xml,%3Csvg%20xmlns%3D%22http%3A%2F%2Fwww.w3.org%2F2000%2Fsvg%22%20viewBox%3D%220%200%20825%201238%22%3E%3C%2Fsvg%3E\" alt width=\"825\" height=\"1238\" data-src=\"https:\/\/www.doellken-lighting.com\/wp-content\/uploads\/2017\/12\/Doellken_Lighting_Philosophie_2-e1571860215810.jpg\"><\/p>\n<\/div><\/div><\/div><div class=\"spacer spacer-big\"><\/div><div class=\"wrapper\"><div id class=\"column-section clearfix spaced-big \"><div class=\"column one-half  \">\n<p><noscript><img class=\"aligncenter wp-image-576 size-full\" src=\"https:\/\/www.doellken-lighting.com\/wp-content\/uploads\/2017\/12\/Doellken_Lighting_Philosophie_3-e1571860581650.jpg\" alt width=\"825\" height=\"1100\"><\/noscript><img class=\"aligncenter wp-image-576 size-full lazyload\" src=\"data:image\/svg+xml,%3Csvg%20xmlns%3D%22http%3A%2F%2Fwww.w3.org%2F2000%2Fsvg%22%20viewBox%3D%220%200%20825%201100%22%3E%3C%2Fsvg%3E\" alt width=\"825\" height=\"1100\" data-src=\"https:\/\/www.doellken-lighting.com\/wp-content\/uploads\/2017\/12\/Doellken_Lighting_Philosophie_3-e1571860581650.jpg\"><\/p>\n<\/div><div class=\"column one-half last-col \"><div class=\"spacer spacer-medium\"><\/div>\n<h3 style=\"text-decoration: none; border-bottom: 1px solid #000000; padding-top: 7px;\">Personalizacja jako wyr\u00f3\u017cniaj\u0105cy nas czynnik<\/h3>\n<p>Ludzie projektuj\u0105, produkuj\u0105 i u\u017cytkuj\u0105 przedmioty. Produkty tworzone s\u0105 dla ludzi, \u017ceby u\u0142atwia\u0107, wzbogaca\u0107 im \u017cycie i dostarcza\u0107 im nowych dozna\u0144 emocjonalnych. Do dalszego rozwoju naszych system\u00f3w o\u015bwietleniowych, pami\u0119taj\u0105c o otaczaj\u0105cym nas \u015brodowisku, wykorzystujemy ch\u0119tnie kreatywny potencja\u0142 naszych partner\u00f3w biznesowych, pracownik\u00f3w, klient\u00f3w, designer\u00f3w, in\u017cynier\u00f3w oraz artyst\u00f3w.<\/p>\n<div class=\"spacer spacer-big\"><\/div><\/div><\/div><\/div><div class=\"spacer spacer-big\"><\/div><div class=\"wrapper\"><div id class=\"column-section clearfix spaced-big  reverse-columns-mobile\"><div class=\"column one-half  \"><div class=\"spacer spacer-medium\"><\/div>\n<h3 style=\"text-decoration: none; border-bottom: 1px solid #000000; padding-top: 7px;\">Uwarunkowane przez design ograniczenia modelu estetyki<\/h3>\n<p>Po\u0142\u0105czenie naszych kompetencji produkcyjnych, wiedzy technologicznej oraz inspiracji p\u0142yn\u0105cych od innych oraz dba\u0142o\u015bci o \u015brodowisko utworzy\u0142o jedyny w swoim rodzaju system, kt\u00f3ry nie ma sobie r\u00f3wnych i odnosi si\u0119 do ta\u015bmy ledowych, szeregowego o\u015bwietlenia, przestrzeni wewn\u0119trznej i zewn\u0119trznej, \u0142\u0105cz\u0105c w sobie estetyk\u0119 i funkcjonalno\u015b\u0107.<\/p>\n<p>Warstwa zewn\u0119trzna naszych system\u00f3w zgodnie z koncepcj\u0105 inwestor\u00f3w budowlanych zosta\u0142a ograniczona do minimum. Na pierwszym miejscu stawiamy funkcjonalno\u015b\u0107 i u\u017cyteczno\u015b\u0107 produktu \u2013 czyli jego wn\u0119trze. Nasze projekty posiadaj\u0105 przejrzyste struktury, i d\u0105\u017c\u0105 do tego, aby zainspirowa\u0107 odbiorc\u00f3w i da\u0107 projektantom wolne pole do popisu. Oferujemy nie tylko jaki\u015b system ledowy, lecz ten jedyny, konkretny, odzwierciedlaj\u0105cy Pa\u0144stwa pomys\u0142y i koncepcje.<\/p>\n<div class=\"spacer spacer-big\"><\/div><\/div><div class=\"column one-half last-col \">\n<p><noscript><img class=\"aligncenter wp-image-586 size-full\" src=\"https:\/\/www.doellken-lighting.com\/wp-content\/uploads\/2017\/12\/Doellken_Lighting_Philosophie_4-e1571860610167.jpg\" alt width=\"825\" height=\"1100\"><\/noscript><img class=\"aligncenter wp-image-586 size-full lazyload\" src=\"data:image\/svg+xml,%3Csvg%20xmlns%3D%22http%3A%2F%2Fwww.w3.org%2F2000%2Fsvg%22%20viewBox%3D%220%200%20825%201100%22%3E%3C%2Fsvg%3E\" alt width=\"825\" height=\"1100\" data-src=\"https:\/\/www.doellken-lighting.com\/wp-content\/uploads\/2017\/12\/Doellken_Lighting_Philosophie_4-e1571860610167.jpg\"><\/p>\n<\/div><\/div><\/div><div class=\"spacer spacer-big\"><\/div><div class=\"wrapper\"><div id class=\"column-section clearfix spaced-normal \"><div class=\"column one-full last-col \">\n<p><noscript><img class=\"aligncenter wp-image-584 size-full\" src=\"https:\/\/www.doellken-lighting.com\/wp-content\/uploads\/2017\/12\/Doellken_Lighting_Philosophie_5_neu-e1571860665939.jpg\" alt width=\"1800\" height=\"1200\"><\/noscript><img class=\"aligncenter wp-image-584 size-full lazyload\" src=\"data:image\/svg+xml,%3Csvg%20xmlns%3D%22http%3A%2F%2Fwww.w3.org%2F2000%2Fsvg%22%20viewBox%3D%220%200%201800%201200%22%3E%3C%2Fsvg%3E\" alt width=\"1800\" height=\"1200\" data-src=\"https:\/\/www.doellken-lighting.com\/wp-content\/uploads\/2017\/12\/Doellken_Lighting_Philosophie_5_neu-e1571860665939.jpg\"><\/p>\n<div class=\"spacer spacer-big\"><\/div><\/div><\/div><\/div>\n","protected":false},"excerpt":{"rendered":"","protected":false},"author":2,"featured_media":0,"parent":0,"menu_order":0,"comment_status":"closed","ping_status":"closed","template":"","meta":[],"yoast_head":"<!-- This site is optimized with the Yoast SEO Premium plugin v18.1 (Yoast SEO v18.3) - https:\/\/yoast.com\/wordpress\/plugins\/seo\/ -->\n<title>Filozofia przedsi\u0119biorstwa - D\u00f6llken Lighting<\/title>\n<meta name=\"robots\" content=\"index, follow, max-snippet:-1, max-image-preview:large, max-video-preview:-1\" \/>\n<link rel=\"canonical\" href=\"https:\/\/www.doellken-lighting.com\/pl\/filozofia-przedsiebiorstwa\/\" \/>\n<meta property=\"og:locale\" content=\"pl_PL\" \/>\n<meta property=\"og:type\" content=\"article\" \/>\n<meta property=\"og:title\" content=\"Filozofia przedsi\u0119biorstwa\" \/>\n<meta property=\"og:url\" content=\"https:\/\/www.doellken-lighting.com\/pl\/filozofia-przedsiebiorstwa\/\" \/>\n<meta property=\"og:site_name\" content=\"D\u00f6llken Lighting\" \/>\n<meta property=\"article:publisher\" content=\"https:\/\/www.facebook.com\/doellkenlighting\/\" \/>\n<meta property=\"article:modified_time\" content=\"2019-10-23T20:03:52+00:00\" \/>\n<meta property=\"og:image\" content=\"https:\/\/www.doellken-lighting.com\/wp-content\/uploads\/2017\/12\/Doellken_Lighting_Philosophie_1_neu_neu-e1571860411729.jpg\" \/>\n<meta name=\"twitter:card\" content=\"summary_large_image\" \/>\n<meta name=\"twitter:label1\" content=\"Szacowany czas czytania\" \/>\n\t<meta name=\"twitter:data1\" content=\"3 minuty\" \/>\n<script type=\"application\/ld+json\" class=\"yoast-schema-graph\">{\"@context\":\"https:\/\/schema.org\",\"@graph\":[{\"@type\":\"Organization\",\"@id\":\"https:\/\/www.doellken-lighting.com\/#organization\",\"name\":\"D\u00f6llken Lighting\",\"url\":\"https:\/\/www.doellken-lighting.com\/\",\"sameAs\":[\"https:\/\/www.facebook.com\/doellkenlighting\/\",\"https:\/\/www.instagram.com\/doellkenlighting\/\",\"https:\/\/www.youtube.com\/channel\/UCaQBiul1oqA25Zk0X_vkAAQ\"],\"logo\":{\"@type\":\"ImageObject\",\"@id\":\"https:\/\/www.doellken-lighting.com\/#logo\",\"inLanguage\":\"pl-PL\",\"url\":\"https:\/\/www.doellken-lighting.com\/wp-content\/uploads\/2020\/01\/doellken_lighting_logo_cookie.png\",\"contentUrl\":\"https:\/\/www.doellken-lighting.com\/wp-content\/uploads\/2020\/01\/doellken_lighting_logo_cookie.png\",\"width\":250,\"height\":40,\"caption\":\"D\u00f6llken Lighting\"},\"image\":{\"@id\":\"https:\/\/www.doellken-lighting.com\/#logo\"}},{\"@type\":\"WebSite\",\"@id\":\"https:\/\/www.doellken-lighting.com\/#website\",\"url\":\"https:\/\/www.doellken-lighting.com\/\",\"name\":\"D\u00f6llken Lighting\",\"description\":\"Das Infinite Light System\",\"publisher\":{\"@id\":\"https:\/\/www.doellken-lighting.com\/#organization\"},\"potentialAction\":[{\"@type\":\"SearchAction\",\"target\":{\"@type\":\"EntryPoint\",\"urlTemplate\":\"https:\/\/www.doellken-lighting.com\/?s={search_term_string}\"},\"query-input\":\"required name=search_term_string\"}],\"inLanguage\":\"pl-PL\"},{\"@type\":\"ImageObject\",\"@id\":\"https:\/\/www.doellken-lighting.com\/pl\/filozofia-przedsiebiorstwa\/#primaryimage\",\"inLanguage\":\"pl-PL\",\"url\":\"https:\/\/www.doellken-lighting.com\/wp-content\/uploads\/2017\/12\/Doellken_Lighting_Philosophie_1_neu_neu-e1571860411729.jpg\",\"contentUrl\":\"https:\/\/www.doellken-lighting.com\/wp-content\/uploads\/2017\/12\/Doellken_Lighting_Philosophie_1_neu_neu-e1571860411729.jpg\",\"width\":1800,\"height\":1200,\"caption\":\"Symbolbild\"},{\"@type\":\"WebPage\",\"@id\":\"https:\/\/www.doellken-lighting.com\/pl\/filozofia-przedsiebiorstwa\/#webpage\",\"url\":\"https:\/\/www.doellken-lighting.com\/pl\/filozofia-przedsiebiorstwa\/\",\"name\":\"Filozofia przedsi\u0119biorstwa - D\u00f6llken Lighting\",\"isPartOf\":{\"@id\":\"https:\/\/www.doellken-lighting.com\/#website\"},\"primaryImageOfPage\":{\"@id\":\"https:\/\/www.doellken-lighting.com\/pl\/filozofia-przedsiebiorstwa\/#primaryimage\"},\"datePublished\":\"2017-09-08T15:06:26+00:00\",\"dateModified\":\"2019-10-23T20:03:52+00:00\",\"breadcrumb\":{\"@id\":\"https:\/\/www.doellken-lighting.com\/pl\/filozofia-przedsiebiorstwa\/#breadcrumb\"},\"inLanguage\":\"pl-PL\",\"potentialAction\":[{\"@type\":\"ReadAction\",\"target\":[\"https:\/\/www.doellken-lighting.com\/pl\/filozofia-przedsiebiorstwa\/\"]}]},{\"@type\":\"BreadcrumbList\",\"@id\":\"https:\/\/www.doellken-lighting.com\/pl\/filozofia-przedsiebiorstwa\/#breadcrumb\",\"itemListElement\":[{\"@type\":\"ListItem\",\"position\":1,\"name\":\"Startseite\",\"item\":\"https:\/\/www.doellken-lighting.com\/pl\/\"},{\"@type\":\"ListItem\",\"position\":2,\"name\":\"Filozofia przedsi\u0119biorstwa\"}]}]}<\/script>\n<!-- \/ Yoast SEO Premium plugin. -->","yoast_head_json":{"title":"Filozofia przedsi\u0119biorstwa - D\u00f6llken Lighting","robots":{"index":"index","follow":"follow","max-snippet":"max-snippet:-1","max-image-preview":"max-image-preview:large","max-video-preview":"max-video-preview:-1"},"canonical":"https:\/\/www.doellken-lighting.com\/pl\/filozofia-przedsiebiorstwa\/","og_locale":"pl_PL","og_type":"article","og_title":"Filozofia przedsi\u0119biorstwa","og_url":"https:\/\/www.doellken-lighting.com\/pl\/filozofia-przedsiebiorstwa\/","og_site_name":"D\u00f6llken Lighting","article_publisher":"https:\/\/www.facebook.com\/doellkenlighting\/","article_modified_time":"2019-10-23T20:03:52+00:00","og_image":[{"url":"https:\/\/www.doellken-lighting.com\/wp-content\/uploads\/2017\/12\/Doellken_Lighting_Philosophie_1_neu_neu-e1571860411729.jpg"}],"twitter_card":"summary_large_image","twitter_misc":{"Szacowany czas czytania":"3 minuty"},"schema":{"@context":"https:\/\/schema.org","@graph":[{"@type":"Organization","@id":"https:\/\/www.doellken-lighting.com\/#organization","name":"D\u00f6llken Lighting","url":"https:\/\/www.doellken-lighting.com\/","sameAs":["https:\/\/www.facebook.com\/doellkenlighting\/","https:\/\/www.instagram.com\/doellkenlighting\/","https:\/\/www.youtube.com\/channel\/UCaQBiul1oqA25Zk0X_vkAAQ"],"logo":{"@type":"ImageObject","@id":"https:\/\/www.doellken-lighting.com\/#logo","inLanguage":"pl-PL","url":"https:\/\/www.doellken-lighting.com\/wp-content\/uploads\/2020\/01\/doellken_lighting_logo_cookie.png","contentUrl":"https:\/\/www.doellken-lighting.com\/wp-content\/uploads\/2020\/01\/doellken_lighting_logo_cookie.png","width":250,"height":40,"caption":"D\u00f6llken Lighting"},"image":{"@id":"https:\/\/www.doellken-lighting.com\/#logo"}},{"@type":"WebSite","@id":"https:\/\/www.doellken-lighting.com\/#website","url":"https:\/\/www.doellken-lighting.com\/","name":"D\u00f6llken Lighting","description":"Das Infinite Light System","publisher":{"@id":"https:\/\/www.doellken-lighting.com\/#organization"},"potentialAction":[{"@type":"SearchAction","target":{"@type":"EntryPoint","urlTemplate":"https:\/\/www.doellken-lighting.com\/?s={search_term_string}"},"query-input":"required name=search_term_string"}],"inLanguage":"pl-PL"},{"@type":"ImageObject","@id":"https:\/\/www.doellken-lighting.com\/pl\/filozofia-przedsiebiorstwa\/#primaryimage","inLanguage":"pl-PL","url":"https:\/\/www.doellken-lighting.com\/wp-content\/uploads\/2017\/12\/Doellken_Lighting_Philosophie_1_neu_neu-e1571860411729.jpg","contentUrl":"https:\/\/www.doellken-lighting.com\/wp-content\/uploads\/2017\/12\/Doellken_Lighting_Philosophie_1_neu_neu-e1571860411729.jpg","width":1800,"height":1200,"caption":"Symbolbild"},{"@type":"WebPage","@id":"https:\/\/www.doellken-lighting.com\/pl\/filozofia-przedsiebiorstwa\/#webpage","url":"https:\/\/www.doellken-lighting.com\/pl\/filozofia-przedsiebiorstwa\/","name":"Filozofia przedsi\u0119biorstwa - D\u00f6llken Lighting","isPartOf":{"@id":"https:\/\/www.doellken-lighting.com\/#website"},"primaryImageOfPage":{"@id":"https:\/\/www.doellken-lighting.com\/pl\/filozofia-przedsiebiorstwa\/#primaryimage"},"datePublished":"2017-09-08T15:06:26+00:00","dateModified":"2019-10-23T20:03:52+00:00","breadcrumb":{"@id":"https:\/\/www.doellken-lighting.com\/pl\/filozofia-przedsiebiorstwa\/#breadcrumb"},"inLanguage":"pl-PL","potentialAction":[{"@type":"ReadAction","target":["https:\/\/www.doellken-lighting.com\/pl\/filozofia-przedsiebiorstwa\/"]}]},{"@type":"BreadcrumbList","@id":"https:\/\/www.doellken-lighting.com\/pl\/filozofia-przedsiebiorstwa\/#breadcrumb","itemListElement":[{"@type":"ListItem","position":1,"name":"Startseite","item":"https:\/\/www.doellken-lighting.com\/pl\/"},{"@type":"ListItem","position":2,"name":"Filozofia przedsi\u0119biorstwa"}]}]}},"_links":{"self":[{"href":"https:\/\/www.doellken-lighting.com\/pl\/wp-json\/wp\/v2\/pages\/1254"}],"collection":[{"href":"https:\/\/www.doellken-lighting.com\/pl\/wp-json\/wp\/v2\/pages"}],"about":[{"href":"https:\/\/www.doellken-lighting.com\/pl\/wp-json\/wp\/v2\/types\/page"}],"author":[{"embeddable":true,"href":"https:\/\/www.doellken-lighting.com\/pl\/wp-json\/wp\/v2\/users\/2"}],"replies":[{"embeddable":true,"href":"https:\/\/www.doellken-lighting.com\/pl\/wp-json\/wp\/v2\/comments?post=1254"}],"version-history":[{"count":5,"href":"https:\/\/www.doellken-lighting.com\/pl\/wp-json\/wp\/v2\/pages\/1254\/revisions"}],"predecessor-version":[{"id":1633,"href":"https:\/\/www.doellken-lighting.com\/pl\/wp-json\/wp\/v2\/pages\/1254\/revisions\/1633"}],"wp:attachment":[{"href":"https:\/\/www.doellken-lighting.com\/pl\/wp-json\/wp\/v2\/media?parent=1254"}],"curies":[{"name":"wp","href":"https:\/\/api.w.org\/{rel}","templated":true}]}}