{"id":1259,"date":"2017-09-08T18:03:01","date_gmt":"2017-09-08T16:03:01","guid":{"rendered":"https:\/\/www.doellken-lighting.com\/kontakt\/"},"modified":"2023-08-31T11:37:14","modified_gmt":"2023-08-31T09:37:14","slug":"kontakt","status":"publish","type":"page","link":"https:\/\/www.doellken-lighting.com\/pl\/kontakt\/","title":{"rendered":"Kontakt"},"content":{"rendered":"<div class=\"wrapper\"><div id class=\"column-section clearfix spaced-normal \"><div class=\"column two-third  \"><div class=\"spacer spacer-big\"><\/div>\n<h2>Kontakt z nasz\u0105 firm\u0105<\/h2>\n<div class=\"spacer spacer-medium\"><\/div>\n<p>Cz\u0142owiek oraz interakcja spo\u0142eczna s\u0105 kluczowe dla filozofii naszej firmy, przedsi\u0119wzi\u0119cia s\u0105 dzie\u0142em cz\u0142owieka, a na ich sukces sk\u0142ada si\u0119 praca wielu ludzi. Z przyjemno\u015bci\u0105 s\u0142u\u017cymy Pa\u0144stwu pomoc\u0105 i na pewno wsp\u00f3lnie znajdziemy doskona\u0142e rozwi\u0105zanie.<\/p>\n<div class=\"spacer spacer-big\"><\/div><\/div><div class=\"column one-third last-col \"><\/div><\/div><\/div><div class=\"no-wrapper\"><div id class=\"column-section clearfix spaced-normal \"><div class=\"column one-full last-col \">\n<p><noscript><img class=\"aligncenter size-full wp-image-566\" src=\"http:\/\/doellken.youbilab.com\/wp-content\/uploads\/2017\/12\/Doellken_Lighting_Kontakt_Header_neu.jpg\" alt width=\"3000\" height=\"2000\" srcset=\"https:\/\/www.doellken-lighting.com\/wp-content\/uploads\/2017\/12\/Doellken_Lighting_Kontakt_Header_neu.jpg 3000w, https:\/\/www.doellken-lighting.com\/wp-content\/uploads\/2017\/12\/Doellken_Lighting_Kontakt_Header_neu-900x600.jpg 900w, https:\/\/www.doellken-lighting.com\/wp-content\/uploads\/2017\/12\/Doellken_Lighting_Kontakt_Header_neu-1800x1200.jpg 1800w, https:\/\/www.doellken-lighting.com\/wp-content\/uploads\/2017\/12\/Doellken_Lighting_Kontakt_Header_neu-768x512.jpg 768w, https:\/\/www.doellken-lighting.com\/wp-content\/uploads\/2017\/12\/Doellken_Lighting_Kontakt_Header_neu-420x280.jpg 420w, https:\/\/www.doellken-lighting.com\/wp-content\/uploads\/2017\/12\/Doellken_Lighting_Kontakt_Header_neu-600x400.jpg 600w, https:\/\/www.doellken-lighting.com\/wp-content\/uploads\/2017\/12\/Doellken_Lighting_Kontakt_Header_neu-1290x860.jpg 1290w, https:\/\/www.doellken-lighting.com\/wp-content\/uploads\/2017\/12\/Doellken_Lighting_Kontakt_Header_neu-300x200.jpg 300w, https:\/\/www.doellken-lighting.com\/wp-content\/uploads\/2017\/12\/Doellken_Lighting_Kontakt_Header_neu-1024x683.jpg 1024w\" sizes=\"(max-width: 3000px) 100vw, 3000px\"><\/noscript><img class=\"aligncenter size-full wp-image-566 lazyload\" src=\"data:image\/svg+xml,%3Csvg%20xmlns%3D%22http%3A%2F%2Fwww.w3.org%2F2000%2Fsvg%22%20viewBox%3D%220%200%203000%202000%22%3E%3C%2Fsvg%3E\" alt width=\"3000\" height=\"2000\" srcset=\"data:image\/svg+xml,%3Csvg%20xmlns%3D%22http%3A%2F%2Fwww.w3.org%2F2000%2Fsvg%22%20viewBox%3D%220%200%203000%202000%22%3E%3C%2Fsvg%3E 3000w\" sizes=\"(max-width: 3000px) 100vw, 3000px\" data-srcset=\"https:\/\/www.doellken-lighting.com\/wp-content\/uploads\/2017\/12\/Doellken_Lighting_Kontakt_Header_neu.jpg 3000w, https:\/\/www.doellken-lighting.com\/wp-content\/uploads\/2017\/12\/Doellken_Lighting_Kontakt_Header_neu-900x600.jpg 900w, https:\/\/www.doellken-lighting.com\/wp-content\/uploads\/2017\/12\/Doellken_Lighting_Kontakt_Header_neu-1800x1200.jpg 1800w, https:\/\/www.doellken-lighting.com\/wp-content\/uploads\/2017\/12\/Doellken_Lighting_Kontakt_Header_neu-768x512.jpg 768w, https:\/\/www.doellken-lighting.com\/wp-content\/uploads\/2017\/12\/Doellken_Lighting_Kontakt_Header_neu-420x280.jpg 420w, https:\/\/www.doellken-lighting.com\/wp-content\/uploads\/2017\/12\/Doellken_Lighting_Kontakt_Header_neu-600x400.jpg 600w, https:\/\/www.doellken-lighting.com\/wp-content\/uploads\/2017\/12\/Doellken_Lighting_Kontakt_Header_neu-1290x860.jpg 1290w, https:\/\/www.doellken-lighting.com\/wp-content\/uploads\/2017\/12\/Doellken_Lighting_Kontakt_Header_neu-300x200.jpg 300w, https:\/\/www.doellken-lighting.com\/wp-content\/uploads\/2017\/12\/Doellken_Lighting_Kontakt_Header_neu-1024x683.jpg 1024w\" data-src=\"http:\/\/doellken.youbilab.com\/wp-content\/uploads\/2017\/12\/Doellken_Lighting_Kontakt_Header_neu.jpg\"><\/p>\n<\/div><\/div><\/div><div class=\"fullwidth-section text-dark\" style=\"background-color:#f7f5f2\"><div class=\"fullwidth-content\" style=\"padding-top:100px;padding-bottom:100px;\"><div class=\"wrapper\"><div id class=\"column-section clearfix spaced-normal \"><div class=\"column two-third  \">\n<h2>Kontakt<\/h2>\n<div class=\"spacer spacer-medium\"><\/div>\n<p>Czekamy na Pa\u0144stwa maile dotycz\u0105ce projekt\u00f3w, pomys\u0142\u00f3w na specjalistyczne o\u015bwietlenie, czy te\u017c innej mo\u017cliwo\u015bci wsp\u00f3\u0142pracy. Zach\u0119camy do bezpo\u015bredniego kontaktu lub wykorzystania formularza kontaktowego.<\/p>\n<\/div><div class=\"column one-third last-col \"><\/div><\/div><\/div><div class=\"spacer spacer-medium\"><\/div><div class=\"wrapper\"><div id class=\"column-section clearfix spaced-normal \"><div class=\"column one-third  \"><div class=\"spacer spacer-medium\"><\/div>\n<h3 style=\"text-decoration: none; border-bottom: 1px solid #000000; padding-top: 7px;\">Joanna Warszawska<\/h3>\n<p><span class=\"outlook-search-highlight\" data-markjs=\"true\">International<\/span> Sales Manager<\/p>\n<p><a href=\"mailto:Joanna.Warszawska@doellken-profiles.com \">joanna.warszawska@doellken-profiles.com<\/a><br>\nTel.: +48 533 59 08 99<\/p>\n<\/div><div class=\"column one-third  \"><div class=\"spacer spacer-medium\"><\/div>\n<h3 style=\"text-decoration: none; border-bottom: 1px solid #000000; padding-top: 7px;\">Office<\/h3>\n<p>B\u00f6nen &#8211; Niemcy<\/p>\n<p><a href=\"mailto:info@doellken-lighting.com\">info@doellken-lighting.com<\/a><br>\nTel.: +49 36 43 \/ 4 17 04 00<\/p>\n<\/div><div class=\"column one-third last-col \"><\/div><\/div><\/div><\/div><\/div><div class=\"spacer spacer-big\"><\/div><div class=\"wrapper\"><div id class=\"column-section clearfix spaced-normal \"><div class=\"column two-third  \">\n<h2>Formularz kontaktowy<\/h2>\n<div class=\"spacer spacer-medium\"><\/div>\n<p>Po z\u0142o\u017ceniu zapytania za pomoc\u0105 formularza kontaktowego, zostanie ono przekazane do odpowiedniej osoby, kt\u00f3ra niezw\u0142ocznie si\u0119 z Pa\u0144stwem skontaktuje.<\/p>\n<div class=\"spacer spacer-medium\"><\/div>\n<div role=\"form\" class=\"wpcf7\" id=\"wpcf7-f1424-o1\" lang=\"de-DE\" dir=\"ltr\">\n<div class=\"screen-reader-response\"><p role=\"status\" aria-live=\"polite\" aria-atomic=\"true\"><\/p> <ul><\/ul><\/div>\n<form action=\"\/pl\/wp-json\/wp\/v2\/pages\/1259#wpcf7-f1424-o1\" method=\"post\" class=\"wpcf7-form init\" novalidate=\"novalidate\" data-status=\"init\">\n<div style=\"display: none;\">\n<input type=\"hidden\" name=\"_wpcf7\" value=\"1424\">\n<input type=\"hidden\" name=\"_wpcf7_version\" value=\"5.5.6\">\n<input type=\"hidden\" name=\"_wpcf7_locale\" value=\"de_DE\">\n<input type=\"hidden\" name=\"_wpcf7_unit_tag\" value=\"wpcf7-f1424-o1\">\n<input type=\"hidden\" name=\"_wpcf7_container_post\" value=\"0\">\n<input type=\"hidden\" name=\"_wpcf7_posted_data_hash\" value>\n<\/div>\n<p><label>Imi\u0119 i nazwisko (Pole obowi\u0105zkowe)<br>\n    <span class=\"wpcf7-form-control-wrap your-name\"><input type=\"text\" name=\"your-name\" value size=\"40\" class=\"wpcf7-form-control wpcf7-text wpcf7-validates-as-required\" aria-required=\"true\" aria-invalid=\"false\"><\/span> <\/label><\/p>\n<p><label> Adres e-mail (Pole obowi\u0105zkowe)<br>\n    <span class=\"wpcf7-form-control-wrap your-email\"><input type=\"email\" name=\"your-email\" value size=\"40\" class=\"wpcf7-form-control wpcf7-text wpcf7-email wpcf7-validates-as-required wpcf7-validates-as-email\" aria-required=\"true\" aria-invalid=\"false\"><\/span> <\/label><\/p>\n<p><label> Numer telefonu<br>\n    <span class=\"wpcf7-form-control-wrap your-phone\"><input type=\"text\" name=\"your-phone\" value size=\"40\" class=\"wpcf7-form-control wpcf7-text\" aria-invalid=\"false\"><\/span> <\/label><\/p>\n<p><label> Dotyczy<br>\n    <span class=\"wpcf7-form-control-wrap your-subject\"><input type=\"text\" name=\"your-subject\" value size=\"40\" class=\"wpcf7-form-control wpcf7-text\" aria-invalid=\"false\"><\/span> <\/label><\/p>\n<p><label> Wiadomo\u015b\u0107<br>\n    <span class=\"wpcf7-form-control-wrap your-message\"><textarea name=\"your-message\" cols=\"40\" rows=\"10\" class=\"wpcf7-form-control wpcf7-textarea\" aria-invalid=\"false\"><\/textarea><\/span> <\/label><\/p>\n<p><label><span class=\"wpcf7-form-control-wrap acceptance-896\"><span class=\"wpcf7-form-control wpcf7-acceptance\"><span class=\"wpcf7-list-item\"><label><input type=\"checkbox\" name=\"acceptance-896\" value=\"1\" aria-invalid=\"false\"><span class=\"wpcf7-list-item-label\">O\u015bwiadczam, \u017ce zapozna\u0142em si\u0119 z <a href=\"\/privacy-policy\/?lang=en\" target=\"_blank\">ochron\u0105 danych<\/a> \/ <a href=\"\/wp-content\/uploads\/2018\/05\/Informationspflicht-nach-Art-13-und-14-DSGVO_ENG.pdf\" target=\"_blank\">polityk\u0105 bezpiecze\u0144stwa<\/a> firmy i wyra\u017cam zgod\u0119 na przetwarzanie moich danych osobowych.<\/span><\/label><\/span><\/span><\/span><\/label><\/p>\n<p><input type=\"submit\" value=\"Wy\u015blij\" class=\"wpcf7-form-control has-spinner wpcf7-submit\"><\/p>\n<div class=\"wpcf7-response-output\" aria-hidden=\"true\"><\/div><\/form><\/div>\n<div class=\"spacer spacer-medium\"><\/div>\n<p><a href=\"mailto:info@doellken-profiles.com?subject=Wycofanie%20zgody%20na%20przetwarzanie%20vdanych%20osobowych&amp;body=Szanowni%20Pa\u0144stwo%2C%20%0A%0Aniniejszym%20odwo\u0142uj\u0119%20wyra\u017con\u0105%20przeze%20mnie%20zgod\u0119%20na%20przetwarzanie%20moich%20danych%20osobowych%20i%20prosz\u0119%20o%20ich%20usuni\u0119cie.%20W%20celu%20%identyfikacji%20zapisanych%20danych%20podaj\u0119%20nast\u0119puj\u0105ce%20informacje%20(dane%20nie%20zostan\u0105%20zapisane)%3A%20%20%0A%0Aimi\u0119%3A%20%0Anazwisko%3A%20%20%20%0Amiasto%3A%20%0Aadres%3A\">Odwo\u0142anie zgody na przetwarzanie danych osobowych<\/a><\/p>\n<div class=\"spacer spacer-big\"><\/div><\/div><div class=\"column one-third last-col \"><\/div><\/div><\/div>\n","protected":false},"excerpt":{"rendered":"","protected":false},"author":2,"featured_media":0,"parent":0,"menu_order":0,"comment_status":"closed","ping_status":"closed","template":"","meta":[],"yoast_head":"<!-- This site is optimized with the Yoast SEO Premium plugin v18.1 (Yoast SEO v18.3) - https:\/\/yoast.com\/wordpress\/plugins\/seo\/ -->\n<title>Kontakt - D\u00f6llken Lighting<\/title>\n<meta name=\"robots\" content=\"index, follow, max-snippet:-1, max-image-preview:large, max-video-preview:-1\" \/>\n<link rel=\"canonical\" href=\"https:\/\/www.doellken-lighting.com\/pl\/kontakt\/\" \/>\n<meta property=\"og:locale\" content=\"pl_PL\" \/>\n<meta property=\"og:type\" content=\"article\" \/>\n<meta property=\"og:title\" content=\"Kontakt\" \/>\n<meta property=\"og:url\" content=\"https:\/\/www.doellken-lighting.com\/pl\/kontakt\/\" \/>\n<meta property=\"og:site_name\" content=\"D\u00f6llken Lighting\" \/>\n<meta property=\"article:publisher\" content=\"https:\/\/www.facebook.com\/doellkenlighting\/\" \/>\n<meta property=\"article:modified_time\" content=\"2023-08-31T09:37:14+00:00\" \/>\n<meta property=\"og:image\" content=\"http:\/\/doellken.youbilab.com\/wp-content\/uploads\/2017\/12\/Doellken_Lighting_Kontakt_Header_neu.jpg\" \/>\n<meta name=\"twitter:card\" content=\"summary_large_image\" \/>\n<meta name=\"twitter:label1\" content=\"Szacowany czas czytania\" \/>\n\t<meta name=\"twitter:data1\" content=\"2 minuty\" \/>\n<script type=\"application\/ld+json\" class=\"yoast-schema-graph\">{\"@context\":\"https:\/\/schema.org\",\"@graph\":[{\"@type\":\"Organization\",\"@id\":\"https:\/\/www.doellken-lighting.com\/#organization\",\"name\":\"D\u00f6llken Lighting\",\"url\":\"https:\/\/www.doellken-lighting.com\/\",\"sameAs\":[\"https:\/\/www.facebook.com\/doellkenlighting\/\",\"https:\/\/www.instagram.com\/doellkenlighting\/\",\"https:\/\/www.youtube.com\/channel\/UCaQBiul1oqA25Zk0X_vkAAQ\"],\"logo\":{\"@type\":\"ImageObject\",\"@id\":\"https:\/\/www.doellken-lighting.com\/#logo\",\"inLanguage\":\"pl-PL\",\"url\":\"https:\/\/www.doellken-lighting.com\/wp-content\/uploads\/2020\/01\/doellken_lighting_logo_cookie.png\",\"contentUrl\":\"https:\/\/www.doellken-lighting.com\/wp-content\/uploads\/2020\/01\/doellken_lighting_logo_cookie.png\",\"width\":250,\"height\":40,\"caption\":\"D\u00f6llken Lighting\"},\"image\":{\"@id\":\"https:\/\/www.doellken-lighting.com\/#logo\"}},{\"@type\":\"WebSite\",\"@id\":\"https:\/\/www.doellken-lighting.com\/#website\",\"url\":\"https:\/\/www.doellken-lighting.com\/\",\"name\":\"D\u00f6llken Lighting\",\"description\":\"Das Infinite Light System\",\"publisher\":{\"@id\":\"https:\/\/www.doellken-lighting.com\/#organization\"},\"potentialAction\":[{\"@type\":\"SearchAction\",\"target\":{\"@type\":\"EntryPoint\",\"urlTemplate\":\"https:\/\/www.doellken-lighting.com\/?s={search_term_string}\"},\"query-input\":\"required name=search_term_string\"}],\"inLanguage\":\"pl-PL\"},{\"@type\":\"ImageObject\",\"@id\":\"https:\/\/www.doellken-lighting.com\/pl\/kontakt\/#primaryimage\",\"inLanguage\":\"pl-PL\",\"url\":\"http:\/\/doellken.youbilab.com\/wp-content\/uploads\/2017\/12\/Doellken_Lighting_Kontakt_Header_neu.jpg\",\"contentUrl\":\"http:\/\/doellken.youbilab.com\/wp-content\/uploads\/2017\/12\/Doellken_Lighting_Kontakt_Header_neu.jpg\"},{\"@type\":\"WebPage\",\"@id\":\"https:\/\/www.doellken-lighting.com\/pl\/kontakt\/#webpage\",\"url\":\"https:\/\/www.doellken-lighting.com\/pl\/kontakt\/\",\"name\":\"Kontakt - D\u00f6llken Lighting\",\"isPartOf\":{\"@id\":\"https:\/\/www.doellken-lighting.com\/#website\"},\"primaryImageOfPage\":{\"@id\":\"https:\/\/www.doellken-lighting.com\/pl\/kontakt\/#primaryimage\"},\"datePublished\":\"2017-09-08T16:03:01+00:00\",\"dateModified\":\"2023-08-31T09:37:14+00:00\",\"breadcrumb\":{\"@id\":\"https:\/\/www.doellken-lighting.com\/pl\/kontakt\/#breadcrumb\"},\"inLanguage\":\"pl-PL\",\"potentialAction\":[{\"@type\":\"ReadAction\",\"target\":[\"https:\/\/www.doellken-lighting.com\/pl\/kontakt\/\"]}]},{\"@type\":\"BreadcrumbList\",\"@id\":\"https:\/\/www.doellken-lighting.com\/pl\/kontakt\/#breadcrumb\",\"itemListElement\":[{\"@type\":\"ListItem\",\"position\":1,\"name\":\"Startseite\",\"item\":\"https:\/\/www.doellken-lighting.com\/pl\/\"},{\"@type\":\"ListItem\",\"position\":2,\"name\":\"Kontakt\"}]}]}<\/script>\n<!-- \/ Yoast SEO Premium plugin. -->","yoast_head_json":{"title":"Kontakt - D\u00f6llken Lighting","robots":{"index":"index","follow":"follow","max-snippet":"max-snippet:-1","max-image-preview":"max-image-preview:large","max-video-preview":"max-video-preview:-1"},"canonical":"https:\/\/www.doellken-lighting.com\/pl\/kontakt\/","og_locale":"pl_PL","og_type":"article","og_title":"Kontakt","og_url":"https:\/\/www.doellken-lighting.com\/pl\/kontakt\/","og_site_name":"D\u00f6llken Lighting","article_publisher":"https:\/\/www.facebook.com\/doellkenlighting\/","article_modified_time":"2023-08-31T09:37:14+00:00","og_image":[{"url":"http:\/\/doellken.youbilab.com\/wp-content\/uploads\/2017\/12\/Doellken_Lighting_Kontakt_Header_neu.jpg"}],"twitter_card":"summary_large_image","twitter_misc":{"Szacowany czas czytania":"2 minuty"},"schema":{"@context":"https:\/\/schema.org","@graph":[{"@type":"Organization","@id":"https:\/\/www.doellken-lighting.com\/#organization","name":"D\u00f6llken Lighting","url":"https:\/\/www.doellken-lighting.com\/","sameAs":["https:\/\/www.facebook.com\/doellkenlighting\/","https:\/\/www.instagram.com\/doellkenlighting\/","https:\/\/www.youtube.com\/channel\/UCaQBiul1oqA25Zk0X_vkAAQ"],"logo":{"@type":"ImageObject","@id":"https:\/\/www.doellken-lighting.com\/#logo","inLanguage":"pl-PL","url":"https:\/\/www.doellken-lighting.com\/wp-content\/uploads\/2020\/01\/doellken_lighting_logo_cookie.png","contentUrl":"https:\/\/www.doellken-lighting.com\/wp-content\/uploads\/2020\/01\/doellken_lighting_logo_cookie.png","width":250,"height":40,"caption":"D\u00f6llken Lighting"},"image":{"@id":"https:\/\/www.doellken-lighting.com\/#logo"}},{"@type":"WebSite","@id":"https:\/\/www.doellken-lighting.com\/#website","url":"https:\/\/www.doellken-lighting.com\/","name":"D\u00f6llken Lighting","description":"Das Infinite Light System","publisher":{"@id":"https:\/\/www.doellken-lighting.com\/#organization"},"potentialAction":[{"@type":"SearchAction","target":{"@type":"EntryPoint","urlTemplate":"https:\/\/www.doellken-lighting.com\/?s={search_term_string}"},"query-input":"required name=search_term_string"}],"inLanguage":"pl-PL"},{"@type":"ImageObject","@id":"https:\/\/www.doellken-lighting.com\/pl\/kontakt\/#primaryimage","inLanguage":"pl-PL","url":"http:\/\/doellken.youbilab.com\/wp-content\/uploads\/2017\/12\/Doellken_Lighting_Kontakt_Header_neu.jpg","contentUrl":"http:\/\/doellken.youbilab.com\/wp-content\/uploads\/2017\/12\/Doellken_Lighting_Kontakt_Header_neu.jpg"},{"@type":"WebPage","@id":"https:\/\/www.doellken-lighting.com\/pl\/kontakt\/#webpage","url":"https:\/\/www.doellken-lighting.com\/pl\/kontakt\/","name":"Kontakt - D\u00f6llken Lighting","isPartOf":{"@id":"https:\/\/www.doellken-lighting.com\/#website"},"primaryImageOfPage":{"@id":"https:\/\/www.doellken-lighting.com\/pl\/kontakt\/#primaryimage"},"datePublished":"2017-09-08T16:03:01+00:00","dateModified":"2023-08-31T09:37:14+00:00","breadcrumb":{"@id":"https:\/\/www.doellken-lighting.com\/pl\/kontakt\/#breadcrumb"},"inLanguage":"pl-PL","potentialAction":[{"@type":"ReadAction","target":["https:\/\/www.doellken-lighting.com\/pl\/kontakt\/"]}]},{"@type":"BreadcrumbList","@id":"https:\/\/www.doellken-lighting.com\/pl\/kontakt\/#breadcrumb","itemListElement":[{"@type":"ListItem","position":1,"name":"Startseite","item":"https:\/\/www.doellken-lighting.com\/pl\/"},{"@type":"ListItem","position":2,"name":"Kontakt"}]}]}},"_links":{"self":[{"href":"https:\/\/www.doellken-lighting.com\/pl\/wp-json\/wp\/v2\/pages\/1259"}],"collection":[{"href":"https:\/\/www.doellken-lighting.com\/pl\/wp-json\/wp\/v2\/pages"}],"about":[{"href":"https:\/\/www.doellken-lighting.com\/pl\/wp-json\/wp\/v2\/types\/page"}],"author":[{"embeddable":true,"href":"https:\/\/www.doellken-lighting.com\/pl\/wp-json\/wp\/v2\/users\/2"}],"replies":[{"embeddable":true,"href":"https:\/\/www.doellken-lighting.com\/pl\/wp-json\/wp\/v2\/comments?post=1259"}],"version-history":[{"count":14,"href":"https:\/\/www.doellken-lighting.com\/pl\/wp-json\/wp\/v2\/pages\/1259\/revisions"}],"predecessor-version":[{"id":3026,"href":"https:\/\/www.doellken-lighting.com\/pl\/wp-json\/wp\/v2\/pages\/1259\/revisions\/3026"}],"wp:attachment":[{"href":"https:\/\/www.doellken-lighting.com\/pl\/wp-json\/wp\/v2\/media?parent=1259"}],"curies":[{"name":"wp","href":"https:\/\/api.w.org\/{rel}","templated":true}]}}