{"id":1262,"date":"2017-12-03T10:42:41","date_gmt":"2017-12-03T09:42:41","guid":{"rendered":"https:\/\/www.doellken-lighting.com\/faq\/"},"modified":"2018-11-20T14:35:48","modified_gmt":"2018-11-20T13:35:48","slug":"faq","status":"publish","type":"page","link":"https:\/\/www.doellken-lighting.com\/pl\/faq\/","title":{"rendered":"FAQ"},"content":{"rendered":"<div class=\"wrapper\"><div id=\"\" class=\"column-section clearfix spaced-normal \"><div  class=\"column two-third  \" ><div class=\"spacer spacer-big\"><\/div>\n<h2>FAQ<\/h2>\n<div class=\"spacer spacer-big\"><\/div>\n<h3>Co oznacza ekstruzja \/ ekstrudowany?<\/h3>\n<div class=\"spacer spacer-small\"><\/div>\n<p>Ekstruzja jest rodzajem obr\u00f3bki plastycznej tworzyw sztucznych, podczas kt\u00f3rej materia\u0142 \u2013 w tym wypadku tworzywo sztuczne &#8211; pod naciskiem stempla wyp\u0142ywa przez specjalnie przygotowane w narz\u0119dziu otwory i uzyskuje zdefiniowan\u0105 form\u0119.<\/p>\n<p>W ci\u0105g\u0142ym procesie ekstruzji D\u00f6llken Lighting powlekamy nasze ta\u015bmy ledowe w wcze\u015bniej stopionym tworzywem sztucznym. Ze wzgl\u0119du na zr\u00f3\u017cnicowane receptury poszczeg\u00f3lnych materia\u0142\u00f3w przeprowadzamy niezwykle skomplikowany technologicznie proces koekstruzji.<\/p>\n<div class=\"spacer spacer-medium\"><\/div><\/div><div  class=\"column one-third last-col \" ><\/div><\/div><\/div><div class=\"wrapper\"><div id=\"\" class=\"column-section clearfix spaced-normal \"><div  class=\"column two-third  \" >\n<h3>Czy ta\u015bmy ledowe D\u00f6llken Lighting zawieraj\u0105 PVC?<\/h3>\n<div class=\"spacer spacer-small\"><\/div>\n<p>Nie, \u017cadne z naszych produkt\u00f3w, zar\u00f3wno powlekane tworzywem ta\u015bmy ledowe, jak i wszelkiego rodzaju \u0142\u0105czenia czy kable, nie zawieraj\u0105 PVC ani innych zawieraj\u0105cych chlor substancji. Wszystkie stosowane u nas materia\u0142y odpowiadaj\u0105 normie REACH. W miar\u0119 mo\u017cliwo\u015bci wykorzystujemy powsta\u0142y odpad lub organizujemy jego odpowiednie zagospodarowanie.<\/p>\n<div class=\"spacer spacer-medium\"><\/div><\/div><div  class=\"column one-third last-col \" ><\/div><\/div><\/div><div class=\"wrapper\"><div id=\"\" class=\"column-section clearfix spaced-normal \"><div  class=\"column two-third  \" >\n<h3>Gdzie s\u0105 produkowane nasze produkty?<\/h3>\n<div class=\"spacer spacer-small\"><\/div>\n<p>Wszystkie nasze paski oraz ta\u015bmy ledowe produkowane s\u0105 w Niemczech, poszczeg\u00f3lne komponenty takie jak diody zamawiamy u znanych dostawc\u00f3w gwarantuj\u0105cych wysok\u0105 jako\u015b\u0107 produkt\u00f3w. Nasze ta\u015bmy ledowe to w 100% niemiecki wyr\u00f3b, a nie produkt innego dostawcy.<\/p>\n<div class=\"spacer spacer-medium\"><\/div><\/div><div  class=\"column one-third last-col \" ><\/div><\/div><\/div><div class=\"wrapper\"><div id=\"\" class=\"column-section clearfix spaced-normal \"><div  class=\"column two-third  \" >\n<h3>Co oznacza DualWhite?<\/h3>\n<div class=\"spacer spacer-small\"><\/div>\n<p>Ta\u015bmy ledowe w wariancie Dual White (nazwa ta wyst\u0119puje ju\u017c w okre\u015bleniu produktu np. CoreFlex 14\/DualWhite) zawieraj\u0105 dwie r\u00f3\u017cne, bia\u0142e diody \u2013 jedn\u0105 diod\u0119 o temperaturze 2.700 K (bia\u0142y ciep\u0142y), a drug\u0105 o temperaturze 5.000 K (bia\u0142y zimny). Jeden produkt przy u\u017cyciu odpowiednich sterownik\u00f3w umo\u017cliwia dostosowanie temperatury \u015bwiat\u0142a wed\u0142ug uznania lub pory dnia.<\/p>\n<div class=\"spacer spacer-medium\"><\/div><\/div><div  class=\"column one-third last-col \" ><\/div><\/div><\/div><div class=\"wrapper\"><div id=\"\" class=\"column-section clearfix spaced-normal \"><div  class=\"column two-third  \" >\n<h3>Czy ta\u015bma ledowa MultiColor Flex odzwierciedla zmian\u0119 barw RGB?<\/h3>\n<div class=\"spacer spacer-small\"><\/div>\n<p>Ta\u015bma ledowa MultiColor Flex w wersji 14\/RGB lub 14\/RGBW dost\u0119pna jest w wersji single white, dual white oraz RGB. Nazwa produktu \u201emultiColorFlex\u201d wzi\u0119\u0142a si\u0119 st\u0105d, i\u017c by\u0142a to jedna z naszych pierwszych ta\u015bm ledowych, kt\u00f3ra posiada\u0142a bia\u0142\u0105 powierzchni\u0119 boczn\u0105 i g\u00f3rn\u0105. Nawet wy\u0142\u0105czona ta\u015bma ledowa mo\u017ce stanowi\u0107 obecnie element dekoracyjny, gdy\u017c oferowana jest w dowolnym kolorze.<\/p>\n<div class=\"spacer spacer-medium\"><\/div><\/div><div  class=\"column one-third last-col \" ><\/div><\/div><\/div><div class=\"wrapper\"><div id=\"\" class=\"column-section clearfix spaced-normal \"><div  class=\"column two-third  \" >\n<h3>Czy ta\u015bma ledowa LinearColor Flex zmienia kolory wed\u0142ug modelu RGB?<\/h3>\n<div class=\"spacer spacer-small\"><\/div>\n<p>Ta\u015bma ledowa LinearColor Flex oferowana jest zar\u00f3wno w wersji RGB-\/RGBW, z bia\u0142ym \u015bwiat\u0142em o r\u00f3\u017cnych temperaturach barwowych jak i w wersji DualWhite.<br \/>\nNazwa LinearColor Flex podobnie jak MultiColor Flex wzi\u0119\u0142a si\u0119 st\u0105d, i\u017c sama ta\u015bma mo\u017ce by\u0107 oferowana w dowolnym kolorze i stanowi\u0107 sama w sobie element dekoracyjny. Ten wariant ta\u015bmy ledowej wykorzystywany jest przede wszystkim przy koncepcji Corporate Lighting Design.<\/p>\n<div class=\"spacer spacer-medium\"><\/div><\/div><div  class=\"column one-third last-col \" ><\/div><\/div><\/div><div class=\"wrapper\"><div id=\"\" class=\"column-section clearfix spaced-normal \"><div  class=\"column two-third  \" >\n<h3>Czy ta\u015bmy ledowe D\u00f6llken Lighting nadaj\u0105 si\u0119 do wykorzystania na zewn\u0105trz I pod wod\u0105?<\/h3>\n<div class=\"spacer spacer-small\"><\/div>\n<p>Ta\u015bmy ledowe dzi\u0119ki zastosowaniu w procesie ekstruzji specjalnej technologii powlekania posiadaj\u0105 stopie\u0144 ochrony IP68, czyli s\u0105 odporne na ci\u0105g\u0142e zanurzenie w wodzie. W zwi\u0105zku z powy\u017cszym nie ma \u017cadnych przeciwskaza\u0144 do wykorzystywania ich na zewn\u0105trz. Nasze produkty by\u0142y testowane nawet 3250m pod wod\u0105 \u2013 zar\u00f3wno ta\u015bmy ledowe, jak i \u0142\u0105czenia, zako\u0144czenia i po\u0142\u0105czenia ta\u015bmy z kablem. Dzi\u0119ki zastosowaniu opatentowanego systemu po\u0142\u0105cze\u0144 uzyskali\u015bmy certyfikat IP68 na ca\u0142y produkt, kt\u00f3ry jest odporny r\u00f3wnie\u017c na wilgo\u0107 przedostaj\u0105c\u0105 si\u0119 przez zjawiska kapilarne.<\/p>\n<div class=\"spacer spacer-medium\"><\/div><\/div><div  class=\"column one-third last-col \" ><\/div><\/div><\/div><div class=\"wrapper\"><div id=\"\" class=\"column-section clearfix spaced-normal \"><div  class=\"column two-third  \" >\n<h3>W jakich miejscach mo\u017cna montowa\u0107 o\u015bwietlenie ledowe?<\/h3>\n<div class=\"spacer spacer-small\"><\/div>\n<p>Nasze produkty o stopniu ochrony IP68 oraz IK10 \u015bwietnie nadaj\u0105 si\u0119 do wykorzystania na zewn\u0105trz lub w miejscach nara\u017conych na dzia\u0142ania mechaniczne lub niekorzystne warunki klimatyczne. Stosuj\u0105c ta\u015bmy ledowe w pomieszczeniach mamy pewno\u015b\u0107, \u017ce b\u0119d\u0105 odporne na dzia\u0142anie wszelkich \u015brodk\u00f3w czysto\u015bci, dotyk lub wilgo\u0107.<\/p>\n<div class=\"spacer spacer-medium\"><\/div><\/div><div  class=\"column one-third last-col \" ><\/div><\/div><\/div><div class=\"wrapper\"><div id=\"\" class=\"column-section clearfix spaced-normal \"><div  class=\"column two-third  \" >\n<h3>Jak mocowane s\u0105 ta\u015bmy ledowe?<\/h3>\n<div class=\"spacer spacer-small\"><\/div>\n<p>Do bezpiecznego mocowania wszystkich ekstrudowanych ta\u015bm zaprojektowali\u015bmy specjalne profile monta\u017cowe z aluminium. Rysunki techniczne tych profili znajd\u0105 Pa\u0144stwo w zak\u0142adce produktu na naszej stronie internetowej lub w karcie produktu danej ta\u015bmy ledowej. Nasze produkty mo\u017cna montowa\u0107 r\u00f3wnie\u017c na specjalnie do tego celu dedykowanym kleju monta\u017cowym. W zale\u017cno\u015bci od projektu, miejsca monta\u017cu i zamierzonego efektu, dobieramy dla Pa\u0144stwa odpowiedni klej lub profil.<\/p>\n<div class=\"spacer spacer-medium\"><\/div><\/div><div  class=\"column one-third last-col \" ><\/div><\/div><\/div><div class=\"wrapper\"><div id=\"\" class=\"column-section clearfix spaced-normal \"><div  class=\"column two-third  \" >\n<h3>Czy profile aluminiowe mo\u017cna stosowa\u0107 r\u00f3wnie\u017c do podwodnych instalacji?<\/h3>\n<div class=\"spacer spacer-small\"><\/div>\n<p>Aluminium nadaje si\u0119 tylko warunkowo do zastosowania pod wod\u0105. Do monta\u017cu pod wod\u0105 polecamy odpowiednie kleje monta\u017cowe. Typy klej\u00f3w monta\u017cowych zale\u017c\u0105 od pod\u0142o\u017ca, do kt\u00f3rego maj\u0105 by\u0107 przyklejane ta\u015bmy ledowe. Do monta\u017cu nietypowych rozwi\u0105za\u0144 proponujemy specjalne profile ze stali szlachetnej lub tworzywa sztucznego.<\/p>\n<div class=\"spacer spacer-medium\"><\/div><\/div><div  class=\"column one-third last-col \" ><\/div><\/div><\/div><div class=\"wrapper\"><div id=\"\" class=\"column-section clearfix spaced-normal \"><div  class=\"column two-third  \" >\n<h3>Czy ta\u015bmy ledowe mo\u017cna sterowa\u0107 za pomoc\u0105 DALI-\/0-10V-\/DMX?<\/h3>\n<div class=\"spacer spacer-small\"><\/div>\n<p>Naszymi ta\u015bmami ledowymi mo\u017cna sterowa\u0107 przy u\u017cyciu powszechnych sterownik\u00f3w o\u015bwietleniowych. \u017beby zagwarantowa\u0107 odpowiednie przyciemnianie wszystkie urz\u0105dzenia musz\u0105 koniecznie posiada\u0107 modulacj\u0119 szeroko\u015bci impuls\u00f3w PWM.<\/p>\n<div class=\"spacer spacer-medium\"><\/div><\/div><div  class=\"column one-third last-col \" ><\/div><\/div><\/div><div class=\"wrapper\"><div id=\"\" class=\"column-section clearfix spaced-normal \"><div  class=\"column two-third  \" >\n<h3>Jaka jest maksymalna d\u0142ugo\u015b\u0107 kabli?<\/h3>\n<div class=\"spacer spacer-small\"><\/div>\n<p>Ze wzgl\u0119du na r\u00f3\u017cnice napi\u0119cia maksymalna d\u0142ugo\u015b\u0107 kabli uzale\u017cniona jest od takich czynnik\u00f3w jak \u015brednica kabla oraz d\u0142ugo\u015bci ta\u015bmy ledowej. Jako wytyczn\u0105 przyj\u0119li\u015bmy d\u0142ugo\u015b\u0107 pi\u0119ciu metr\u00f3w. Jednak\u017ce w porozumieniu z klientem, w zale\u017cno\u015bci od projektu czy okre\u015blonego rozwi\u0105zania mo\u017cemy dopasowa\u0107 indywidulan\u0105 d\u0142ugo\u015b\u0107 kabla.<\/p>\n<div class=\"spacer spacer-medium\"><\/div><\/div><div  class=\"column one-third last-col \" ><\/div><\/div><\/div><div class=\"wrapper\"><div id=\"\" class=\"column-section clearfix spaced-normal \"><div  class=\"column two-third  \" >\n<h3>Czy migotanie wyst\u0119puje r\u00f3wnie\u017c w ta\u015bmach ledowych?<\/h3>\n<div class=\"spacer spacer-small\"><\/div>\n<p>Migotanie to fenomen polegaj\u0105cy na po\u0142\u0105czeniu dzia\u0142ania danego statecznika lub sterownika z r\u00f3wnoczesnym \u015bciemnianiem diod LED. Dzi\u0119ki zastosowaniu wysokiej jako\u015bci opornik\u00f3w migotanie led\u00f3w staje si\u0119 niezauwa\u017calne.<\/p>\n<div class=\"spacer spacer-medium\"><\/div><\/div><div  class=\"column one-third last-col \" ><\/div><\/div><\/div><div class=\"wrapper\"><div id=\"\" class=\"column-section clearfix spaced-normal \"><div  class=\"column two-third  \" >\n<h3>Czy ta\u015bmy ledowe mog\u0105 by\u0107 produkowane w specjalnych kolorach (barwa \u015bwiat\u0142a i pow\u0142oka)?<\/h3>\n<div class=\"spacer spacer-small\"><\/div>\n<p>Dzi\u0119ki zastosowaniu ekstruzji mo\u017cemy indywidualnie barwi\u0107 powierzchnie g\u00f3rne i boczne prawie wszystkich naszych produkt\u00f3w i tym samym spe\u0142nia\u0107 wymagania konceptu Corporate Lighting Design lub selekcjonowa\u0107 poszczeg\u00f3lne spektra \u015bwiat\u0142a. W celu otrzymania szczeg\u00f3\u0142owych informacji na ten temat prosimy o bezpo\u015bredni kontakt z nasz\u0105 firm\u0105.<\/p>\n<div class=\"spacer spacer-big\"><\/div><\/div><div  class=\"column one-third last-col \" ><\/div><\/div><\/div>\n","protected":false},"excerpt":{"rendered":"","protected":false},"author":2,"featured_media":0,"parent":0,"menu_order":0,"comment_status":"closed","ping_status":"closed","template":"","meta":[],"yoast_head":"<!-- This site is optimized with the Yoast SEO Premium plugin v18.1 (Yoast SEO v18.3) - https:\/\/yoast.com\/wordpress\/plugins\/seo\/ -->\n<title>FAQ - D\u00f6llken Lighting<\/title>\n<meta name=\"robots\" content=\"index, follow, max-snippet:-1, max-image-preview:large, max-video-preview:-1\" \/>\n<link rel=\"canonical\" href=\"https:\/\/www.doellken-lighting.com\/pl\/faq\/\" \/>\n<meta property=\"og:locale\" content=\"pl_PL\" \/>\n<meta property=\"og:type\" content=\"article\" \/>\n<meta property=\"og:title\" content=\"FAQ\" \/>\n<meta property=\"og:url\" content=\"https:\/\/www.doellken-lighting.com\/pl\/faq\/\" \/>\n<meta property=\"og:site_name\" content=\"D\u00f6llken Lighting\" \/>\n<meta property=\"article:publisher\" content=\"https:\/\/www.facebook.com\/doellkenlighting\/\" \/>\n<meta property=\"article:modified_time\" content=\"2018-11-20T13:35:48+00:00\" \/>\n<meta name=\"twitter:card\" content=\"summary_large_image\" \/>\n<meta name=\"twitter:label1\" content=\"Szacowany czas czytania\" \/>\n\t<meta name=\"twitter:data1\" content=\"7 minut\" \/>\n<script type=\"application\/ld+json\" class=\"yoast-schema-graph\">{\"@context\":\"https:\/\/schema.org\",\"@graph\":[{\"@type\":\"Organization\",\"@id\":\"https:\/\/www.doellken-lighting.com\/#organization\",\"name\":\"D\u00f6llken Lighting\",\"url\":\"https:\/\/www.doellken-lighting.com\/\",\"sameAs\":[\"https:\/\/www.facebook.com\/doellkenlighting\/\",\"https:\/\/www.instagram.com\/doellkenlighting\/\",\"https:\/\/www.youtube.com\/channel\/UCaQBiul1oqA25Zk0X_vkAAQ\"],\"logo\":{\"@type\":\"ImageObject\",\"@id\":\"https:\/\/www.doellken-lighting.com\/#logo\",\"inLanguage\":\"pl-PL\",\"url\":\"https:\/\/www.doellken-lighting.com\/wp-content\/uploads\/2020\/01\/doellken_lighting_logo_cookie.png\",\"contentUrl\":\"https:\/\/www.doellken-lighting.com\/wp-content\/uploads\/2020\/01\/doellken_lighting_logo_cookie.png\",\"width\":250,\"height\":40,\"caption\":\"D\u00f6llken Lighting\"},\"image\":{\"@id\":\"https:\/\/www.doellken-lighting.com\/#logo\"}},{\"@type\":\"WebSite\",\"@id\":\"https:\/\/www.doellken-lighting.com\/#website\",\"url\":\"https:\/\/www.doellken-lighting.com\/\",\"name\":\"D\u00f6llken Lighting\",\"description\":\"Das Infinite Light System\",\"publisher\":{\"@id\":\"https:\/\/www.doellken-lighting.com\/#organization\"},\"potentialAction\":[{\"@type\":\"SearchAction\",\"target\":{\"@type\":\"EntryPoint\",\"urlTemplate\":\"https:\/\/www.doellken-lighting.com\/?s={search_term_string}\"},\"query-input\":\"required name=search_term_string\"}],\"inLanguage\":\"pl-PL\"},{\"@type\":\"WebPage\",\"@id\":\"https:\/\/www.doellken-lighting.com\/pl\/faq\/#webpage\",\"url\":\"https:\/\/www.doellken-lighting.com\/pl\/faq\/\",\"name\":\"FAQ - D\u00f6llken Lighting\",\"isPartOf\":{\"@id\":\"https:\/\/www.doellken-lighting.com\/#website\"},\"datePublished\":\"2017-12-03T09:42:41+00:00\",\"dateModified\":\"2018-11-20T13:35:48+00:00\",\"breadcrumb\":{\"@id\":\"https:\/\/www.doellken-lighting.com\/pl\/faq\/#breadcrumb\"},\"inLanguage\":\"pl-PL\",\"potentialAction\":[{\"@type\":\"ReadAction\",\"target\":[\"https:\/\/www.doellken-lighting.com\/pl\/faq\/\"]}]},{\"@type\":\"BreadcrumbList\",\"@id\":\"https:\/\/www.doellken-lighting.com\/pl\/faq\/#breadcrumb\",\"itemListElement\":[{\"@type\":\"ListItem\",\"position\":1,\"name\":\"Startseite\",\"item\":\"https:\/\/www.doellken-lighting.com\/pl\/\"},{\"@type\":\"ListItem\",\"position\":2,\"name\":\"FAQ\"}]}]}<\/script>\n<!-- \/ Yoast SEO Premium plugin. -->","yoast_head_json":{"title":"FAQ - D\u00f6llken Lighting","robots":{"index":"index","follow":"follow","max-snippet":"max-snippet:-1","max-image-preview":"max-image-preview:large","max-video-preview":"max-video-preview:-1"},"canonical":"https:\/\/www.doellken-lighting.com\/pl\/faq\/","og_locale":"pl_PL","og_type":"article","og_title":"FAQ","og_url":"https:\/\/www.doellken-lighting.com\/pl\/faq\/","og_site_name":"D\u00f6llken Lighting","article_publisher":"https:\/\/www.facebook.com\/doellkenlighting\/","article_modified_time":"2018-11-20T13:35:48+00:00","twitter_card":"summary_large_image","twitter_misc":{"Szacowany czas czytania":"7 minut"},"schema":{"@context":"https:\/\/schema.org","@graph":[{"@type":"Organization","@id":"https:\/\/www.doellken-lighting.com\/#organization","name":"D\u00f6llken Lighting","url":"https:\/\/www.doellken-lighting.com\/","sameAs":["https:\/\/www.facebook.com\/doellkenlighting\/","https:\/\/www.instagram.com\/doellkenlighting\/","https:\/\/www.youtube.com\/channel\/UCaQBiul1oqA25Zk0X_vkAAQ"],"logo":{"@type":"ImageObject","@id":"https:\/\/www.doellken-lighting.com\/#logo","inLanguage":"pl-PL","url":"https:\/\/www.doellken-lighting.com\/wp-content\/uploads\/2020\/01\/doellken_lighting_logo_cookie.png","contentUrl":"https:\/\/www.doellken-lighting.com\/wp-content\/uploads\/2020\/01\/doellken_lighting_logo_cookie.png","width":250,"height":40,"caption":"D\u00f6llken Lighting"},"image":{"@id":"https:\/\/www.doellken-lighting.com\/#logo"}},{"@type":"WebSite","@id":"https:\/\/www.doellken-lighting.com\/#website","url":"https:\/\/www.doellken-lighting.com\/","name":"D\u00f6llken Lighting","description":"Das Infinite Light System","publisher":{"@id":"https:\/\/www.doellken-lighting.com\/#organization"},"potentialAction":[{"@type":"SearchAction","target":{"@type":"EntryPoint","urlTemplate":"https:\/\/www.doellken-lighting.com\/?s={search_term_string}"},"query-input":"required name=search_term_string"}],"inLanguage":"pl-PL"},{"@type":"WebPage","@id":"https:\/\/www.doellken-lighting.com\/pl\/faq\/#webpage","url":"https:\/\/www.doellken-lighting.com\/pl\/faq\/","name":"FAQ - D\u00f6llken Lighting","isPartOf":{"@id":"https:\/\/www.doellken-lighting.com\/#website"},"datePublished":"2017-12-03T09:42:41+00:00","dateModified":"2018-11-20T13:35:48+00:00","breadcrumb":{"@id":"https:\/\/www.doellken-lighting.com\/pl\/faq\/#breadcrumb"},"inLanguage":"pl-PL","potentialAction":[{"@type":"ReadAction","target":["https:\/\/www.doellken-lighting.com\/pl\/faq\/"]}]},{"@type":"BreadcrumbList","@id":"https:\/\/www.doellken-lighting.com\/pl\/faq\/#breadcrumb","itemListElement":[{"@type":"ListItem","position":1,"name":"Startseite","item":"https:\/\/www.doellken-lighting.com\/pl\/"},{"@type":"ListItem","position":2,"name":"FAQ"}]}]}},"_links":{"self":[{"href":"https:\/\/www.doellken-lighting.com\/pl\/wp-json\/wp\/v2\/pages\/1262"}],"collection":[{"href":"https:\/\/www.doellken-lighting.com\/pl\/wp-json\/wp\/v2\/pages"}],"about":[{"href":"https:\/\/www.doellken-lighting.com\/pl\/wp-json\/wp\/v2\/types\/page"}],"author":[{"embeddable":true,"href":"https:\/\/www.doellken-lighting.com\/pl\/wp-json\/wp\/v2\/users\/2"}],"replies":[{"embeddable":true,"href":"https:\/\/www.doellken-lighting.com\/pl\/wp-json\/wp\/v2\/comments?post=1262"}],"version-history":[{"count":2,"href":"https:\/\/www.doellken-lighting.com\/pl\/wp-json\/wp\/v2\/pages\/1262\/revisions"}],"predecessor-version":[{"id":1264,"href":"https:\/\/www.doellken-lighting.com\/pl\/wp-json\/wp\/v2\/pages\/1262\/revisions\/1264"}],"wp:attachment":[{"href":"https:\/\/www.doellken-lighting.com\/pl\/wp-json\/wp\/v2\/media?parent=1262"}],"curies":[{"name":"wp","href":"https:\/\/api.w.org\/{rel}","templated":true}]}}