{"id":1459,"date":"2017-12-03T11:06:21","date_gmt":"2017-12-03T10:06:21","guid":{"rendered":"https:\/\/www.doellken-lighting.com\/impressum\/"},"modified":"2025-05-20T11:32:21","modified_gmt":"2025-05-20T09:32:21","slug":"impressum","status":"publish","type":"page","link":"https:\/\/www.doellken-lighting.com\/pl\/impressum\/","title":{"rendered":"Impressum"},"content":{"rendered":"<div class=\"wrapper\"><div id=\"\" class=\"column-section clearfix spaced-normal \"><div  class=\"column two-third  \" ><div class=\"spacer spacer-big\"><\/div>\n<h2>Impressum<\/h2>\n<div class=\"spacer spacer-big\"><\/div>\n<h3>Dane firmy<\/h3>\n<div class=\"spacer spacer-small\"><\/div>\n<p>D\u00f6llken Sp. z o.o.<br \/>\nul. K.K.Baczy\u0144skiego 25E<br \/>\n41-203 Sosnowiec<br \/>\nPolska<\/p>\n<p>Tel: +48 32 \/ 78120-90<br \/>\nFax: +48 32 \/ 78120-91<br \/>\n<a href=\"www.doellken.pl\">www.doellken.pl<\/a><\/p>\n<div class=\"spacer spacer-medium\"><\/div><\/div><div  class=\"column one-third last-col \" ><\/div><\/div><\/div><div class=\"wrapper\"><div id=\"\" class=\"column-section clearfix spaced-normal \"><div  class=\"column two-third  \" >\n<h3>Zarz\u0105d<\/h3>\n<div class=\"spacer spacer-small\"><\/div>\n<p>Martina Baden, Head of Business Unit Profiles SURTECO SE \/ Managing Director<br \/>\nReinhold Affh\u00fcppe, Gesch\u00e4ftsf\u00fchrer \/ Managing Director<\/p>\n<div class=\"spacer spacer-medium\"><\/div><\/div><div  class=\"column one-third last-col \" ><\/div><\/div><\/div><div class=\"wrapper\"><div id=\"\" class=\"column-section clearfix spaced-normal \"><div  class=\"column two-third  \" >\n<h3>NIP<\/h3>\n<div class=\"spacer spacer-small\"><\/div>\n<p>PL6342176952<\/p>\n<p>Kapita\u0142 zak\u0142adowy 1.096.250,00 z\u0142<\/p>\n<div class=\"spacer spacer-medium\"><\/div><\/div><div  class=\"column one-third last-col \" ><\/div><\/div><\/div><div class=\"wrapper\"><div id=\"\" class=\"column-section clearfix spaced-normal \"><div  class=\"column two-third  \" >\n<h3>KRS<\/h3>\n<div class=\"spacer spacer-small\"><\/div>\n<p>69404 &#8211; S\u0105d Rejonowy w Katowicach<br \/>\nWydzia\u0142 Gospodarczy Krajowego Rejestru S\u0105dowego<\/p>\n<div class=\"spacer spacer-medium\"><\/div><\/div><div  class=\"column one-third last-col \" ><\/div><\/div><\/div><div class=\"wrapper\"><div id=\"\" class=\"column-section clearfix spaced-normal \"><div  class=\"column two-third  \" >\n<h3>Contact person for questions relating to the website<\/h3>\n<div class=\"spacer spacer-small\"><\/div>\n<p>Adam Hoffmann<\/p>\n<p>Phone: +48 32 \/ 78120-90<br \/>\nFax: +48 32 \/ 78120-91<br \/>\nE-Mail: <a href=\"mailto:adam.hoffmann@doellken.com\">adam.hoffmann@doellken.com<\/a><\/p>\n<div class=\"spacer spacer-medium\"><\/div><\/div><div  class=\"column one-third last-col \" ><\/div><\/div><\/div><div class=\"wrapper\"><div id=\"\" class=\"column-section clearfix spaced-normal \"><div  class=\"column two-third  \" >\n<h3>Projektowanie i programowanie<\/h3>\n<div class=\"spacer spacer-small\"><\/div>\n<p>DREIZEHN&amp;F\u00dcNF DESIGN STUDIO<\/p>\n<p>Hohen\u00f6lsen \/ Hauptstra\u00dfe 11 \/ 07570 Weida<br \/>\nT +49 (3 66 03) 29 05 13<br \/>\nM +49 (1 60) 90 37 41 11<br \/>\n<a href=\"mailto:kontakt@dreizehnundfuenf.de\">kontakt@dreizehnundfuenf.de<\/a><br \/>\n<a href=\"http:\/\/www.dreizehnundfuenf.de\">www.dreizehnundfuenf.de<\/a><\/p>\n<div class=\"spacer spacer-small\"><\/div>\n<p>Youbility Software<\/p>\n<p>K\u00f6nneritzstra\u00dfe 25 \/ 01067 Dresden<\/p>\n<p>T +49 (3 51) 32 13 17 23<br \/>\n<a title=\"Software-, Webentwicklung und Usability von Youbility\" href=\"http:\/\/www.youbility.de\">Webentwicklung und Programmierung von Youbility Software<\/a><\/p>\n<div class=\"spacer spacer-medium\"><\/div><\/div><div  class=\"column one-third last-col \" ><\/div><\/div><\/div><div class=\"wrapper\"><div id=\"\" class=\"column-section clearfix spaced-normal \"><div  class=\"column two-third  \" >\n<h3>Fotografia<\/h3>\n<div class=\"spacer spacer-small\"><\/div>\n<p>Peter Eichler Fotografie<\/p>\n<p>Hardenbergstrasse 34 \/ 04275 Leipzig<br \/>\nT 49 (3 41) 30 39 77 71<br \/>\nM +49 (1 79) 5 12 49 62<br \/>\n<a href=\"mailto:mail@petereichler.com\">mail@petereichler.com<\/a><br \/>\n<a href=\"http:\/\/www.petereichler.com\">www.petereichler.com<\/a><\/p>\n<div class=\"spacer spacer-medium\"><\/div><\/div><div  class=\"column one-third last-col \" ><\/div><\/div><\/div><div class=\"wrapper\"><div id=\"\" class=\"column-section clearfix spaced-normal \"><div  class=\"column two-third  \" >\n<h3>Odpowiedzialno\u015b\u0107<\/h3>\n<div class=\"spacer spacer-small\"><\/div>\n<p>Nie ponosimy odpowiedzialno\u015bci za zawarto\u015b\u0107 pod\u0142\u0105czonych, zewn\u0119trznych stron internetowych. Operatorzy pod\u0142\u0105czonych witryn internetowych s\u0105 odpowiedzialni za zawarto\u015b\u0107 ich stron.<\/p>\n<div class=\"spacer spacer-medium\"><\/div><\/div><div  class=\"column one-third last-col \" ><\/div><\/div><\/div><div class=\"wrapper\"><div id=\"\" class=\"column-section clearfix spaced-normal \"><div  class=\"column two-third  \" >\n<h3>Prawa autorskie<\/h3>\n<div class=\"spacer spacer-small\"><\/div>\n<p>Zawarto\u015b\u0107, projekt i pomys\u0142y wykorzystane na tej stronie internetowej s\u0105 chronione prawami autorskimi. Kopiowanie informacji oraz danych, wykorzystywanie tekst\u00f3w b\u0105d\u017a ich cz\u0119\u015bci, grafiki, zdj\u0119\u0107 lub materia\u0142\u00f3w multimedialnych, wymaga zgody Operatora.<\/p>\n<div class=\"spacer spacer-medium\"><\/div><\/div><div  class=\"column one-third last-col \" ><\/div><\/div><\/div><div class=\"wrapper\"><div id=\"\" class=\"column-section clearfix spaced-normal \"><div  class=\"column two-third  \" >\n<h3>Polityka Cookies<\/h3>\n<div class=\"spacer spacer-small\"><\/div>\n<p>Pliki cookies (tzw. ciasteczka):<br \/>\nCiasteczka to pliki przechowywuj\u0105ce informacje lub pliki umo\u017cliwiaj\u0105ce uzyskanie dost\u0119pu do informacji ju\u017c wcze\u015bniej zachowanej w urz\u0105dzeniu ko\u0144cowym U\u017cytkownika.<\/p>\n<p>Wykorzystanie ciasteczek:<br \/>\nNasza strona internetowa mo\u017ce u\u017cywa\u0107 ciasteczek, kt\u00f3re wykorzystywane s\u0105 mi\u0119dzy innymi do cel\u00f3w statystycznych. Ciasteczka nie przechowuj\u0105 danych osobowych.<\/p>\n<p>Wy\u0142\u0105czenie ciasteczek:<br \/>\nPrzegl\u0105darka internetowa domy\u015blnie zezwala na ciasteczka w urz\u0105dzeniu ko\u0144cowym u\u017cytkownika. W\u0142\u0105czenie blokady obs\u0142ugi plik\u00f3w cookie nie powinno spowodowa\u0107 utrudnie\u0144 w korzystaniu z serwisu.<br \/>\nWybierz nazw\u0119 przegl\u0105darki z kt\u00f3rej korzystasz, aby uzyska\u0107 informacje jak wy\u0142\u0105czy\u0107 cookie:<\/p>\n<p><a href=\"https:\/\/support.mozilla.org\/pl\/kb\/ciasteczka\" target=\"_blank\" rel=\"noopener\">Mozilla Firefox<\/a><\/p>\n<p><a href=\"https:\/\/support.google.com\/chrome\/answer\/95647?hl=pl\" target=\"_blank\" rel=\"noopener\">Google Chrome<\/a><\/p>\n<p><a href=\"http:\/\/safari.helpmax.net\/pl\/oszczedzanie-czasu\/blokowanie-zawartosci\/\" target=\"_blank\" rel=\"noopener\">Safari<\/a><\/p>\n<p><a href=\"http:\/\/help.opera.com\/Linux\/9.22\/pl\/cookies.html\" target=\"_blank\" rel=\"noopener\">Opera<\/a><\/p>\n<p><a href=\"https:\/\/support.microsoft.com\/pl-pl\/kb\/278835\" target=\"_blank\" rel=\"noopener\">Internet Explorer<\/a><\/p>\n<div class=\"spacer spacer-big\"><\/div><\/div><div  class=\"column one-third last-col \" ><\/div><\/div><\/div>\n","protected":false},"excerpt":{"rendered":"","protected":false},"author":2,"featured_media":0,"parent":0,"menu_order":0,"comment_status":"closed","ping_status":"closed","template":"","meta":[],"yoast_head":"<!-- This site is optimized with the Yoast SEO Premium plugin v18.1 (Yoast SEO v18.3) - https:\/\/yoast.com\/wordpress\/plugins\/seo\/ -->\n<title>Impressum - D\u00f6llken Lighting<\/title>\n<meta name=\"robots\" content=\"noindex, follow\" \/>\n<meta property=\"og:locale\" content=\"pl_PL\" \/>\n<meta property=\"og:type\" content=\"article\" \/>\n<meta property=\"og:title\" content=\"Impressum\" \/>\n<meta property=\"og:url\" content=\"https:\/\/www.doellken-lighting.com\/pl\/impressum\/\" \/>\n<meta property=\"og:site_name\" content=\"D\u00f6llken Lighting\" \/>\n<meta property=\"article:publisher\" content=\"https:\/\/www.facebook.com\/doellkenlighting\/\" \/>\n<meta property=\"article:modified_time\" content=\"2025-05-20T09:32:21+00:00\" \/>\n<meta name=\"twitter:card\" content=\"summary_large_image\" \/>\n<meta name=\"twitter:label1\" content=\"Szacowany czas czytania\" \/>\n\t<meta name=\"twitter:data1\" content=\"3 minuty\" \/>\n<script type=\"application\/ld+json\" class=\"yoast-schema-graph\">{\"@context\":\"https:\/\/schema.org\",\"@graph\":[{\"@type\":\"Organization\",\"@id\":\"https:\/\/www.doellken-lighting.com\/#organization\",\"name\":\"D\u00f6llken Lighting\",\"url\":\"https:\/\/www.doellken-lighting.com\/\",\"sameAs\":[\"https:\/\/www.facebook.com\/doellkenlighting\/\",\"https:\/\/www.instagram.com\/doellkenlighting\/\",\"https:\/\/www.youtube.com\/channel\/UCaQBiul1oqA25Zk0X_vkAAQ\"],\"logo\":{\"@type\":\"ImageObject\",\"@id\":\"https:\/\/www.doellken-lighting.com\/#logo\",\"inLanguage\":\"pl-PL\",\"url\":\"https:\/\/www.doellken-lighting.com\/wp-content\/uploads\/2020\/01\/doellken_lighting_logo_cookie.png\",\"contentUrl\":\"https:\/\/www.doellken-lighting.com\/wp-content\/uploads\/2020\/01\/doellken_lighting_logo_cookie.png\",\"width\":250,\"height\":40,\"caption\":\"D\u00f6llken Lighting\"},\"image\":{\"@id\":\"https:\/\/www.doellken-lighting.com\/#logo\"}},{\"@type\":\"WebSite\",\"@id\":\"https:\/\/www.doellken-lighting.com\/#website\",\"url\":\"https:\/\/www.doellken-lighting.com\/\",\"name\":\"D\u00f6llken Lighting\",\"description\":\"Das Infinite Light System\",\"publisher\":{\"@id\":\"https:\/\/www.doellken-lighting.com\/#organization\"},\"potentialAction\":[{\"@type\":\"SearchAction\",\"target\":{\"@type\":\"EntryPoint\",\"urlTemplate\":\"https:\/\/www.doellken-lighting.com\/?s={search_term_string}\"},\"query-input\":\"required name=search_term_string\"}],\"inLanguage\":\"pl-PL\"},{\"@type\":\"WebPage\",\"@id\":\"https:\/\/www.doellken-lighting.com\/pl\/impressum\/#webpage\",\"url\":\"https:\/\/www.doellken-lighting.com\/pl\/impressum\/\",\"name\":\"Impressum - D\u00f6llken Lighting\",\"isPartOf\":{\"@id\":\"https:\/\/www.doellken-lighting.com\/#website\"},\"datePublished\":\"2017-12-03T10:06:21+00:00\",\"dateModified\":\"2025-05-20T09:32:21+00:00\",\"breadcrumb\":{\"@id\":\"https:\/\/www.doellken-lighting.com\/pl\/impressum\/#breadcrumb\"},\"inLanguage\":\"pl-PL\",\"potentialAction\":[{\"@type\":\"ReadAction\",\"target\":[\"https:\/\/www.doellken-lighting.com\/pl\/impressum\/\"]}]},{\"@type\":\"BreadcrumbList\",\"@id\":\"https:\/\/www.doellken-lighting.com\/pl\/impressum\/#breadcrumb\",\"itemListElement\":[{\"@type\":\"ListItem\",\"position\":1,\"name\":\"Startseite\",\"item\":\"https:\/\/www.doellken-lighting.com\/pl\/\"},{\"@type\":\"ListItem\",\"position\":2,\"name\":\"Impressum\"}]}]}<\/script>\n<!-- \/ Yoast SEO Premium plugin. -->","yoast_head_json":{"title":"Impressum - D\u00f6llken Lighting","robots":{"index":"noindex","follow":"follow"},"og_locale":"pl_PL","og_type":"article","og_title":"Impressum","og_url":"https:\/\/www.doellken-lighting.com\/pl\/impressum\/","og_site_name":"D\u00f6llken Lighting","article_publisher":"https:\/\/www.facebook.com\/doellkenlighting\/","article_modified_time":"2025-05-20T09:32:21+00:00","twitter_card":"summary_large_image","twitter_misc":{"Szacowany czas czytania":"3 minuty"},"schema":{"@context":"https:\/\/schema.org","@graph":[{"@type":"Organization","@id":"https:\/\/www.doellken-lighting.com\/#organization","name":"D\u00f6llken Lighting","url":"https:\/\/www.doellken-lighting.com\/","sameAs":["https:\/\/www.facebook.com\/doellkenlighting\/","https:\/\/www.instagram.com\/doellkenlighting\/","https:\/\/www.youtube.com\/channel\/UCaQBiul1oqA25Zk0X_vkAAQ"],"logo":{"@type":"ImageObject","@id":"https:\/\/www.doellken-lighting.com\/#logo","inLanguage":"pl-PL","url":"https:\/\/www.doellken-lighting.com\/wp-content\/uploads\/2020\/01\/doellken_lighting_logo_cookie.png","contentUrl":"https:\/\/www.doellken-lighting.com\/wp-content\/uploads\/2020\/01\/doellken_lighting_logo_cookie.png","width":250,"height":40,"caption":"D\u00f6llken Lighting"},"image":{"@id":"https:\/\/www.doellken-lighting.com\/#logo"}},{"@type":"WebSite","@id":"https:\/\/www.doellken-lighting.com\/#website","url":"https:\/\/www.doellken-lighting.com\/","name":"D\u00f6llken Lighting","description":"Das Infinite Light System","publisher":{"@id":"https:\/\/www.doellken-lighting.com\/#organization"},"potentialAction":[{"@type":"SearchAction","target":{"@type":"EntryPoint","urlTemplate":"https:\/\/www.doellken-lighting.com\/?s={search_term_string}"},"query-input":"required name=search_term_string"}],"inLanguage":"pl-PL"},{"@type":"WebPage","@id":"https:\/\/www.doellken-lighting.com\/pl\/impressum\/#webpage","url":"https:\/\/www.doellken-lighting.com\/pl\/impressum\/","name":"Impressum - D\u00f6llken Lighting","isPartOf":{"@id":"https:\/\/www.doellken-lighting.com\/#website"},"datePublished":"2017-12-03T10:06:21+00:00","dateModified":"2025-05-20T09:32:21+00:00","breadcrumb":{"@id":"https:\/\/www.doellken-lighting.com\/pl\/impressum\/#breadcrumb"},"inLanguage":"pl-PL","potentialAction":[{"@type":"ReadAction","target":["https:\/\/www.doellken-lighting.com\/pl\/impressum\/"]}]},{"@type":"BreadcrumbList","@id":"https:\/\/www.doellken-lighting.com\/pl\/impressum\/#breadcrumb","itemListElement":[{"@type":"ListItem","position":1,"name":"Startseite","item":"https:\/\/www.doellken-lighting.com\/pl\/"},{"@type":"ListItem","position":2,"name":"Impressum"}]}]}},"_links":{"self":[{"href":"https:\/\/www.doellken-lighting.com\/pl\/wp-json\/wp\/v2\/pages\/1459"}],"collection":[{"href":"https:\/\/www.doellken-lighting.com\/pl\/wp-json\/wp\/v2\/pages"}],"about":[{"href":"https:\/\/www.doellken-lighting.com\/pl\/wp-json\/wp\/v2\/types\/page"}],"author":[{"embeddable":true,"href":"https:\/\/www.doellken-lighting.com\/pl\/wp-json\/wp\/v2\/users\/2"}],"replies":[{"embeddable":true,"href":"https:\/\/www.doellken-lighting.com\/pl\/wp-json\/wp\/v2\/comments?post=1459"}],"version-history":[{"count":6,"href":"https:\/\/www.doellken-lighting.com\/pl\/wp-json\/wp\/v2\/pages\/1459\/revisions"}],"predecessor-version":[{"id":3335,"href":"https:\/\/www.doellken-lighting.com\/pl\/wp-json\/wp\/v2\/pages\/1459\/revisions\/3335"}],"wp:attachment":[{"href":"https:\/\/www.doellken-lighting.com\/pl\/wp-json\/wp\/v2\/media?parent=1459"}],"curies":[{"name":"wp","href":"https:\/\/api.w.org\/{rel}","templated":true}]}}