{"id":1572,"date":"2019-03-08T09:17:25","date_gmt":"2019-03-08T08:17:25","guid":{"rendered":"https:\/\/www.doellken-lighting.com\/karriere\/"},"modified":"2025-01-21T12:43:36","modified_gmt":"2025-01-21T11:43:36","slug":"kariera","status":"publish","type":"page","link":"https:\/\/www.doellken-lighting.com\/pl\/kariera\/","title":{"rendered":"Kariera"},"content":{"rendered":"<div class=\"wrapper\"><div id=\"\" class=\"column-section clearfix spaced-normal \"><div  class=\"column two-third  \" ><div class=\"spacer spacer-big\"><\/div>\n<h2>Oferty pracy<\/h2>\n<div class=\"spacer spacer-medium\"><\/div>\n<p>Jeste\u015bmy dynamicznym zespo\u0142em nale\u017c\u0105cym do rozwojowej bran\u017cy o\u015bwietleniowej w firmie z d\u0142ugoletni\u0105 tradycj\u0105. Chc\u0105c wzmocni\u0107 nasz zesp\u00f3\u0142 poszukujemy otwartych os\u00f3b, kt\u00f3re wraz z nami b\u0119d\u0105 kszta\u0142towa\u0107 przysz\u0142o\u015b\u0107 bran\u017cy o\u015bwietleniowej.<br \/>\nZaanga\u017cuj si\u0119 w interesuj\u0105ce zadania i projekty i zosta\u0144 cz\u0119\u015bci\u0105 naszej rodziny!<\/p>\n<div class=\"spacer spacer-big\"><\/div>\n<p>Jeste\u015b zainteresowany? Zapoznaj si\u0119 z naszymi aktualnymi ofertami pracy na stronie<\/p>\n<p><a href=\"https:\/\/jobs.surteco.com\/?locale=en_US\">oferty pracy w Surteco<\/a><\/p>\n<\/div><div  class=\"column one-third last-col \" ><\/div><\/div><\/div><div class=\"spacer spacer-medium\"><\/div>\n","protected":false},"excerpt":{"rendered":"","protected":false},"author":1,"featured_media":0,"parent":0,"menu_order":0,"comment_status":"closed","ping_status":"closed","template":"","meta":[],"yoast_head":"<!-- This site is optimized with the Yoast SEO Premium plugin v18.1 (Yoast SEO v18.3) - https:\/\/yoast.com\/wordpress\/plugins\/seo\/ -->\n<title>Kariera - D\u00f6llken Lighting<\/title>\n<meta name=\"robots\" content=\"index, follow, max-snippet:-1, max-image-preview:large, max-video-preview:-1\" \/>\n<link rel=\"canonical\" href=\"https:\/\/www.doellken-lighting.com\/pl\/kariera\/\" \/>\n<meta property=\"og:locale\" content=\"pl_PL\" \/>\n<meta property=\"og:type\" content=\"article\" \/>\n<meta property=\"og:title\" content=\"Kariera\" \/>\n<meta property=\"og:url\" content=\"https:\/\/www.doellken-lighting.com\/pl\/kariera\/\" \/>\n<meta property=\"og:site_name\" content=\"D\u00f6llken Lighting\" \/>\n<meta property=\"article:publisher\" content=\"https:\/\/www.facebook.com\/doellkenlighting\/\" \/>\n<meta property=\"article:modified_time\" content=\"2025-01-21T11:43:36+00:00\" \/>\n<meta name=\"twitter:card\" content=\"summary_large_image\" \/>\n<meta name=\"twitter:label1\" content=\"Szacowany czas czytania\" \/>\n\t<meta name=\"twitter:data1\" content=\"1 minuta\" \/>\n<script type=\"application\/ld+json\" class=\"yoast-schema-graph\">{\"@context\":\"https:\/\/schema.org\",\"@graph\":[{\"@type\":\"Organization\",\"@id\":\"https:\/\/www.doellken-lighting.com\/#organization\",\"name\":\"D\u00f6llken Lighting\",\"url\":\"https:\/\/www.doellken-lighting.com\/\",\"sameAs\":[\"https:\/\/www.facebook.com\/doellkenlighting\/\",\"https:\/\/www.instagram.com\/doellkenlighting\/\",\"https:\/\/www.youtube.com\/channel\/UCaQBiul1oqA25Zk0X_vkAAQ\"],\"logo\":{\"@type\":\"ImageObject\",\"@id\":\"https:\/\/www.doellken-lighting.com\/#logo\",\"inLanguage\":\"pl-PL\",\"url\":\"https:\/\/www.doellken-lighting.com\/wp-content\/uploads\/2020\/01\/doellken_lighting_logo_cookie.png\",\"contentUrl\":\"https:\/\/www.doellken-lighting.com\/wp-content\/uploads\/2020\/01\/doellken_lighting_logo_cookie.png\",\"width\":250,\"height\":40,\"caption\":\"D\u00f6llken Lighting\"},\"image\":{\"@id\":\"https:\/\/www.doellken-lighting.com\/#logo\"}},{\"@type\":\"WebSite\",\"@id\":\"https:\/\/www.doellken-lighting.com\/#website\",\"url\":\"https:\/\/www.doellken-lighting.com\/\",\"name\":\"D\u00f6llken Lighting\",\"description\":\"Das Infinite Light System\",\"publisher\":{\"@id\":\"https:\/\/www.doellken-lighting.com\/#organization\"},\"potentialAction\":[{\"@type\":\"SearchAction\",\"target\":{\"@type\":\"EntryPoint\",\"urlTemplate\":\"https:\/\/www.doellken-lighting.com\/?s={search_term_string}\"},\"query-input\":\"required name=search_term_string\"}],\"inLanguage\":\"pl-PL\"},{\"@type\":\"WebPage\",\"@id\":\"https:\/\/www.doellken-lighting.com\/pl\/kariera\/#webpage\",\"url\":\"https:\/\/www.doellken-lighting.com\/pl\/kariera\/\",\"name\":\"Kariera - D\u00f6llken Lighting\",\"isPartOf\":{\"@id\":\"https:\/\/www.doellken-lighting.com\/#website\"},\"datePublished\":\"2019-03-08T08:17:25+00:00\",\"dateModified\":\"2025-01-21T11:43:36+00:00\",\"breadcrumb\":{\"@id\":\"https:\/\/www.doellken-lighting.com\/pl\/kariera\/#breadcrumb\"},\"inLanguage\":\"pl-PL\",\"potentialAction\":[{\"@type\":\"ReadAction\",\"target\":[\"https:\/\/www.doellken-lighting.com\/pl\/kariera\/\"]}]},{\"@type\":\"BreadcrumbList\",\"@id\":\"https:\/\/www.doellken-lighting.com\/pl\/kariera\/#breadcrumb\",\"itemListElement\":[{\"@type\":\"ListItem\",\"position\":1,\"name\":\"Startseite\",\"item\":\"https:\/\/www.doellken-lighting.com\/pl\/\"},{\"@type\":\"ListItem\",\"position\":2,\"name\":\"Kariera\"}]}]}<\/script>\n<!-- \/ Yoast SEO Premium plugin. -->","yoast_head_json":{"title":"Kariera - D\u00f6llken Lighting","robots":{"index":"index","follow":"follow","max-snippet":"max-snippet:-1","max-image-preview":"max-image-preview:large","max-video-preview":"max-video-preview:-1"},"canonical":"https:\/\/www.doellken-lighting.com\/pl\/kariera\/","og_locale":"pl_PL","og_type":"article","og_title":"Kariera","og_url":"https:\/\/www.doellken-lighting.com\/pl\/kariera\/","og_site_name":"D\u00f6llken Lighting","article_publisher":"https:\/\/www.facebook.com\/doellkenlighting\/","article_modified_time":"2025-01-21T11:43:36+00:00","twitter_card":"summary_large_image","twitter_misc":{"Szacowany czas czytania":"1 minuta"},"schema":{"@context":"https:\/\/schema.org","@graph":[{"@type":"Organization","@id":"https:\/\/www.doellken-lighting.com\/#organization","name":"D\u00f6llken Lighting","url":"https:\/\/www.doellken-lighting.com\/","sameAs":["https:\/\/www.facebook.com\/doellkenlighting\/","https:\/\/www.instagram.com\/doellkenlighting\/","https:\/\/www.youtube.com\/channel\/UCaQBiul1oqA25Zk0X_vkAAQ"],"logo":{"@type":"ImageObject","@id":"https:\/\/www.doellken-lighting.com\/#logo","inLanguage":"pl-PL","url":"https:\/\/www.doellken-lighting.com\/wp-content\/uploads\/2020\/01\/doellken_lighting_logo_cookie.png","contentUrl":"https:\/\/www.doellken-lighting.com\/wp-content\/uploads\/2020\/01\/doellken_lighting_logo_cookie.png","width":250,"height":40,"caption":"D\u00f6llken Lighting"},"image":{"@id":"https:\/\/www.doellken-lighting.com\/#logo"}},{"@type":"WebSite","@id":"https:\/\/www.doellken-lighting.com\/#website","url":"https:\/\/www.doellken-lighting.com\/","name":"D\u00f6llken Lighting","description":"Das Infinite Light System","publisher":{"@id":"https:\/\/www.doellken-lighting.com\/#organization"},"potentialAction":[{"@type":"SearchAction","target":{"@type":"EntryPoint","urlTemplate":"https:\/\/www.doellken-lighting.com\/?s={search_term_string}"},"query-input":"required name=search_term_string"}],"inLanguage":"pl-PL"},{"@type":"WebPage","@id":"https:\/\/www.doellken-lighting.com\/pl\/kariera\/#webpage","url":"https:\/\/www.doellken-lighting.com\/pl\/kariera\/","name":"Kariera - D\u00f6llken Lighting","isPartOf":{"@id":"https:\/\/www.doellken-lighting.com\/#website"},"datePublished":"2019-03-08T08:17:25+00:00","dateModified":"2025-01-21T11:43:36+00:00","breadcrumb":{"@id":"https:\/\/www.doellken-lighting.com\/pl\/kariera\/#breadcrumb"},"inLanguage":"pl-PL","potentialAction":[{"@type":"ReadAction","target":["https:\/\/www.doellken-lighting.com\/pl\/kariera\/"]}]},{"@type":"BreadcrumbList","@id":"https:\/\/www.doellken-lighting.com\/pl\/kariera\/#breadcrumb","itemListElement":[{"@type":"ListItem","position":1,"name":"Startseite","item":"https:\/\/www.doellken-lighting.com\/pl\/"},{"@type":"ListItem","position":2,"name":"Kariera"}]}]}},"_links":{"self":[{"href":"https:\/\/www.doellken-lighting.com\/pl\/wp-json\/wp\/v2\/pages\/1572"}],"collection":[{"href":"https:\/\/www.doellken-lighting.com\/pl\/wp-json\/wp\/v2\/pages"}],"about":[{"href":"https:\/\/www.doellken-lighting.com\/pl\/wp-json\/wp\/v2\/types\/page"}],"author":[{"embeddable":true,"href":"https:\/\/www.doellken-lighting.com\/pl\/wp-json\/wp\/v2\/users\/1"}],"replies":[{"embeddable":true,"href":"https:\/\/www.doellken-lighting.com\/pl\/wp-json\/wp\/v2\/comments?post=1572"}],"version-history":[{"count":8,"href":"https:\/\/www.doellken-lighting.com\/pl\/wp-json\/wp\/v2\/pages\/1572\/revisions"}],"predecessor-version":[{"id":3263,"href":"https:\/\/www.doellken-lighting.com\/pl\/wp-json\/wp\/v2\/pages\/1572\/revisions\/3263"}],"wp:attachment":[{"href":"https:\/\/www.doellken-lighting.com\/pl\/wp-json\/wp\/v2\/media?parent=1572"}],"curies":[{"name":"wp","href":"https:\/\/api.w.org\/{rel}","templated":true}]}}