{"id":2577,"date":"2021-05-12T11:20:57","date_gmt":"2021-05-12T09:20:57","guid":{"rendered":"https:\/\/www.doellken-lighting.com\/?page_id=2577"},"modified":"2021-05-18T10:34:32","modified_gmt":"2021-05-18T08:34:32","slug":"rozwiazania-oswietleniowe","status":"publish","type":"page","link":"https:\/\/www.doellken-lighting.com\/pl\/rozwiazania-oswietleniowe\/","title":{"rendered":"Rozwi\u0105zania o\u015bwietleniowe"},"content":{"rendered":"<div class=\"wrapper\"><div id class=\"column-section clearfix spaced-normal \"><div class=\"column two-third  \"><div class=\"spacer spacer-big\"><\/div>\n<h1>Rozwi\u0105zania o\u015bwietleniowe<\/h1>\n<div class=\"spacer spacer-medium\"><\/div>\n<p>Zainspiruj si\u0119 naszymi rozwi\u0105zaniami o\u015bwietleniowymi dzi\u0119ki uniwersalnym produktom Doellken Lighting.<\/p>\n<\/div><div class=\"column one-third last-col \"><\/div><\/div><\/div><div class=\"spacer spacer-medium\"><\/div><div class=\"no-wrapper\"><div id class=\"column-section clearfix spaced-normal padded-column\"><div class=\"column one-third  \"><div class=\"spacer spacer-medium\"><\/div>\n<p><a href=\"https:\/\/www.doellken-lighting.com\/pl\/rozwiazania-oswietleniowe\/morski\/\"><noscript><img class=\"aligncenter wp-image-2445 size-full\" src=\"https:\/\/www.doellken-lighting.com\/wp-content\/uploads\/2021\/04\/DL_Schifffahrt.jpg\" alt width=\"2000\" height=\"1333\" srcset=\"https:\/\/www.doellken-lighting.com\/wp-content\/uploads\/2021\/04\/DL_Schifffahrt.jpg 2000w, https:\/\/www.doellken-lighting.com\/wp-content\/uploads\/2021\/04\/DL_Schifffahrt-900x600.jpg 900w, https:\/\/www.doellken-lighting.com\/wp-content\/uploads\/2021\/04\/DL_Schifffahrt-1800x1200.jpg 1800w, https:\/\/www.doellken-lighting.com\/wp-content\/uploads\/2021\/04\/DL_Schifffahrt-768x512.jpg 768w, https:\/\/www.doellken-lighting.com\/wp-content\/uploads\/2021\/04\/DL_Schifffahrt-1536x1024.jpg 1536w, https:\/\/www.doellken-lighting.com\/wp-content\/uploads\/2021\/04\/DL_Schifffahrt-420x280.jpg 420w, https:\/\/www.doellken-lighting.com\/wp-content\/uploads\/2021\/04\/DL_Schifffahrt-600x400.jpg 600w, https:\/\/www.doellken-lighting.com\/wp-content\/uploads\/2021\/04\/DL_Schifffahrt-1290x860.jpg 1290w\" sizes=\"(max-width: 2000px) 100vw, 2000px\"><\/noscript><img class=\"aligncenter wp-image-2445 size-full lazyload\" src=\"data:image\/svg+xml,%3Csvg%20xmlns%3D%22http%3A%2F%2Fwww.w3.org%2F2000%2Fsvg%22%20viewBox%3D%220%200%202000%201333%22%3E%3C%2Fsvg%3E\" alt width=\"2000\" height=\"1333\" srcset=\"data:image\/svg+xml,%3Csvg%20xmlns%3D%22http%3A%2F%2Fwww.w3.org%2F2000%2Fsvg%22%20viewBox%3D%220%200%202000%201333%22%3E%3C%2Fsvg%3E 2000w\" sizes=\"(max-width: 2000px) 100vw, 2000px\" data-srcset=\"https:\/\/www.doellken-lighting.com\/wp-content\/uploads\/2021\/04\/DL_Schifffahrt.jpg 2000w, https:\/\/www.doellken-lighting.com\/wp-content\/uploads\/2021\/04\/DL_Schifffahrt-900x600.jpg 900w, https:\/\/www.doellken-lighting.com\/wp-content\/uploads\/2021\/04\/DL_Schifffahrt-1800x1200.jpg 1800w, https:\/\/www.doellken-lighting.com\/wp-content\/uploads\/2021\/04\/DL_Schifffahrt-768x512.jpg 768w, https:\/\/www.doellken-lighting.com\/wp-content\/uploads\/2021\/04\/DL_Schifffahrt-1536x1024.jpg 1536w, https:\/\/www.doellken-lighting.com\/wp-content\/uploads\/2021\/04\/DL_Schifffahrt-420x280.jpg 420w, https:\/\/www.doellken-lighting.com\/wp-content\/uploads\/2021\/04\/DL_Schifffahrt-600x400.jpg 600w, https:\/\/www.doellken-lighting.com\/wp-content\/uploads\/2021\/04\/DL_Schifffahrt-1290x860.jpg 1290w\" data-src=\"https:\/\/www.doellken-lighting.com\/wp-content\/uploads\/2021\/04\/DL_Schifffahrt.jpg\"><\/a><\/p>\n<div class=\"spacer spacer-medium\"><\/div>\n<h3><span style=\"color: #ff9e16;\">O\u015bwietlenie do zastosowania na jednostkach morskich<\/span><\/h3>\n<div class=\"spacer spacer-medium\"><\/div><\/div><div class=\"column one-third  \"><div class=\"spacer spacer-medium\"><\/div>\n<p><a href=\"https:\/\/www.doellken-lighting.com\/pl\/rozwiazania-oswietleniowe\/oswietlenie-dla-transportu-i-ruchu\/\"><noscript><img class=\"aligncenter wp-image-2446 size-full\" src=\"https:\/\/www.doellken-lighting.com\/wp-content\/uploads\/2021\/04\/DL_Transport.jpg\" alt width=\"2000\" height=\"1334\" srcset=\"https:\/\/www.doellken-lighting.com\/wp-content\/uploads\/2021\/04\/DL_Transport.jpg 2000w, https:\/\/www.doellken-lighting.com\/wp-content\/uploads\/2021\/04\/DL_Transport-900x600.jpg 900w, https:\/\/www.doellken-lighting.com\/wp-content\/uploads\/2021\/04\/DL_Transport-1800x1201.jpg 1800w, https:\/\/www.doellken-lighting.com\/wp-content\/uploads\/2021\/04\/DL_Transport-768x512.jpg 768w, https:\/\/www.doellken-lighting.com\/wp-content\/uploads\/2021\/04\/DL_Transport-1536x1025.jpg 1536w, https:\/\/www.doellken-lighting.com\/wp-content\/uploads\/2021\/04\/DL_Transport-420x280.jpg 420w, https:\/\/www.doellken-lighting.com\/wp-content\/uploads\/2021\/04\/DL_Transport-600x400.jpg 600w, https:\/\/www.doellken-lighting.com\/wp-content\/uploads\/2021\/04\/DL_Transport-1290x860.jpg 1290w\" sizes=\"(max-width: 2000px) 100vw, 2000px\"><\/noscript><img class=\"aligncenter wp-image-2446 size-full lazyload\" src=\"data:image\/svg+xml,%3Csvg%20xmlns%3D%22http%3A%2F%2Fwww.w3.org%2F2000%2Fsvg%22%20viewBox%3D%220%200%202000%201334%22%3E%3C%2Fsvg%3E\" alt width=\"2000\" height=\"1334\" srcset=\"data:image\/svg+xml,%3Csvg%20xmlns%3D%22http%3A%2F%2Fwww.w3.org%2F2000%2Fsvg%22%20viewBox%3D%220%200%202000%201334%22%3E%3C%2Fsvg%3E 2000w\" sizes=\"(max-width: 2000px) 100vw, 2000px\" data-srcset=\"https:\/\/www.doellken-lighting.com\/wp-content\/uploads\/2021\/04\/DL_Transport.jpg 2000w, https:\/\/www.doellken-lighting.com\/wp-content\/uploads\/2021\/04\/DL_Transport-900x600.jpg 900w, https:\/\/www.doellken-lighting.com\/wp-content\/uploads\/2021\/04\/DL_Transport-1800x1201.jpg 1800w, https:\/\/www.doellken-lighting.com\/wp-content\/uploads\/2021\/04\/DL_Transport-768x512.jpg 768w, https:\/\/www.doellken-lighting.com\/wp-content\/uploads\/2021\/04\/DL_Transport-1536x1025.jpg 1536w, https:\/\/www.doellken-lighting.com\/wp-content\/uploads\/2021\/04\/DL_Transport-420x280.jpg 420w, https:\/\/www.doellken-lighting.com\/wp-content\/uploads\/2021\/04\/DL_Transport-600x400.jpg 600w, https:\/\/www.doellken-lighting.com\/wp-content\/uploads\/2021\/04\/DL_Transport-1290x860.jpg 1290w\" data-src=\"https:\/\/www.doellken-lighting.com\/wp-content\/uploads\/2021\/04\/DL_Transport.jpg\"><\/a><\/p>\n<div class=\"spacer spacer-medium\"><\/div>\n<h3><span style=\"color: #ff9e16;\">O\u015bwietlenie dla transportu i ruchu drogowego<\/span><\/h3>\n<div class=\"spacer spacer-medium\"><\/div><\/div><div class=\"column one-third last-col \"><div class=\"spacer spacer-medium\"><\/div>\n<p><a href=\"https:\/\/www.doellken-lighting.com\/pl\/rozwiazania-oswietleniowe\/architektura\/\"><noscript><img class=\"aligncenter wp-image-2442 size-full\" src=\"https:\/\/www.doellken-lighting.com\/wp-content\/uploads\/2021\/04\/DL_Architektur.jpg\" alt width=\"2000\" height=\"1333\" srcset=\"https:\/\/www.doellken-lighting.com\/wp-content\/uploads\/2021\/04\/DL_Architektur.jpg 2000w, https:\/\/www.doellken-lighting.com\/wp-content\/uploads\/2021\/04\/DL_Architektur-900x600.jpg 900w, https:\/\/www.doellken-lighting.com\/wp-content\/uploads\/2021\/04\/DL_Architektur-1800x1200.jpg 1800w, https:\/\/www.doellken-lighting.com\/wp-content\/uploads\/2021\/04\/DL_Architektur-768x512.jpg 768w, https:\/\/www.doellken-lighting.com\/wp-content\/uploads\/2021\/04\/DL_Architektur-1536x1024.jpg 1536w, https:\/\/www.doellken-lighting.com\/wp-content\/uploads\/2021\/04\/DL_Architektur-420x280.jpg 420w, https:\/\/www.doellken-lighting.com\/wp-content\/uploads\/2021\/04\/DL_Architektur-600x400.jpg 600w, https:\/\/www.doellken-lighting.com\/wp-content\/uploads\/2021\/04\/DL_Architektur-1290x860.jpg 1290w\" sizes=\"(max-width: 2000px) 100vw, 2000px\"><\/noscript><img class=\"aligncenter wp-image-2442 size-full lazyload\" src=\"data:image\/svg+xml,%3Csvg%20xmlns%3D%22http%3A%2F%2Fwww.w3.org%2F2000%2Fsvg%22%20viewBox%3D%220%200%202000%201333%22%3E%3C%2Fsvg%3E\" alt width=\"2000\" height=\"1333\" srcset=\"data:image\/svg+xml,%3Csvg%20xmlns%3D%22http%3A%2F%2Fwww.w3.org%2F2000%2Fsvg%22%20viewBox%3D%220%200%202000%201333%22%3E%3C%2Fsvg%3E 2000w\" sizes=\"(max-width: 2000px) 100vw, 2000px\" data-srcset=\"https:\/\/www.doellken-lighting.com\/wp-content\/uploads\/2021\/04\/DL_Architektur.jpg 2000w, https:\/\/www.doellken-lighting.com\/wp-content\/uploads\/2021\/04\/DL_Architektur-900x600.jpg 900w, https:\/\/www.doellken-lighting.com\/wp-content\/uploads\/2021\/04\/DL_Architektur-1800x1200.jpg 1800w, https:\/\/www.doellken-lighting.com\/wp-content\/uploads\/2021\/04\/DL_Architektur-768x512.jpg 768w, https:\/\/www.doellken-lighting.com\/wp-content\/uploads\/2021\/04\/DL_Architektur-1536x1024.jpg 1536w, https:\/\/www.doellken-lighting.com\/wp-content\/uploads\/2021\/04\/DL_Architektur-420x280.jpg 420w, https:\/\/www.doellken-lighting.com\/wp-content\/uploads\/2021\/04\/DL_Architektur-600x400.jpg 600w, https:\/\/www.doellken-lighting.com\/wp-content\/uploads\/2021\/04\/DL_Architektur-1290x860.jpg 1290w\" data-src=\"https:\/\/www.doellken-lighting.com\/wp-content\/uploads\/2021\/04\/DL_Architektur.jpg\"><\/a><\/p>\n<div class=\"spacer spacer-medium\"><\/div>\n<h3><span style=\"color: #ff9e16;\">\u015awiat\u0142o dla architektury<\/span><\/h3>\n<div class=\"spacer spacer-medium\"><\/div><\/div><\/div><\/div><div class=\"no-wrapper\"><div id class=\"column-section clearfix spaced-normal padded-column\"><div class=\"column one-third  \"><div class=\"spacer spacer-medium\"><\/div>\n<p><a href=\"https:\/\/www.doellken-lighting.com\/pl\/rozwiazania-oswietleniowe\/podwodny\/\"><noscript><img class=\"aligncenter wp-image-2447 size-full\" src=\"https:\/\/www.doellken-lighting.com\/wp-content\/uploads\/2021\/04\/DL_Unterwasser.jpg\" alt width=\"2000\" height=\"1334\" srcset=\"https:\/\/www.doellken-lighting.com\/wp-content\/uploads\/2021\/04\/DL_Unterwasser.jpg 2000w, https:\/\/www.doellken-lighting.com\/wp-content\/uploads\/2021\/04\/DL_Unterwasser-900x600.jpg 900w, https:\/\/www.doellken-lighting.com\/wp-content\/uploads\/2021\/04\/DL_Unterwasser-1800x1201.jpg 1800w, https:\/\/www.doellken-lighting.com\/wp-content\/uploads\/2021\/04\/DL_Unterwasser-768x512.jpg 768w, https:\/\/www.doellken-lighting.com\/wp-content\/uploads\/2021\/04\/DL_Unterwasser-1536x1025.jpg 1536w, https:\/\/www.doellken-lighting.com\/wp-content\/uploads\/2021\/04\/DL_Unterwasser-420x280.jpg 420w, https:\/\/www.doellken-lighting.com\/wp-content\/uploads\/2021\/04\/DL_Unterwasser-600x400.jpg 600w, https:\/\/www.doellken-lighting.com\/wp-content\/uploads\/2021\/04\/DL_Unterwasser-1290x860.jpg 1290w\" sizes=\"(max-width: 2000px) 100vw, 2000px\"><\/noscript><img class=\"aligncenter wp-image-2447 size-full lazyload\" src=\"data:image\/svg+xml,%3Csvg%20xmlns%3D%22http%3A%2F%2Fwww.w3.org%2F2000%2Fsvg%22%20viewBox%3D%220%200%202000%201334%22%3E%3C%2Fsvg%3E\" alt width=\"2000\" height=\"1334\" srcset=\"data:image\/svg+xml,%3Csvg%20xmlns%3D%22http%3A%2F%2Fwww.w3.org%2F2000%2Fsvg%22%20viewBox%3D%220%200%202000%201334%22%3E%3C%2Fsvg%3E 2000w\" sizes=\"(max-width: 2000px) 100vw, 2000px\" data-srcset=\"https:\/\/www.doellken-lighting.com\/wp-content\/uploads\/2021\/04\/DL_Unterwasser.jpg 2000w, https:\/\/www.doellken-lighting.com\/wp-content\/uploads\/2021\/04\/DL_Unterwasser-900x600.jpg 900w, https:\/\/www.doellken-lighting.com\/wp-content\/uploads\/2021\/04\/DL_Unterwasser-1800x1201.jpg 1800w, https:\/\/www.doellken-lighting.com\/wp-content\/uploads\/2021\/04\/DL_Unterwasser-768x512.jpg 768w, https:\/\/www.doellken-lighting.com\/wp-content\/uploads\/2021\/04\/DL_Unterwasser-1536x1025.jpg 1536w, https:\/\/www.doellken-lighting.com\/wp-content\/uploads\/2021\/04\/DL_Unterwasser-420x280.jpg 420w, https:\/\/www.doellken-lighting.com\/wp-content\/uploads\/2021\/04\/DL_Unterwasser-600x400.jpg 600w, https:\/\/www.doellken-lighting.com\/wp-content\/uploads\/2021\/04\/DL_Unterwasser-1290x860.jpg 1290w\" data-src=\"https:\/\/www.doellken-lighting.com\/wp-content\/uploads\/2021\/04\/DL_Unterwasser.jpg\"><\/a><\/p>\n<div class=\"spacer spacer-medium\"><\/div>\n<h3><span style=\"color: #ff9e16;\">O\u015bwietlenie do zastosowa\u0144 podwodnych <\/span><\/h3>\n<div class=\"spacer spacer-medium\"><\/div><\/div><div class=\"column one-third  \"><div class=\"spacer spacer-medium\"><\/div>\n<p><a href=\"https:\/\/www.doellken-lighting.com\/pl\/rozwiazania-oswietleniowe\/ogrod-i-krajobraz\/\"><noscript><img class=\"aligncenter wp-image-2443 size-full\" src=\"https:\/\/www.doellken-lighting.com\/wp-content\/uploads\/2021\/04\/DL_GaLa.jpg\" alt width=\"2000\" height=\"1333\" srcset=\"https:\/\/www.doellken-lighting.com\/wp-content\/uploads\/2021\/04\/DL_GaLa.jpg 2000w, https:\/\/www.doellken-lighting.com\/wp-content\/uploads\/2021\/04\/DL_GaLa-900x600.jpg 900w, https:\/\/www.doellken-lighting.com\/wp-content\/uploads\/2021\/04\/DL_GaLa-1800x1200.jpg 1800w, https:\/\/www.doellken-lighting.com\/wp-content\/uploads\/2021\/04\/DL_GaLa-768x512.jpg 768w, https:\/\/www.doellken-lighting.com\/wp-content\/uploads\/2021\/04\/DL_GaLa-1536x1024.jpg 1536w, https:\/\/www.doellken-lighting.com\/wp-content\/uploads\/2021\/04\/DL_GaLa-420x280.jpg 420w, https:\/\/www.doellken-lighting.com\/wp-content\/uploads\/2021\/04\/DL_GaLa-600x400.jpg 600w, https:\/\/www.doellken-lighting.com\/wp-content\/uploads\/2021\/04\/DL_GaLa-1290x860.jpg 1290w\" sizes=\"(max-width: 2000px) 100vw, 2000px\"><\/noscript><img class=\"aligncenter wp-image-2443 size-full lazyload\" src=\"data:image\/svg+xml,%3Csvg%20xmlns%3D%22http%3A%2F%2Fwww.w3.org%2F2000%2Fsvg%22%20viewBox%3D%220%200%202000%201333%22%3E%3C%2Fsvg%3E\" alt width=\"2000\" height=\"1333\" srcset=\"data:image\/svg+xml,%3Csvg%20xmlns%3D%22http%3A%2F%2Fwww.w3.org%2F2000%2Fsvg%22%20viewBox%3D%220%200%202000%201333%22%3E%3C%2Fsvg%3E 2000w\" sizes=\"(max-width: 2000px) 100vw, 2000px\" data-srcset=\"https:\/\/www.doellken-lighting.com\/wp-content\/uploads\/2021\/04\/DL_GaLa.jpg 2000w, https:\/\/www.doellken-lighting.com\/wp-content\/uploads\/2021\/04\/DL_GaLa-900x600.jpg 900w, https:\/\/www.doellken-lighting.com\/wp-content\/uploads\/2021\/04\/DL_GaLa-1800x1200.jpg 1800w, https:\/\/www.doellken-lighting.com\/wp-content\/uploads\/2021\/04\/DL_GaLa-768x512.jpg 768w, https:\/\/www.doellken-lighting.com\/wp-content\/uploads\/2021\/04\/DL_GaLa-1536x1024.jpg 1536w, https:\/\/www.doellken-lighting.com\/wp-content\/uploads\/2021\/04\/DL_GaLa-420x280.jpg 420w, https:\/\/www.doellken-lighting.com\/wp-content\/uploads\/2021\/04\/DL_GaLa-600x400.jpg 600w, https:\/\/www.doellken-lighting.com\/wp-content\/uploads\/2021\/04\/DL_GaLa-1290x860.jpg 1290w\" data-src=\"https:\/\/www.doellken-lighting.com\/wp-content\/uploads\/2021\/04\/DL_GaLa.jpg\"><\/a><\/p>\n<div class=\"spacer spacer-medium\"><\/div>\n<h3><span style=\"color: #ff9e16;\">O\u015bwietlenie ogrod\u00f3w i krajobraz\u00f3w <\/span><\/h3>\n<div class=\"spacer spacer-medium\"><\/div><\/div><div class=\"column one-third last-col \"><div class=\"spacer spacer-medium\"><\/div>\n<p><a href=\"https:\/\/www.doellken-lighting.com\/pl\/rozwiazania-oswietleniowe\/przemysl\/\"><noscript><img class=\"aligncenter wp-image-2444 size-full\" src=\"https:\/\/www.doellken-lighting.com\/wp-content\/uploads\/2021\/04\/DL_Industrie.jpg\" alt width=\"2000\" height=\"1333\" srcset=\"https:\/\/www.doellken-lighting.com\/wp-content\/uploads\/2021\/04\/DL_Industrie.jpg 2000w, https:\/\/www.doellken-lighting.com\/wp-content\/uploads\/2021\/04\/DL_Industrie-900x600.jpg 900w, https:\/\/www.doellken-lighting.com\/wp-content\/uploads\/2021\/04\/DL_Industrie-1800x1200.jpg 1800w, https:\/\/www.doellken-lighting.com\/wp-content\/uploads\/2021\/04\/DL_Industrie-768x512.jpg 768w, https:\/\/www.doellken-lighting.com\/wp-content\/uploads\/2021\/04\/DL_Industrie-1536x1024.jpg 1536w, https:\/\/www.doellken-lighting.com\/wp-content\/uploads\/2021\/04\/DL_Industrie-420x280.jpg 420w, https:\/\/www.doellken-lighting.com\/wp-content\/uploads\/2021\/04\/DL_Industrie-600x400.jpg 600w, https:\/\/www.doellken-lighting.com\/wp-content\/uploads\/2021\/04\/DL_Industrie-1290x860.jpg 1290w\" sizes=\"(max-width: 2000px) 100vw, 2000px\"><\/noscript><img class=\"aligncenter wp-image-2444 size-full lazyload\" src=\"data:image\/svg+xml,%3Csvg%20xmlns%3D%22http%3A%2F%2Fwww.w3.org%2F2000%2Fsvg%22%20viewBox%3D%220%200%202000%201333%22%3E%3C%2Fsvg%3E\" alt width=\"2000\" height=\"1333\" srcset=\"data:image\/svg+xml,%3Csvg%20xmlns%3D%22http%3A%2F%2Fwww.w3.org%2F2000%2Fsvg%22%20viewBox%3D%220%200%202000%201333%22%3E%3C%2Fsvg%3E 2000w\" sizes=\"(max-width: 2000px) 100vw, 2000px\" data-srcset=\"https:\/\/www.doellken-lighting.com\/wp-content\/uploads\/2021\/04\/DL_Industrie.jpg 2000w, https:\/\/www.doellken-lighting.com\/wp-content\/uploads\/2021\/04\/DL_Industrie-900x600.jpg 900w, https:\/\/www.doellken-lighting.com\/wp-content\/uploads\/2021\/04\/DL_Industrie-1800x1200.jpg 1800w, https:\/\/www.doellken-lighting.com\/wp-content\/uploads\/2021\/04\/DL_Industrie-768x512.jpg 768w, https:\/\/www.doellken-lighting.com\/wp-content\/uploads\/2021\/04\/DL_Industrie-1536x1024.jpg 1536w, https:\/\/www.doellken-lighting.com\/wp-content\/uploads\/2021\/04\/DL_Industrie-420x280.jpg 420w, https:\/\/www.doellken-lighting.com\/wp-content\/uploads\/2021\/04\/DL_Industrie-600x400.jpg 600w, https:\/\/www.doellken-lighting.com\/wp-content\/uploads\/2021\/04\/DL_Industrie-1290x860.jpg 1290w\" data-src=\"https:\/\/www.doellken-lighting.com\/wp-content\/uploads\/2021\/04\/DL_Industrie.jpg\"><\/a><\/p>\n<div class=\"spacer spacer-medium\"><\/div>\n<h3><span style=\"color: #ff9e16;\">O\u015bwietlenie dla przemys\u0142u<\/span><\/h3>\n<div class=\"spacer spacer-medium\"><\/div><\/div><\/div><\/div><div class=\"spacer spacer-big\"><\/div>\n","protected":false},"excerpt":{"rendered":"","protected":false},"author":2,"featured_media":0,"parent":0,"menu_order":0,"comment_status":"closed","ping_status":"closed","template":"","meta":[],"yoast_head":"<!-- This site is optimized with the Yoast SEO Premium plugin v18.1 (Yoast SEO v18.3) - https:\/\/yoast.com\/wordpress\/plugins\/seo\/ -->\n<title>Rozwi\u0105zania o\u015bwietleniowe<\/title>\n<meta name=\"robots\" content=\"index, follow, max-snippet:-1, max-image-preview:large, max-video-preview:-1\" \/>\n<link rel=\"canonical\" href=\"https:\/\/www.doellken-lighting.com\/pl\/rozwiazania-oswietleniowe\/\" \/>\n<meta property=\"og:locale\" content=\"pl_PL\" \/>\n<meta property=\"og:type\" content=\"article\" \/>\n<meta property=\"og:title\" content=\"Rozwi\u0105zania o\u015bwietleniowe\" \/>\n<meta property=\"og:url\" content=\"https:\/\/www.doellken-lighting.com\/pl\/rozwiazania-oswietleniowe\/\" \/>\n<meta property=\"og:site_name\" content=\"D\u00f6llken Lighting\" \/>\n<meta property=\"article:publisher\" content=\"https:\/\/www.facebook.com\/doellkenlighting\/\" \/>\n<meta property=\"article:modified_time\" content=\"2021-05-18T08:34:32+00:00\" \/>\n<meta property=\"og:image\" content=\"https:\/\/www.doellken-lighting.com\/wp-content\/uploads\/2021\/04\/DL_Schifffahrt.jpg\" \/>\n<meta name=\"twitter:card\" content=\"summary_large_image\" \/>\n<meta name=\"twitter:label1\" content=\"Szacowany czas czytania\" \/>\n\t<meta name=\"twitter:data1\" content=\"2 minuty\" \/>\n<script type=\"application\/ld+json\" class=\"yoast-schema-graph\">{\"@context\":\"https:\/\/schema.org\",\"@graph\":[{\"@type\":\"Organization\",\"@id\":\"https:\/\/www.doellken-lighting.com\/#organization\",\"name\":\"D\u00f6llken Lighting\",\"url\":\"https:\/\/www.doellken-lighting.com\/\",\"sameAs\":[\"https:\/\/www.facebook.com\/doellkenlighting\/\",\"https:\/\/www.instagram.com\/doellkenlighting\/\",\"https:\/\/www.youtube.com\/channel\/UCaQBiul1oqA25Zk0X_vkAAQ\"],\"logo\":{\"@type\":\"ImageObject\",\"@id\":\"https:\/\/www.doellken-lighting.com\/#logo\",\"inLanguage\":\"pl-PL\",\"url\":\"https:\/\/www.doellken-lighting.com\/wp-content\/uploads\/2020\/01\/doellken_lighting_logo_cookie.png\",\"contentUrl\":\"https:\/\/www.doellken-lighting.com\/wp-content\/uploads\/2020\/01\/doellken_lighting_logo_cookie.png\",\"width\":250,\"height\":40,\"caption\":\"D\u00f6llken Lighting\"},\"image\":{\"@id\":\"https:\/\/www.doellken-lighting.com\/#logo\"}},{\"@type\":\"WebSite\",\"@id\":\"https:\/\/www.doellken-lighting.com\/#website\",\"url\":\"https:\/\/www.doellken-lighting.com\/\",\"name\":\"D\u00f6llken Lighting\",\"description\":\"Das Infinite Light System\",\"publisher\":{\"@id\":\"https:\/\/www.doellken-lighting.com\/#organization\"},\"potentialAction\":[{\"@type\":\"SearchAction\",\"target\":{\"@type\":\"EntryPoint\",\"urlTemplate\":\"https:\/\/www.doellken-lighting.com\/?s={search_term_string}\"},\"query-input\":\"required name=search_term_string\"}],\"inLanguage\":\"pl-PL\"},{\"@type\":\"ImageObject\",\"@id\":\"https:\/\/www.doellken-lighting.com\/pl\/rozwiazania-oswietleniowe\/#primaryimage\",\"inLanguage\":\"pl-PL\",\"url\":\"https:\/\/www.doellken-lighting.com\/wp-content\/uploads\/2021\/04\/DL_Schifffahrt.jpg\",\"contentUrl\":\"https:\/\/www.doellken-lighting.com\/wp-content\/uploads\/2021\/04\/DL_Schifffahrt.jpg\",\"width\":2000,\"height\":1333},{\"@type\":\"WebPage\",\"@id\":\"https:\/\/www.doellken-lighting.com\/pl\/rozwiazania-oswietleniowe\/#webpage\",\"url\":\"https:\/\/www.doellken-lighting.com\/pl\/rozwiazania-oswietleniowe\/\",\"name\":\"Rozwi\u0105zania o\u015bwietleniowe\",\"isPartOf\":{\"@id\":\"https:\/\/www.doellken-lighting.com\/#website\"},\"primaryImageOfPage\":{\"@id\":\"https:\/\/www.doellken-lighting.com\/pl\/rozwiazania-oswietleniowe\/#primaryimage\"},\"datePublished\":\"2021-05-12T09:20:57+00:00\",\"dateModified\":\"2021-05-18T08:34:32+00:00\",\"breadcrumb\":{\"@id\":\"https:\/\/www.doellken-lighting.com\/pl\/rozwiazania-oswietleniowe\/#breadcrumb\"},\"inLanguage\":\"pl-PL\",\"potentialAction\":[{\"@type\":\"ReadAction\",\"target\":[\"https:\/\/www.doellken-lighting.com\/pl\/rozwiazania-oswietleniowe\/\"]}]},{\"@type\":\"BreadcrumbList\",\"@id\":\"https:\/\/www.doellken-lighting.com\/pl\/rozwiazania-oswietleniowe\/#breadcrumb\",\"itemListElement\":[{\"@type\":\"ListItem\",\"position\":1,\"name\":\"Startseite\",\"item\":\"https:\/\/www.doellken-lighting.com\/pl\/\"},{\"@type\":\"ListItem\",\"position\":2,\"name\":\"Rozwi\u0105zania o\u015bwietleniowe\"}]}]}<\/script>\n<!-- \/ Yoast SEO Premium plugin. -->","yoast_head_json":{"title":"Rozwi\u0105zania o\u015bwietleniowe","robots":{"index":"index","follow":"follow","max-snippet":"max-snippet:-1","max-image-preview":"max-image-preview:large","max-video-preview":"max-video-preview:-1"},"canonical":"https:\/\/www.doellken-lighting.com\/pl\/rozwiazania-oswietleniowe\/","og_locale":"pl_PL","og_type":"article","og_title":"Rozwi\u0105zania o\u015bwietleniowe","og_url":"https:\/\/www.doellken-lighting.com\/pl\/rozwiazania-oswietleniowe\/","og_site_name":"D\u00f6llken Lighting","article_publisher":"https:\/\/www.facebook.com\/doellkenlighting\/","article_modified_time":"2021-05-18T08:34:32+00:00","og_image":[{"url":"https:\/\/www.doellken-lighting.com\/wp-content\/uploads\/2021\/04\/DL_Schifffahrt.jpg"}],"twitter_card":"summary_large_image","twitter_misc":{"Szacowany czas czytania":"2 minuty"},"schema":{"@context":"https:\/\/schema.org","@graph":[{"@type":"Organization","@id":"https:\/\/www.doellken-lighting.com\/#organization","name":"D\u00f6llken Lighting","url":"https:\/\/www.doellken-lighting.com\/","sameAs":["https:\/\/www.facebook.com\/doellkenlighting\/","https:\/\/www.instagram.com\/doellkenlighting\/","https:\/\/www.youtube.com\/channel\/UCaQBiul1oqA25Zk0X_vkAAQ"],"logo":{"@type":"ImageObject","@id":"https:\/\/www.doellken-lighting.com\/#logo","inLanguage":"pl-PL","url":"https:\/\/www.doellken-lighting.com\/wp-content\/uploads\/2020\/01\/doellken_lighting_logo_cookie.png","contentUrl":"https:\/\/www.doellken-lighting.com\/wp-content\/uploads\/2020\/01\/doellken_lighting_logo_cookie.png","width":250,"height":40,"caption":"D\u00f6llken Lighting"},"image":{"@id":"https:\/\/www.doellken-lighting.com\/#logo"}},{"@type":"WebSite","@id":"https:\/\/www.doellken-lighting.com\/#website","url":"https:\/\/www.doellken-lighting.com\/","name":"D\u00f6llken Lighting","description":"Das Infinite Light System","publisher":{"@id":"https:\/\/www.doellken-lighting.com\/#organization"},"potentialAction":[{"@type":"SearchAction","target":{"@type":"EntryPoint","urlTemplate":"https:\/\/www.doellken-lighting.com\/?s={search_term_string}"},"query-input":"required name=search_term_string"}],"inLanguage":"pl-PL"},{"@type":"ImageObject","@id":"https:\/\/www.doellken-lighting.com\/pl\/rozwiazania-oswietleniowe\/#primaryimage","inLanguage":"pl-PL","url":"https:\/\/www.doellken-lighting.com\/wp-content\/uploads\/2021\/04\/DL_Schifffahrt.jpg","contentUrl":"https:\/\/www.doellken-lighting.com\/wp-content\/uploads\/2021\/04\/DL_Schifffahrt.jpg","width":2000,"height":1333},{"@type":"WebPage","@id":"https:\/\/www.doellken-lighting.com\/pl\/rozwiazania-oswietleniowe\/#webpage","url":"https:\/\/www.doellken-lighting.com\/pl\/rozwiazania-oswietleniowe\/","name":"Rozwi\u0105zania o\u015bwietleniowe","isPartOf":{"@id":"https:\/\/www.doellken-lighting.com\/#website"},"primaryImageOfPage":{"@id":"https:\/\/www.doellken-lighting.com\/pl\/rozwiazania-oswietleniowe\/#primaryimage"},"datePublished":"2021-05-12T09:20:57+00:00","dateModified":"2021-05-18T08:34:32+00:00","breadcrumb":{"@id":"https:\/\/www.doellken-lighting.com\/pl\/rozwiazania-oswietleniowe\/#breadcrumb"},"inLanguage":"pl-PL","potentialAction":[{"@type":"ReadAction","target":["https:\/\/www.doellken-lighting.com\/pl\/rozwiazania-oswietleniowe\/"]}]},{"@type":"BreadcrumbList","@id":"https:\/\/www.doellken-lighting.com\/pl\/rozwiazania-oswietleniowe\/#breadcrumb","itemListElement":[{"@type":"ListItem","position":1,"name":"Startseite","item":"https:\/\/www.doellken-lighting.com\/pl\/"},{"@type":"ListItem","position":2,"name":"Rozwi\u0105zania o\u015bwietleniowe"}]}]}},"_links":{"self":[{"href":"https:\/\/www.doellken-lighting.com\/pl\/wp-json\/wp\/v2\/pages\/2577"}],"collection":[{"href":"https:\/\/www.doellken-lighting.com\/pl\/wp-json\/wp\/v2\/pages"}],"about":[{"href":"https:\/\/www.doellken-lighting.com\/pl\/wp-json\/wp\/v2\/types\/page"}],"author":[{"embeddable":true,"href":"https:\/\/www.doellken-lighting.com\/pl\/wp-json\/wp\/v2\/users\/2"}],"replies":[{"embeddable":true,"href":"https:\/\/www.doellken-lighting.com\/pl\/wp-json\/wp\/v2\/comments?post=2577"}],"version-history":[{"count":12,"href":"https:\/\/www.doellken-lighting.com\/pl\/wp-json\/wp\/v2\/pages\/2577\/revisions"}],"predecessor-version":[{"id":2661,"href":"https:\/\/www.doellken-lighting.com\/pl\/wp-json\/wp\/v2\/pages\/2577\/revisions\/2661"}],"wp:attachment":[{"href":"https:\/\/www.doellken-lighting.com\/pl\/wp-json\/wp\/v2\/media?parent=2577"}],"curies":[{"name":"wp","href":"https:\/\/api.w.org\/{rel}","templated":true}]}}