{"id":2625,"date":"2021-04-21T10:15:32","date_gmt":"2021-04-21T08:15:32","guid":{"rendered":"https:\/\/www.doellken-lighting.com\/rozwiazania-oswietleniowe\/licht-fuer-marine\/"},"modified":"2024-08-09T13:58:15","modified_gmt":"2024-08-09T11:58:15","slug":"morski","status":"publish","type":"page","link":"https:\/\/www.doellken-lighting.com\/pl\/rozwiazania-oswietleniowe\/morski\/","title":{"rendered":"O\u015bwietlenie do zastosowania na jednostkach morskich"},"content":{"rendered":"<div class=\"wrapper\"><div id class=\"column-section clearfix spaced-normal \"><div class=\"column one-half  \"><div class=\"spacer spacer-big\"><\/div>\n<h1>O\u015bwietlenie do zastosowania na jednostkach morskich<\/h1>\n<div class=\"spacer spacer-medium\"><\/div><\/div><div class=\"column one-half last-col \"><\/div><\/div><\/div><div class=\"wrapper\"><div id class=\"column-section clearfix spaced-normal \"><div class=\"column two-third  \">\n<p>\u015awiat\u0142o ma znacz\u0105cy wp\u0142yw na samopoczucie pasa\u017cer\u00f3w, u\u0142atwia orientacj\u0119 na pok\u0142adzie i poszerza percepcj\u0119. Dzi\u0119ki naszym ta\u015bmom LED mo\u017cemy mie\u0107 znacz\u0105cy wp\u0142yw na design jednostki p\u0142ywaj\u0105cej \u2013 dlatego jeste\u015bmy wa\u017cnym partnerem dla bran\u017cy przemys\u0142u morskiego.<\/p>\n<p>Podczas projektowania i budowy jednostki nasze produkty pozwalaj\u0105 klientowi popu\u015bci\u0107 wodze fantazji. Dostarczane przez nas innowacyjne rozwi\u0105zania w zakresie o\u015bwietlenia wpisuj\u0105 si\u0119 doskonale w trend energooszcz\u0119dno\u015bci, kt\u00f3ry jest coraz bardziej widoczny tak\u017ce i w przemy\u015ble morskim. Produkty Doellken Lighting mo\u017cna r\u00f3wnie\u017c zintegrowa\u0107 z istniej\u0105c\u0105 ju\u017c infrastruktur\u0105. W tego typu modernizacji z wykorzystaniem najnowszej technologii o\u015bwietleniowej chodzi przede wszystkim o uwzgl\u0119dnienie do\u015bwiadcze\u0144 u\u017cytkownik\u00f3w i dostosowanie o\u015bwietlenia do nowych wymaga\u0144 projektowych.<\/p>\n<p>Dzia\u0142amy w nast\u0119puj\u0105cych sektorach:<\/p>\n<ul>\n<li>statki wycieczkowe<\/li>\n<li>jachty<\/li>\n<li>\u0142odzie sportowe i \u017caglowe<\/li>\n<li>okr\u0119ty marynarki wojennej<\/li>\n<li>statki towarowe<\/li>\n<\/ul>\n<p>Oferujemy efektywne i trwa\u0142e rozwi\u0105zania, idealnie dopasowane do wymaga\u0144 przemys\u0142u morskiego. Nasze ta\u015bmy LED mo\u017cna stosowa\u0107 zar\u00f3wno we wn\u0119trzach, jak i na zewn\u0105trz, na istniej\u0105cych lub dopiero projektowanych jednostkach.<\/p>\n<div class=\"spacer spacer-small\"><\/div>\n<p><a class=\"dark-link\" title=\"DOWNLOAD MARINEBROSCH\u00dcRE-PDF\" href=\"https:\/\/www.doellken-lighting.com\/wp-content\/uploads\/2024\/08\/doellken-led-mb.pdf\" target=\"_blank\" rel=\"noopener\">BROSZURA DLA BRAN\u017bY MORSKIEJ &#8211; PDF<\/a><\/p>\n<\/div><div class=\"column one-third last-col \"><\/div><\/div><\/div><div class=\"spacer spacer-big\"><\/div><div class=\"no-wrapper\"><div id class=\"column-section clearfix spaced-normal \"><div class=\"column one-third  \">\n<p><a href=\"https:\/\/www.doellken-lighting.com\/pl\/portfolio\/sunreef\/\"><noscript><img class=\"alignnone size-full wp-image-1870\" src=\"https:\/\/www.doellken-lighting.com\/wp-content\/uploads\/2020\/03\/schiff-lo.jpg\" alt width=\"1845\" height=\"1230\" srcset=\"https:\/\/www.doellken-lighting.com\/wp-content\/uploads\/2020\/03\/schiff-lo-420x280.jpg 420w, https:\/\/www.doellken-lighting.com\/wp-content\/uploads\/2020\/03\/schiff-lo-600x400.jpg 600w, https:\/\/www.doellken-lighting.com\/wp-content\/uploads\/2020\/03\/schiff-lo-900x600.jpg 900w\" sizes=\"(max-width: 1845px) 100vw, 1845px\"><\/noscript><img class=\"alignnone size-full wp-image-1870 lazyload\" src=\"data:image\/svg+xml,%3Csvg%20xmlns%3D%22http%3A%2F%2Fwww.w3.org%2F2000%2Fsvg%22%20viewBox%3D%220%200%201845%201230%22%3E%3C%2Fsvg%3E\" alt width=\"1845\" height=\"1230\" srcset=\"data:image\/svg+xml,%3Csvg%20xmlns%3D%22http%3A%2F%2Fwww.w3.org%2F2000%2Fsvg%22%20viewBox%3D%220%200%201845%201230%22%3E%3C%2Fsvg%3E 1845w\" sizes=\"(max-width: 1845px) 100vw, 1845px\" data-srcset=\"https:\/\/www.doellken-lighting.com\/wp-content\/uploads\/2020\/03\/schiff-lo-420x280.jpg 420w, https:\/\/www.doellken-lighting.com\/wp-content\/uploads\/2020\/03\/schiff-lo-600x400.jpg 600w, https:\/\/www.doellken-lighting.com\/wp-content\/uploads\/2020\/03\/schiff-lo-900x600.jpg 900w\" data-src=\"https:\/\/www.doellken-lighting.com\/wp-content\/uploads\/2020\/03\/schiff-lo.jpg\"><\/a><\/p>\n<\/div><div class=\"column one-third  \">\n<p><a href=\"https:\/\/www.doellken-lighting.com\/pl\/portfolio\/meinschiff\/\"><noscript><img class=\"aligncenter wp-image-1611 size-full\" src=\"https:\/\/www.doellken-lighting.com\/wp-content\/uploads\/2019\/10\/Mein-Schiff-5-Pool-und-Pooldeck_web-komprimiert-2.jpg\" alt=\"LED-Orientierungsleuchte MeinSchiff 5\" width=\"1000\" height=\"667\" srcset=\"https:\/\/www.doellken-lighting.com\/wp-content\/uploads\/2019\/10\/Mein-Schiff-5-Pool-und-Pooldeck_web-komprimiert-2.jpg 1000w, https:\/\/www.doellken-lighting.com\/wp-content\/uploads\/2019\/10\/Mein-Schiff-5-Pool-und-Pooldeck_web-komprimiert-2-900x600.jpg 900w, https:\/\/www.doellken-lighting.com\/wp-content\/uploads\/2019\/10\/Mein-Schiff-5-Pool-und-Pooldeck_web-komprimiert-2-768x512.jpg 768w, https:\/\/www.doellken-lighting.com\/wp-content\/uploads\/2019\/10\/Mein-Schiff-5-Pool-und-Pooldeck_web-komprimiert-2-420x280.jpg 420w, https:\/\/www.doellken-lighting.com\/wp-content\/uploads\/2019\/10\/Mein-Schiff-5-Pool-und-Pooldeck_web-komprimiert-2-600x400.jpg 600w, https:\/\/www.doellken-lighting.com\/wp-content\/uploads\/2019\/10\/Mein-Schiff-5-Pool-und-Pooldeck_web-komprimiert-2-300x200.jpg 300w\" sizes=\"(max-width: 1000px) 100vw, 1000px\"><\/noscript><img class=\"aligncenter wp-image-1611 size-full lazyload\" src=\"data:image\/svg+xml,%3Csvg%20xmlns%3D%22http%3A%2F%2Fwww.w3.org%2F2000%2Fsvg%22%20viewBox%3D%220%200%201000%20667%22%3E%3C%2Fsvg%3E\" alt=\"LED-Orientierungsleuchte MeinSchiff 5\" width=\"1000\" height=\"667\" srcset=\"data:image\/svg+xml,%3Csvg%20xmlns%3D%22http%3A%2F%2Fwww.w3.org%2F2000%2Fsvg%22%20viewBox%3D%220%200%201000%20667%22%3E%3C%2Fsvg%3E 1000w\" sizes=\"(max-width: 1000px) 100vw, 1000px\" data-srcset=\"https:\/\/www.doellken-lighting.com\/wp-content\/uploads\/2019\/10\/Mein-Schiff-5-Pool-und-Pooldeck_web-komprimiert-2.jpg 1000w, https:\/\/www.doellken-lighting.com\/wp-content\/uploads\/2019\/10\/Mein-Schiff-5-Pool-und-Pooldeck_web-komprimiert-2-900x600.jpg 900w, https:\/\/www.doellken-lighting.com\/wp-content\/uploads\/2019\/10\/Mein-Schiff-5-Pool-und-Pooldeck_web-komprimiert-2-768x512.jpg 768w, https:\/\/www.doellken-lighting.com\/wp-content\/uploads\/2019\/10\/Mein-Schiff-5-Pool-und-Pooldeck_web-komprimiert-2-420x280.jpg 420w, https:\/\/www.doellken-lighting.com\/wp-content\/uploads\/2019\/10\/Mein-Schiff-5-Pool-und-Pooldeck_web-komprimiert-2-600x400.jpg 600w, https:\/\/www.doellken-lighting.com\/wp-content\/uploads\/2019\/10\/Mein-Schiff-5-Pool-und-Pooldeck_web-komprimiert-2-300x200.jpg 300w\" data-src=\"https:\/\/www.doellken-lighting.com\/wp-content\/uploads\/2019\/10\/Mein-Schiff-5-Pool-und-Pooldeck_web-komprimiert-2.jpg\"><\/a><\/p>\n<\/div><div class=\"column one-third last-col \">\n<p><a href=\"https:\/\/www.doellken-lighting.com\/pl\/portfolio\/colorline\/\"><noscript><img class=\"alignnone size-medium wp-image-2698\" src=\"https:\/\/www.doellken-lighting.com\/wp-content\/uploads\/2021\/04\/DSR8364_web-900x600.jpg\" alt width=\"900\" height=\"600\" srcset=\"https:\/\/www.doellken-lighting.com\/wp-content\/uploads\/2021\/04\/DSR8364_web-900x600.jpg 900w, https:\/\/www.doellken-lighting.com\/wp-content\/uploads\/2021\/04\/DSR8364_web-1800x1200.jpg 1800w, https:\/\/www.doellken-lighting.com\/wp-content\/uploads\/2021\/04\/DSR8364_web-768x512.jpg 768w, https:\/\/www.doellken-lighting.com\/wp-content\/uploads\/2021\/04\/DSR8364_web-1536x1024.jpg 1536w, https:\/\/www.doellken-lighting.com\/wp-content\/uploads\/2021\/04\/DSR8364_web-2048x1366.jpg 2048w, https:\/\/www.doellken-lighting.com\/wp-content\/uploads\/2021\/04\/DSR8364_web-420x280.jpg 420w, https:\/\/www.doellken-lighting.com\/wp-content\/uploads\/2021\/04\/DSR8364_web-600x400.jpg 600w, https:\/\/www.doellken-lighting.com\/wp-content\/uploads\/2021\/04\/DSR8364_web-1290x860.jpg 1290w\" sizes=\"(max-width: 900px) 100vw, 900px\"><\/noscript><img class=\"alignnone size-medium wp-image-2698 lazyload\" src=\"data:image\/svg+xml,%3Csvg%20xmlns%3D%22http%3A%2F%2Fwww.w3.org%2F2000%2Fsvg%22%20viewBox%3D%220%200%20900%20600%22%3E%3C%2Fsvg%3E\" alt width=\"900\" height=\"600\" srcset=\"data:image\/svg+xml,%3Csvg%20xmlns%3D%22http%3A%2F%2Fwww.w3.org%2F2000%2Fsvg%22%20viewBox%3D%220%200%20900%20600%22%3E%3C%2Fsvg%3E 900w\" sizes=\"(max-width: 900px) 100vw, 900px\" data-srcset=\"https:\/\/www.doellken-lighting.com\/wp-content\/uploads\/2021\/04\/DSR8364_web-900x600.jpg 900w, https:\/\/www.doellken-lighting.com\/wp-content\/uploads\/2021\/04\/DSR8364_web-1800x1200.jpg 1800w, https:\/\/www.doellken-lighting.com\/wp-content\/uploads\/2021\/04\/DSR8364_web-768x512.jpg 768w, https:\/\/www.doellken-lighting.com\/wp-content\/uploads\/2021\/04\/DSR8364_web-1536x1024.jpg 1536w, https:\/\/www.doellken-lighting.com\/wp-content\/uploads\/2021\/04\/DSR8364_web-2048x1366.jpg 2048w, https:\/\/www.doellken-lighting.com\/wp-content\/uploads\/2021\/04\/DSR8364_web-420x280.jpg 420w, https:\/\/www.doellken-lighting.com\/wp-content\/uploads\/2021\/04\/DSR8364_web-600x400.jpg 600w, https:\/\/www.doellken-lighting.com\/wp-content\/uploads\/2021\/04\/DSR8364_web-1290x860.jpg 1290w\" data-src=\"https:\/\/www.doellken-lighting.com\/wp-content\/uploads\/2021\/04\/DSR8364_web-900x600.jpg\"><\/a><\/p>\n<\/div><\/div><\/div><div class=\"wrapper\"><div id class=\"column-section clearfix spaced-normal \"><div class=\"column one-full last-col \"><div class=\"spacer spacer-big\"><\/div><\/div><\/div><\/div>\n","protected":false},"excerpt":{"rendered":"","protected":false},"author":2,"featured_media":0,"parent":2577,"menu_order":0,"comment_status":"closed","ping_status":"closed","template":"","meta":[],"yoast_head":"<!-- This site is optimized with the Yoast SEO Premium plugin v18.1 (Yoast SEO v18.3) - https:\/\/yoast.com\/wordpress\/plugins\/seo\/ -->\n<title>O\u015bwietlenie do zastosowania na jednostkach morskich- D\u00f6llken Lighting<\/title>\n<meta name=\"robots\" content=\"index, follow, max-snippet:-1, max-image-preview:large, max-video-preview:-1\" \/>\n<link rel=\"canonical\" href=\"https:\/\/www.doellken-lighting.com\/pl\/rozwiazania-oswietleniowe\/morski\/\" \/>\n<meta property=\"og:locale\" content=\"pl_PL\" \/>\n<meta property=\"og:type\" content=\"article\" \/>\n<meta property=\"og:title\" content=\"O\u015bwietlenie do zastosowania na jednostkach morskich\" \/>\n<meta property=\"og:url\" content=\"https:\/\/www.doellken-lighting.com\/pl\/rozwiazania-oswietleniowe\/morski\/\" \/>\n<meta property=\"og:site_name\" content=\"D\u00f6llken Lighting\" \/>\n<meta property=\"article:publisher\" content=\"https:\/\/www.facebook.com\/doellkenlighting\/\" \/>\n<meta property=\"article:modified_time\" content=\"2024-08-09T11:58:15+00:00\" \/>\n<meta property=\"og:image\" content=\"https:\/\/www.doellken-lighting.com\/wp-content\/uploads\/2020\/03\/schiff-lo.jpg\" \/>\n<meta name=\"twitter:card\" content=\"summary_large_image\" \/>\n<meta name=\"twitter:label1\" content=\"Szacowany czas czytania\" \/>\n\t<meta name=\"twitter:data1\" content=\"2 minuty\" \/>\n<script type=\"application\/ld+json\" class=\"yoast-schema-graph\">{\"@context\":\"https:\/\/schema.org\",\"@graph\":[{\"@type\":\"Organization\",\"@id\":\"https:\/\/www.doellken-lighting.com\/#organization\",\"name\":\"D\u00f6llken Lighting\",\"url\":\"https:\/\/www.doellken-lighting.com\/\",\"sameAs\":[\"https:\/\/www.facebook.com\/doellkenlighting\/\",\"https:\/\/www.instagram.com\/doellkenlighting\/\",\"https:\/\/www.youtube.com\/channel\/UCaQBiul1oqA25Zk0X_vkAAQ\"],\"logo\":{\"@type\":\"ImageObject\",\"@id\":\"https:\/\/www.doellken-lighting.com\/#logo\",\"inLanguage\":\"pl-PL\",\"url\":\"https:\/\/www.doellken-lighting.com\/wp-content\/uploads\/2020\/01\/doellken_lighting_logo_cookie.png\",\"contentUrl\":\"https:\/\/www.doellken-lighting.com\/wp-content\/uploads\/2020\/01\/doellken_lighting_logo_cookie.png\",\"width\":250,\"height\":40,\"caption\":\"D\u00f6llken Lighting\"},\"image\":{\"@id\":\"https:\/\/www.doellken-lighting.com\/#logo\"}},{\"@type\":\"WebSite\",\"@id\":\"https:\/\/www.doellken-lighting.com\/#website\",\"url\":\"https:\/\/www.doellken-lighting.com\/\",\"name\":\"D\u00f6llken Lighting\",\"description\":\"Das Infinite Light System\",\"publisher\":{\"@id\":\"https:\/\/www.doellken-lighting.com\/#organization\"},\"potentialAction\":[{\"@type\":\"SearchAction\",\"target\":{\"@type\":\"EntryPoint\",\"urlTemplate\":\"https:\/\/www.doellken-lighting.com\/?s={search_term_string}\"},\"query-input\":\"required name=search_term_string\"}],\"inLanguage\":\"pl-PL\"},{\"@type\":\"ImageObject\",\"@id\":\"https:\/\/www.doellken-lighting.com\/pl\/rozwiazania-oswietleniowe\/morski\/#primaryimage\",\"inLanguage\":\"pl-PL\",\"url\":\"https:\/\/www.doellken-lighting.com\/wp-content\/uploads\/2020\/03\/schiff-lo.jpg\",\"contentUrl\":\"https:\/\/www.doellken-lighting.com\/wp-content\/uploads\/2020\/03\/schiff-lo.jpg\",\"width\":2000,\"height\":1667,\"caption\":\"Sunreef Yachtbeleuchtung LED\"},{\"@type\":\"WebPage\",\"@id\":\"https:\/\/www.doellken-lighting.com\/pl\/rozwiazania-oswietleniowe\/morski\/#webpage\",\"url\":\"https:\/\/www.doellken-lighting.com\/pl\/rozwiazania-oswietleniowe\/morski\/\",\"name\":\"O\u015bwietlenie do zastosowania na jednostkach morskich- D\u00f6llken Lighting\",\"isPartOf\":{\"@id\":\"https:\/\/www.doellken-lighting.com\/#website\"},\"primaryImageOfPage\":{\"@id\":\"https:\/\/www.doellken-lighting.com\/pl\/rozwiazania-oswietleniowe\/morski\/#primaryimage\"},\"datePublished\":\"2021-04-21T08:15:32+00:00\",\"dateModified\":\"2024-08-09T11:58:15+00:00\",\"breadcrumb\":{\"@id\":\"https:\/\/www.doellken-lighting.com\/pl\/rozwiazania-oswietleniowe\/morski\/#breadcrumb\"},\"inLanguage\":\"pl-PL\",\"potentialAction\":[{\"@type\":\"ReadAction\",\"target\":[\"https:\/\/www.doellken-lighting.com\/pl\/rozwiazania-oswietleniowe\/morski\/\"]}]},{\"@type\":\"BreadcrumbList\",\"@id\":\"https:\/\/www.doellken-lighting.com\/pl\/rozwiazania-oswietleniowe\/morski\/#breadcrumb\",\"itemListElement\":[{\"@type\":\"ListItem\",\"position\":1,\"name\":\"Startseite\",\"item\":\"https:\/\/www.doellken-lighting.com\/pl\/\"},{\"@type\":\"ListItem\",\"position\":2,\"name\":\"Rozwi\u0105zania o\u015bwietleniowe\",\"item\":\"https:\/\/www.doellken-lighting.com\/pl\/rozwiazania-oswietleniowe\/\"},{\"@type\":\"ListItem\",\"position\":3,\"name\":\"O\u015bwietlenie do zastosowania na jednostkach morskich\"}]}]}<\/script>\n<!-- \/ Yoast SEO Premium plugin. -->","yoast_head_json":{"title":"O\u015bwietlenie do zastosowania na jednostkach morskich- D\u00f6llken Lighting","robots":{"index":"index","follow":"follow","max-snippet":"max-snippet:-1","max-image-preview":"max-image-preview:large","max-video-preview":"max-video-preview:-1"},"canonical":"https:\/\/www.doellken-lighting.com\/pl\/rozwiazania-oswietleniowe\/morski\/","og_locale":"pl_PL","og_type":"article","og_title":"O\u015bwietlenie do zastosowania na jednostkach morskich","og_url":"https:\/\/www.doellken-lighting.com\/pl\/rozwiazania-oswietleniowe\/morski\/","og_site_name":"D\u00f6llken Lighting","article_publisher":"https:\/\/www.facebook.com\/doellkenlighting\/","article_modified_time":"2024-08-09T11:58:15+00:00","og_image":[{"url":"https:\/\/www.doellken-lighting.com\/wp-content\/uploads\/2020\/03\/schiff-lo.jpg"}],"twitter_card":"summary_large_image","twitter_misc":{"Szacowany czas czytania":"2 minuty"},"schema":{"@context":"https:\/\/schema.org","@graph":[{"@type":"Organization","@id":"https:\/\/www.doellken-lighting.com\/#organization","name":"D\u00f6llken Lighting","url":"https:\/\/www.doellken-lighting.com\/","sameAs":["https:\/\/www.facebook.com\/doellkenlighting\/","https:\/\/www.instagram.com\/doellkenlighting\/","https:\/\/www.youtube.com\/channel\/UCaQBiul1oqA25Zk0X_vkAAQ"],"logo":{"@type":"ImageObject","@id":"https:\/\/www.doellken-lighting.com\/#logo","inLanguage":"pl-PL","url":"https:\/\/www.doellken-lighting.com\/wp-content\/uploads\/2020\/01\/doellken_lighting_logo_cookie.png","contentUrl":"https:\/\/www.doellken-lighting.com\/wp-content\/uploads\/2020\/01\/doellken_lighting_logo_cookie.png","width":250,"height":40,"caption":"D\u00f6llken Lighting"},"image":{"@id":"https:\/\/www.doellken-lighting.com\/#logo"}},{"@type":"WebSite","@id":"https:\/\/www.doellken-lighting.com\/#website","url":"https:\/\/www.doellken-lighting.com\/","name":"D\u00f6llken Lighting","description":"Das Infinite Light System","publisher":{"@id":"https:\/\/www.doellken-lighting.com\/#organization"},"potentialAction":[{"@type":"SearchAction","target":{"@type":"EntryPoint","urlTemplate":"https:\/\/www.doellken-lighting.com\/?s={search_term_string}"},"query-input":"required name=search_term_string"}],"inLanguage":"pl-PL"},{"@type":"ImageObject","@id":"https:\/\/www.doellken-lighting.com\/pl\/rozwiazania-oswietleniowe\/morski\/#primaryimage","inLanguage":"pl-PL","url":"https:\/\/www.doellken-lighting.com\/wp-content\/uploads\/2020\/03\/schiff-lo.jpg","contentUrl":"https:\/\/www.doellken-lighting.com\/wp-content\/uploads\/2020\/03\/schiff-lo.jpg","width":2000,"height":1667,"caption":"Sunreef Yachtbeleuchtung LED"},{"@type":"WebPage","@id":"https:\/\/www.doellken-lighting.com\/pl\/rozwiazania-oswietleniowe\/morski\/#webpage","url":"https:\/\/www.doellken-lighting.com\/pl\/rozwiazania-oswietleniowe\/morski\/","name":"O\u015bwietlenie do zastosowania na jednostkach morskich- D\u00f6llken Lighting","isPartOf":{"@id":"https:\/\/www.doellken-lighting.com\/#website"},"primaryImageOfPage":{"@id":"https:\/\/www.doellken-lighting.com\/pl\/rozwiazania-oswietleniowe\/morski\/#primaryimage"},"datePublished":"2021-04-21T08:15:32+00:00","dateModified":"2024-08-09T11:58:15+00:00","breadcrumb":{"@id":"https:\/\/www.doellken-lighting.com\/pl\/rozwiazania-oswietleniowe\/morski\/#breadcrumb"},"inLanguage":"pl-PL","potentialAction":[{"@type":"ReadAction","target":["https:\/\/www.doellken-lighting.com\/pl\/rozwiazania-oswietleniowe\/morski\/"]}]},{"@type":"BreadcrumbList","@id":"https:\/\/www.doellken-lighting.com\/pl\/rozwiazania-oswietleniowe\/morski\/#breadcrumb","itemListElement":[{"@type":"ListItem","position":1,"name":"Startseite","item":"https:\/\/www.doellken-lighting.com\/pl\/"},{"@type":"ListItem","position":2,"name":"Rozwi\u0105zania o\u015bwietleniowe","item":"https:\/\/www.doellken-lighting.com\/pl\/rozwiazania-oswietleniowe\/"},{"@type":"ListItem","position":3,"name":"O\u015bwietlenie do zastosowania na jednostkach morskich"}]}]}},"_links":{"self":[{"href":"https:\/\/www.doellken-lighting.com\/pl\/wp-json\/wp\/v2\/pages\/2625"}],"collection":[{"href":"https:\/\/www.doellken-lighting.com\/pl\/wp-json\/wp\/v2\/pages"}],"about":[{"href":"https:\/\/www.doellken-lighting.com\/pl\/wp-json\/wp\/v2\/types\/page"}],"author":[{"embeddable":true,"href":"https:\/\/www.doellken-lighting.com\/pl\/wp-json\/wp\/v2\/users\/2"}],"replies":[{"embeddable":true,"href":"https:\/\/www.doellken-lighting.com\/pl\/wp-json\/wp\/v2\/comments?post=2625"}],"version-history":[{"count":6,"href":"https:\/\/www.doellken-lighting.com\/pl\/wp-json\/wp\/v2\/pages\/2625\/revisions"}],"predecessor-version":[{"id":3063,"href":"https:\/\/www.doellken-lighting.com\/pl\/wp-json\/wp\/v2\/pages\/2625\/revisions\/3063"}],"up":[{"embeddable":true,"href":"https:\/\/www.doellken-lighting.com\/pl\/wp-json\/wp\/v2\/pages\/2577"}],"wp:attachment":[{"href":"https:\/\/www.doellken-lighting.com\/pl\/wp-json\/wp\/v2\/media?parent=2625"}],"curies":[{"name":"wp","href":"https:\/\/api.w.org\/{rel}","templated":true}]}}