{"id":2633,"date":"2021-04-21T10:25:17","date_gmt":"2021-04-21T08:25:17","guid":{"rendered":"https:\/\/www.doellken-lighting.com\/rozwiazania-oswietleniowe\/licht-fuer-transport-und-verkehr\/"},"modified":"2021-05-18T11:23:27","modified_gmt":"2021-05-18T09:23:27","slug":"oswietlenie-dla-transportu-i-ruchu","status":"publish","type":"page","link":"https:\/\/www.doellken-lighting.com\/pl\/rozwiazania-oswietleniowe\/oswietlenie-dla-transportu-i-ruchu\/","title":{"rendered":"O\u015bwietlenie dla transportu i ruchu"},"content":{"rendered":"<div class=\"wrapper\"><div id class=\"column-section clearfix spaced-normal \"><div class=\"column one-half  \"><div class=\"spacer spacer-big\"><\/div>\n<h1>O\u015bwietlenie dla transportu i ruchu drogowego<\/h1>\n<div class=\"spacer spacer-medium\"><\/div><\/div><div class=\"column one-half last-col \"><\/div><\/div><\/div><div class=\"wrapper\"><div id class=\"column-section clearfix spaced-normal \"><div class=\"column two-third  \">\n<p>O\u015bwietlenie w obszarach transportu i ruchu drogowego podlega najwy\u017cszym standardom w zakresie bezpiecze\u0144stwa i jako\u015bci, a projekty w tym zakresie niejednokrotnie musz\u0105 by\u0107 zatwierdzone przez urz\u0119dowe instytucje. Rozwi\u0105zania te musz\u0105 wytrzymywa\u0107 ogromne obci\u0105\u017cenia mechaniczne.<\/p>\n<p>Ze wzgl\u0119du na w\u0142a\u015bciwo\u015bci u\u017cytych materia\u0142\u00f3w oraz technik\u0119 \u0142\u0105czenia nasze ta\u015bmy LED otrzyma\u0142y m.in. wybrane aprobaty niemieckiego Federalnego Zwi\u0105zku ds. Ruchu Drogowego oraz certyfikaty w dziedzinie lotnictwa, dzi\u0119ki czemu znajduj\u0105 zastosowanie w wymagaj\u0105cych bran\u017cach. Bezpiecze\u0144stwo rozwi\u0105za\u0144 LED gwarantuje m.in. mo\u017cliwo\u015b\u0107 zabarwienia powierzchni emituj\u0105cej \u015bwiat\u0142o, kt\u00f3ra pozwala na tworzenie ci\u0105g\u00f3w komunikacyjnych widocznych r\u00f3wnie\u017c przy wy\u0142\u0105czonym zasilaniu.<\/p>\n<\/div><div class=\"column one-third last-col \"><\/div><\/div><\/div><div class=\"spacer spacer-big\"><\/div><div class=\"no-wrapper\"><div id class=\"column-section clearfix spaced-normal \"><div class=\"column one-half  \">\n<p><a href=\"https:\/\/www.doellken-lighting.com\/pl\/portfolio\/omega\/\"><noscript><img class=\"aligncenter wp-image-2190 size-full\" src=\"https:\/\/www.doellken-lighting.com\/wp-content\/uploads\/2020\/07\/Doellken-Lighting-OmegaV-web.jpg\" alt=\"Seilbahnkabine\" width=\"2500\" height=\"1667\" srcset=\"https:\/\/www.doellken-lighting.com\/wp-content\/uploads\/2020\/07\/Doellken-Lighting-OmegaV-web.jpg 2500w, https:\/\/www.doellken-lighting.com\/wp-content\/uploads\/2020\/07\/Doellken-Lighting-OmegaV-web-900x600.jpg 900w, https:\/\/www.doellken-lighting.com\/wp-content\/uploads\/2020\/07\/Doellken-Lighting-OmegaV-web-1800x1200.jpg 1800w, https:\/\/www.doellken-lighting.com\/wp-content\/uploads\/2020\/07\/Doellken-Lighting-OmegaV-web-768x512.jpg 768w, https:\/\/www.doellken-lighting.com\/wp-content\/uploads\/2020\/07\/Doellken-Lighting-OmegaV-web-1536x1024.jpg 1536w, https:\/\/www.doellken-lighting.com\/wp-content\/uploads\/2020\/07\/Doellken-Lighting-OmegaV-web-2048x1366.jpg 2048w, https:\/\/www.doellken-lighting.com\/wp-content\/uploads\/2020\/07\/Doellken-Lighting-OmegaV-web-420x280.jpg 420w, https:\/\/www.doellken-lighting.com\/wp-content\/uploads\/2020\/07\/Doellken-Lighting-OmegaV-web-600x400.jpg 600w, https:\/\/www.doellken-lighting.com\/wp-content\/uploads\/2020\/07\/Doellken-Lighting-OmegaV-web-1290x860.jpg 1290w\" sizes=\"(max-width: 2500px) 100vw, 2500px\"><\/noscript><img class=\"aligncenter wp-image-2190 size-full lazyload\" src=\"data:image\/svg+xml,%3Csvg%20xmlns%3D%22http%3A%2F%2Fwww.w3.org%2F2000%2Fsvg%22%20viewBox%3D%220%200%202500%201667%22%3E%3C%2Fsvg%3E\" alt=\"Seilbahnkabine\" width=\"2500\" height=\"1667\" srcset=\"data:image\/svg+xml,%3Csvg%20xmlns%3D%22http%3A%2F%2Fwww.w3.org%2F2000%2Fsvg%22%20viewBox%3D%220%200%202500%201667%22%3E%3C%2Fsvg%3E 2500w\" sizes=\"(max-width: 2500px) 100vw, 2500px\" data-srcset=\"https:\/\/www.doellken-lighting.com\/wp-content\/uploads\/2020\/07\/Doellken-Lighting-OmegaV-web.jpg 2500w, https:\/\/www.doellken-lighting.com\/wp-content\/uploads\/2020\/07\/Doellken-Lighting-OmegaV-web-900x600.jpg 900w, https:\/\/www.doellken-lighting.com\/wp-content\/uploads\/2020\/07\/Doellken-Lighting-OmegaV-web-1800x1200.jpg 1800w, https:\/\/www.doellken-lighting.com\/wp-content\/uploads\/2020\/07\/Doellken-Lighting-OmegaV-web-768x512.jpg 768w, https:\/\/www.doellken-lighting.com\/wp-content\/uploads\/2020\/07\/Doellken-Lighting-OmegaV-web-1536x1024.jpg 1536w, https:\/\/www.doellken-lighting.com\/wp-content\/uploads\/2020\/07\/Doellken-Lighting-OmegaV-web-2048x1366.jpg 2048w, https:\/\/www.doellken-lighting.com\/wp-content\/uploads\/2020\/07\/Doellken-Lighting-OmegaV-web-420x280.jpg 420w, https:\/\/www.doellken-lighting.com\/wp-content\/uploads\/2020\/07\/Doellken-Lighting-OmegaV-web-600x400.jpg 600w, https:\/\/www.doellken-lighting.com\/wp-content\/uploads\/2020\/07\/Doellken-Lighting-OmegaV-web-1290x860.jpg 1290w\" data-src=\"https:\/\/www.doellken-lighting.com\/wp-content\/uploads\/2020\/07\/Doellken-Lighting-OmegaV-web.jpg\"><\/a><\/p>\n<\/div><div class=\"column one-half last-col \">\n<p><a href=\"https:\/\/www.doellken-lighting.com\/pl\/portfolio\/hon-thom\/\"><noscript><img class=\"aligncenter wp-image-1126 size-full\" src=\"https:\/\/www.doellken-lighting.com\/wp-content\/uploads\/2018\/04\/vip-kabine-vietnam-2.jpg\" alt=\"LED-Ambientebeleuchtung VIP Kabine Vietnam\" width=\"2500\" height=\"1667\" srcset=\"https:\/\/www.doellken-lighting.com\/wp-content\/uploads\/2018\/04\/vip-kabine-vietnam-2.jpg 2500w, https:\/\/www.doellken-lighting.com\/wp-content\/uploads\/2018\/04\/vip-kabine-vietnam-2-900x600.jpg 900w, https:\/\/www.doellken-lighting.com\/wp-content\/uploads\/2018\/04\/vip-kabine-vietnam-2-1800x1200.jpg 1800w, https:\/\/www.doellken-lighting.com\/wp-content\/uploads\/2018\/04\/vip-kabine-vietnam-2-768x512.jpg 768w, https:\/\/www.doellken-lighting.com\/wp-content\/uploads\/2018\/04\/vip-kabine-vietnam-2-420x280.jpg 420w, https:\/\/www.doellken-lighting.com\/wp-content\/uploads\/2018\/04\/vip-kabine-vietnam-2-600x400.jpg 600w, https:\/\/www.doellken-lighting.com\/wp-content\/uploads\/2018\/04\/vip-kabine-vietnam-2-1290x860.jpg 1290w, https:\/\/www.doellken-lighting.com\/wp-content\/uploads\/2018\/04\/vip-kabine-vietnam-2-300x200.jpg 300w, https:\/\/www.doellken-lighting.com\/wp-content\/uploads\/2018\/04\/vip-kabine-vietnam-2-1024x683.jpg 1024w\" sizes=\"(max-width: 2500px) 100vw, 2500px\"><\/noscript><img class=\"aligncenter wp-image-1126 size-full lazyload\" src=\"data:image\/svg+xml,%3Csvg%20xmlns%3D%22http%3A%2F%2Fwww.w3.org%2F2000%2Fsvg%22%20viewBox%3D%220%200%202500%201667%22%3E%3C%2Fsvg%3E\" alt=\"LED-Ambientebeleuchtung VIP Kabine Vietnam\" width=\"2500\" height=\"1667\" srcset=\"data:image\/svg+xml,%3Csvg%20xmlns%3D%22http%3A%2F%2Fwww.w3.org%2F2000%2Fsvg%22%20viewBox%3D%220%200%202500%201667%22%3E%3C%2Fsvg%3E 2500w\" sizes=\"(max-width: 2500px) 100vw, 2500px\" data-srcset=\"https:\/\/www.doellken-lighting.com\/wp-content\/uploads\/2018\/04\/vip-kabine-vietnam-2.jpg 2500w, https:\/\/www.doellken-lighting.com\/wp-content\/uploads\/2018\/04\/vip-kabine-vietnam-2-900x600.jpg 900w, https:\/\/www.doellken-lighting.com\/wp-content\/uploads\/2018\/04\/vip-kabine-vietnam-2-1800x1200.jpg 1800w, https:\/\/www.doellken-lighting.com\/wp-content\/uploads\/2018\/04\/vip-kabine-vietnam-2-768x512.jpg 768w, https:\/\/www.doellken-lighting.com\/wp-content\/uploads\/2018\/04\/vip-kabine-vietnam-2-420x280.jpg 420w, https:\/\/www.doellken-lighting.com\/wp-content\/uploads\/2018\/04\/vip-kabine-vietnam-2-600x400.jpg 600w, https:\/\/www.doellken-lighting.com\/wp-content\/uploads\/2018\/04\/vip-kabine-vietnam-2-1290x860.jpg 1290w, https:\/\/www.doellken-lighting.com\/wp-content\/uploads\/2018\/04\/vip-kabine-vietnam-2-300x200.jpg 300w, https:\/\/www.doellken-lighting.com\/wp-content\/uploads\/2018\/04\/vip-kabine-vietnam-2-1024x683.jpg 1024w\" data-src=\"https:\/\/www.doellken-lighting.com\/wp-content\/uploads\/2018\/04\/vip-kabine-vietnam-2.jpg\"><\/a><\/p>\n<\/div><\/div><\/div><div class=\"wrapper\"><div id class=\"column-section clearfix spaced-normal \"><div class=\"column one-full last-col \"><div class=\"spacer spacer-big\"><\/div><\/div><\/div><\/div>\n","protected":false},"excerpt":{"rendered":"","protected":false},"author":2,"featured_media":0,"parent":2577,"menu_order":0,"comment_status":"closed","ping_status":"closed","template":"","meta":[],"yoast_head":"<!-- This site is optimized with the Yoast SEO Premium plugin v18.1 (Yoast SEO v18.3) - https:\/\/yoast.com\/wordpress\/plugins\/seo\/ -->\n<title>O\u015bwietlenie dla transportu i ruchu - D\u00f6llken Lighting<\/title>\n<meta name=\"robots\" content=\"index, follow, max-snippet:-1, max-image-preview:large, max-video-preview:-1\" \/>\n<link rel=\"canonical\" href=\"https:\/\/www.doellken-lighting.com\/pl\/rozwiazania-oswietleniowe\/oswietlenie-dla-transportu-i-ruchu\/\" \/>\n<meta property=\"og:locale\" content=\"pl_PL\" \/>\n<meta property=\"og:type\" content=\"article\" \/>\n<meta property=\"og:title\" content=\"O\u015bwietlenie dla transportu i ruchu\" \/>\n<meta property=\"og:url\" content=\"https:\/\/www.doellken-lighting.com\/pl\/rozwiazania-oswietleniowe\/oswietlenie-dla-transportu-i-ruchu\/\" \/>\n<meta property=\"og:site_name\" content=\"D\u00f6llken Lighting\" \/>\n<meta property=\"article:publisher\" content=\"https:\/\/www.facebook.com\/doellkenlighting\/\" \/>\n<meta property=\"article:modified_time\" content=\"2021-05-18T09:23:27+00:00\" \/>\n<meta property=\"og:image\" content=\"https:\/\/www.doellken-lighting.com\/wp-content\/uploads\/2020\/07\/Doellken-Lighting-OmegaV-web.jpg\" \/>\n<meta name=\"twitter:card\" content=\"summary_large_image\" \/>\n<meta name=\"twitter:label1\" content=\"Szacowany czas czytania\" \/>\n\t<meta name=\"twitter:data1\" content=\"1 minuta\" \/>\n<script type=\"application\/ld+json\" class=\"yoast-schema-graph\">{\"@context\":\"https:\/\/schema.org\",\"@graph\":[{\"@type\":\"Organization\",\"@id\":\"https:\/\/www.doellken-lighting.com\/#organization\",\"name\":\"D\u00f6llken Lighting\",\"url\":\"https:\/\/www.doellken-lighting.com\/\",\"sameAs\":[\"https:\/\/www.facebook.com\/doellkenlighting\/\",\"https:\/\/www.instagram.com\/doellkenlighting\/\",\"https:\/\/www.youtube.com\/channel\/UCaQBiul1oqA25Zk0X_vkAAQ\"],\"logo\":{\"@type\":\"ImageObject\",\"@id\":\"https:\/\/www.doellken-lighting.com\/#logo\",\"inLanguage\":\"pl-PL\",\"url\":\"https:\/\/www.doellken-lighting.com\/wp-content\/uploads\/2020\/01\/doellken_lighting_logo_cookie.png\",\"contentUrl\":\"https:\/\/www.doellken-lighting.com\/wp-content\/uploads\/2020\/01\/doellken_lighting_logo_cookie.png\",\"width\":250,\"height\":40,\"caption\":\"D\u00f6llken Lighting\"},\"image\":{\"@id\":\"https:\/\/www.doellken-lighting.com\/#logo\"}},{\"@type\":\"WebSite\",\"@id\":\"https:\/\/www.doellken-lighting.com\/#website\",\"url\":\"https:\/\/www.doellken-lighting.com\/\",\"name\":\"D\u00f6llken Lighting\",\"description\":\"Das Infinite Light System\",\"publisher\":{\"@id\":\"https:\/\/www.doellken-lighting.com\/#organization\"},\"potentialAction\":[{\"@type\":\"SearchAction\",\"target\":{\"@type\":\"EntryPoint\",\"urlTemplate\":\"https:\/\/www.doellken-lighting.com\/?s={search_term_string}\"},\"query-input\":\"required name=search_term_string\"}],\"inLanguage\":\"pl-PL\"},{\"@type\":\"ImageObject\",\"@id\":\"https:\/\/www.doellken-lighting.com\/pl\/rozwiazania-oswietleniowe\/oswietlenie-dla-transportu-i-ruchu\/#primaryimage\",\"inLanguage\":\"pl-PL\",\"url\":\"https:\/\/www.doellken-lighting.com\/wp-content\/uploads\/2020\/07\/Doellken-Lighting-OmegaV-web.jpg\",\"contentUrl\":\"https:\/\/www.doellken-lighting.com\/wp-content\/uploads\/2020\/07\/Doellken-Lighting-OmegaV-web.jpg\",\"width\":2500,\"height\":1667,\"caption\":\"Seilbahnkabine\"},{\"@type\":\"WebPage\",\"@id\":\"https:\/\/www.doellken-lighting.com\/pl\/rozwiazania-oswietleniowe\/oswietlenie-dla-transportu-i-ruchu\/#webpage\",\"url\":\"https:\/\/www.doellken-lighting.com\/pl\/rozwiazania-oswietleniowe\/oswietlenie-dla-transportu-i-ruchu\/\",\"name\":\"O\u015bwietlenie dla transportu i ruchu - D\u00f6llken Lighting\",\"isPartOf\":{\"@id\":\"https:\/\/www.doellken-lighting.com\/#website\"},\"primaryImageOfPage\":{\"@id\":\"https:\/\/www.doellken-lighting.com\/pl\/rozwiazania-oswietleniowe\/oswietlenie-dla-transportu-i-ruchu\/#primaryimage\"},\"datePublished\":\"2021-04-21T08:25:17+00:00\",\"dateModified\":\"2021-05-18T09:23:27+00:00\",\"breadcrumb\":{\"@id\":\"https:\/\/www.doellken-lighting.com\/pl\/rozwiazania-oswietleniowe\/oswietlenie-dla-transportu-i-ruchu\/#breadcrumb\"},\"inLanguage\":\"pl-PL\",\"potentialAction\":[{\"@type\":\"ReadAction\",\"target\":[\"https:\/\/www.doellken-lighting.com\/pl\/rozwiazania-oswietleniowe\/oswietlenie-dla-transportu-i-ruchu\/\"]}]},{\"@type\":\"BreadcrumbList\",\"@id\":\"https:\/\/www.doellken-lighting.com\/pl\/rozwiazania-oswietleniowe\/oswietlenie-dla-transportu-i-ruchu\/#breadcrumb\",\"itemListElement\":[{\"@type\":\"ListItem\",\"position\":1,\"name\":\"Startseite\",\"item\":\"https:\/\/www.doellken-lighting.com\/pl\/\"},{\"@type\":\"ListItem\",\"position\":2,\"name\":\"Rozwi\u0105zania o\u015bwietleniowe\",\"item\":\"https:\/\/www.doellken-lighting.com\/pl\/rozwiazania-oswietleniowe\/\"},{\"@type\":\"ListItem\",\"position\":3,\"name\":\"O\u015bwietlenie dla transportu i ruchu\"}]}]}<\/script>\n<!-- \/ Yoast SEO Premium plugin. -->","yoast_head_json":{"title":"O\u015bwietlenie dla transportu i ruchu - D\u00f6llken Lighting","robots":{"index":"index","follow":"follow","max-snippet":"max-snippet:-1","max-image-preview":"max-image-preview:large","max-video-preview":"max-video-preview:-1"},"canonical":"https:\/\/www.doellken-lighting.com\/pl\/rozwiazania-oswietleniowe\/oswietlenie-dla-transportu-i-ruchu\/","og_locale":"pl_PL","og_type":"article","og_title":"O\u015bwietlenie dla transportu i ruchu","og_url":"https:\/\/www.doellken-lighting.com\/pl\/rozwiazania-oswietleniowe\/oswietlenie-dla-transportu-i-ruchu\/","og_site_name":"D\u00f6llken Lighting","article_publisher":"https:\/\/www.facebook.com\/doellkenlighting\/","article_modified_time":"2021-05-18T09:23:27+00:00","og_image":[{"url":"https:\/\/www.doellken-lighting.com\/wp-content\/uploads\/2020\/07\/Doellken-Lighting-OmegaV-web.jpg"}],"twitter_card":"summary_large_image","twitter_misc":{"Szacowany czas czytania":"1 minuta"},"schema":{"@context":"https:\/\/schema.org","@graph":[{"@type":"Organization","@id":"https:\/\/www.doellken-lighting.com\/#organization","name":"D\u00f6llken Lighting","url":"https:\/\/www.doellken-lighting.com\/","sameAs":["https:\/\/www.facebook.com\/doellkenlighting\/","https:\/\/www.instagram.com\/doellkenlighting\/","https:\/\/www.youtube.com\/channel\/UCaQBiul1oqA25Zk0X_vkAAQ"],"logo":{"@type":"ImageObject","@id":"https:\/\/www.doellken-lighting.com\/#logo","inLanguage":"pl-PL","url":"https:\/\/www.doellken-lighting.com\/wp-content\/uploads\/2020\/01\/doellken_lighting_logo_cookie.png","contentUrl":"https:\/\/www.doellken-lighting.com\/wp-content\/uploads\/2020\/01\/doellken_lighting_logo_cookie.png","width":250,"height":40,"caption":"D\u00f6llken Lighting"},"image":{"@id":"https:\/\/www.doellken-lighting.com\/#logo"}},{"@type":"WebSite","@id":"https:\/\/www.doellken-lighting.com\/#website","url":"https:\/\/www.doellken-lighting.com\/","name":"D\u00f6llken Lighting","description":"Das Infinite Light System","publisher":{"@id":"https:\/\/www.doellken-lighting.com\/#organization"},"potentialAction":[{"@type":"SearchAction","target":{"@type":"EntryPoint","urlTemplate":"https:\/\/www.doellken-lighting.com\/?s={search_term_string}"},"query-input":"required name=search_term_string"}],"inLanguage":"pl-PL"},{"@type":"ImageObject","@id":"https:\/\/www.doellken-lighting.com\/pl\/rozwiazania-oswietleniowe\/oswietlenie-dla-transportu-i-ruchu\/#primaryimage","inLanguage":"pl-PL","url":"https:\/\/www.doellken-lighting.com\/wp-content\/uploads\/2020\/07\/Doellken-Lighting-OmegaV-web.jpg","contentUrl":"https:\/\/www.doellken-lighting.com\/wp-content\/uploads\/2020\/07\/Doellken-Lighting-OmegaV-web.jpg","width":2500,"height":1667,"caption":"Seilbahnkabine"},{"@type":"WebPage","@id":"https:\/\/www.doellken-lighting.com\/pl\/rozwiazania-oswietleniowe\/oswietlenie-dla-transportu-i-ruchu\/#webpage","url":"https:\/\/www.doellken-lighting.com\/pl\/rozwiazania-oswietleniowe\/oswietlenie-dla-transportu-i-ruchu\/","name":"O\u015bwietlenie dla transportu i ruchu - D\u00f6llken Lighting","isPartOf":{"@id":"https:\/\/www.doellken-lighting.com\/#website"},"primaryImageOfPage":{"@id":"https:\/\/www.doellken-lighting.com\/pl\/rozwiazania-oswietleniowe\/oswietlenie-dla-transportu-i-ruchu\/#primaryimage"},"datePublished":"2021-04-21T08:25:17+00:00","dateModified":"2021-05-18T09:23:27+00:00","breadcrumb":{"@id":"https:\/\/www.doellken-lighting.com\/pl\/rozwiazania-oswietleniowe\/oswietlenie-dla-transportu-i-ruchu\/#breadcrumb"},"inLanguage":"pl-PL","potentialAction":[{"@type":"ReadAction","target":["https:\/\/www.doellken-lighting.com\/pl\/rozwiazania-oswietleniowe\/oswietlenie-dla-transportu-i-ruchu\/"]}]},{"@type":"BreadcrumbList","@id":"https:\/\/www.doellken-lighting.com\/pl\/rozwiazania-oswietleniowe\/oswietlenie-dla-transportu-i-ruchu\/#breadcrumb","itemListElement":[{"@type":"ListItem","position":1,"name":"Startseite","item":"https:\/\/www.doellken-lighting.com\/pl\/"},{"@type":"ListItem","position":2,"name":"Rozwi\u0105zania o\u015bwietleniowe","item":"https:\/\/www.doellken-lighting.com\/pl\/rozwiazania-oswietleniowe\/"},{"@type":"ListItem","position":3,"name":"O\u015bwietlenie dla transportu i ruchu"}]}]}},"_links":{"self":[{"href":"https:\/\/www.doellken-lighting.com\/pl\/wp-json\/wp\/v2\/pages\/2633"}],"collection":[{"href":"https:\/\/www.doellken-lighting.com\/pl\/wp-json\/wp\/v2\/pages"}],"about":[{"href":"https:\/\/www.doellken-lighting.com\/pl\/wp-json\/wp\/v2\/types\/page"}],"author":[{"embeddable":true,"href":"https:\/\/www.doellken-lighting.com\/pl\/wp-json\/wp\/v2\/users\/2"}],"replies":[{"embeddable":true,"href":"https:\/\/www.doellken-lighting.com\/pl\/wp-json\/wp\/v2\/comments?post=2633"}],"version-history":[{"count":5,"href":"https:\/\/www.doellken-lighting.com\/pl\/wp-json\/wp\/v2\/pages\/2633\/revisions"}],"predecessor-version":[{"id":2673,"href":"https:\/\/www.doellken-lighting.com\/pl\/wp-json\/wp\/v2\/pages\/2633\/revisions\/2673"}],"up":[{"embeddable":true,"href":"https:\/\/www.doellken-lighting.com\/pl\/wp-json\/wp\/v2\/pages\/2577"}],"wp:attachment":[{"href":"https:\/\/www.doellken-lighting.com\/pl\/wp-json\/wp\/v2\/media?parent=2633"}],"curies":[{"name":"wp","href":"https:\/\/api.w.org\/{rel}","templated":true}]}}