{"id":2644,"date":"2021-04-21T10:26:10","date_gmt":"2021-04-21T08:26:10","guid":{"rendered":"https:\/\/www.doellken-lighting.com\/rozwiazania-oswietleniowe\/licht-fuer-architektur\/"},"modified":"2023-06-01T07:30:13","modified_gmt":"2023-06-01T05:30:13","slug":"architektura","status":"publish","type":"page","link":"https:\/\/www.doellken-lighting.com\/pl\/rozwiazania-oswietleniowe\/architektura\/","title":{"rendered":"\u015awiat\u0142o dla architektury"},"content":{"rendered":"<div class=\"wrapper\"><div id class=\"column-section clearfix spaced-normal \"><div class=\"column one-half  \"><div class=\"spacer spacer-big\"><\/div>\n<h1>\u015awiat\u0142o dla architektury<\/h1>\n<div class=\"spacer spacer-medium\"><\/div><\/div><div class=\"column one-half last-col \"><\/div><\/div><\/div><div class=\"wrapper\"><div id class=\"column-section clearfix spaced-normal \"><div class=\"column two-third  \">\n<p>Przy projektowaniu o\u015bwietlenia najwa\u017cniejszym zagadnieniem jest ilo\u015b\u0107 \u015bwiat\u0142a w poszczeg\u00f3lnych strefach obiektu czy budynku. O\u015bwietlenie zewn\u0119trzne i wewn\u0119trzne musi wsp\u00f3\u0142gra\u0107 z konstrukcj\u0105, by\u0107 idealnie dopasowane do u\u017cytych materia\u0142\u00f3w, a w okre\u015blonych przypadkach \u2013 spe\u0142nia\u0107 tak\u017ce wiele wymaga\u0144 normatywnych.<\/p>\n<p>Inwestorzy doceniaj\u0105 elastyczno\u015b\u0107 naszych rozwi\u0105za\u0144, kt\u00f3re mo\u017cna stosowa\u0107 w ka\u017cdym rodzaju konstrukcji. Ta\u015bmy LED s\u0105 wytrzyma\u0142e, a ich monta\u017c \u2013 nieskomplikowany. Kreatywno\u015b\u0107 idzie tutaj w parze z funkcjonalno\u015bci\u0105: odpowiednio dobrane o\u015bwietlenie nie przeszkadza, ale tworzy odpowiedni nastr\u00f3j.<\/p>\n<p>Opracowana przez nas technologia produkcji i powlekania pozwala na uzyskanie wysokich warto\u015bci ochrony z zakresu IP i IK. Dzi\u0119ki odporno\u015bci na wilgo\u0107 i uszkodzenia mechaniczne nasze ta\u015bmy LED stosowane s\u0105 na zewn\u0105trz obiekt\u00f3w, znajduj\u0105 r\u00f3wnie\u017c szerokie zastosowanie w architekturze wewn\u0119trznej. Nasze profile monta\u017cowe s\u0105 idealnie dopasowane do ta\u015bm LED, a elektronika pozwala na szybkie i \u0142atwe uruchomienie o\u015bwietlenia.<\/p>\n<p><a href=\"https:\/\/www.doellken-lighting.com\/wp-content\/uploads\/2023\/06\/LED_architects_preview_eng_web.pdf\">DOWNLOAD BROSZURA DLA ARCHITEKT\u00d3W &#8211; PDF<\/a><\/p>\n<\/div><div class=\"column one-third last-col \"><\/div><\/div><\/div><div class=\"spacer spacer-big\"><\/div><div class=\"no-wrapper\"><div id class=\"column-section clearfix spaced-normal \"><div class=\"column one-third  \">\n<p><a href=\"https:\/\/www.doellken-lighting.com\/pl\/portfolio\/hotel-madrid\/\"><noscript><img class=\"alignnone size-medium wp-image-2708\" src=\"https:\/\/www.doellken-lighting.com\/wp-content\/uploads\/2020\/10\/Hotel-Villa-Magna_web-900x600.jpg\" alt width=\"900\" height=\"600\" srcset=\"https:\/\/www.doellken-lighting.com\/wp-content\/uploads\/2020\/10\/Hotel-Villa-Magna_web-900x600.jpg 900w, https:\/\/www.doellken-lighting.com\/wp-content\/uploads\/2020\/10\/Hotel-Villa-Magna_web-1800x1200.jpg 1800w, https:\/\/www.doellken-lighting.com\/wp-content\/uploads\/2020\/10\/Hotel-Villa-Magna_web-768x512.jpg 768w, https:\/\/www.doellken-lighting.com\/wp-content\/uploads\/2020\/10\/Hotel-Villa-Magna_web-1536x1024.jpg 1536w, https:\/\/www.doellken-lighting.com\/wp-content\/uploads\/2020\/10\/Hotel-Villa-Magna_web-2048x1366.jpg 2048w, https:\/\/www.doellken-lighting.com\/wp-content\/uploads\/2020\/10\/Hotel-Villa-Magna_web-420x280.jpg 420w, https:\/\/www.doellken-lighting.com\/wp-content\/uploads\/2020\/10\/Hotel-Villa-Magna_web-600x400.jpg 600w, https:\/\/www.doellken-lighting.com\/wp-content\/uploads\/2020\/10\/Hotel-Villa-Magna_web-1290x860.jpg 1290w\" sizes=\"(max-width: 900px) 100vw, 900px\"><\/noscript><img class=\"alignnone size-medium wp-image-2708 lazyload\" src=\"data:image\/svg+xml,%3Csvg%20xmlns%3D%22http%3A%2F%2Fwww.w3.org%2F2000%2Fsvg%22%20viewBox%3D%220%200%20900%20600%22%3E%3C%2Fsvg%3E\" alt width=\"900\" height=\"600\" srcset=\"data:image\/svg+xml,%3Csvg%20xmlns%3D%22http%3A%2F%2Fwww.w3.org%2F2000%2Fsvg%22%20viewBox%3D%220%200%20900%20600%22%3E%3C%2Fsvg%3E 900w\" sizes=\"(max-width: 900px) 100vw, 900px\" data-srcset=\"https:\/\/www.doellken-lighting.com\/wp-content\/uploads\/2020\/10\/Hotel-Villa-Magna_web-900x600.jpg 900w, https:\/\/www.doellken-lighting.com\/wp-content\/uploads\/2020\/10\/Hotel-Villa-Magna_web-1800x1200.jpg 1800w, https:\/\/www.doellken-lighting.com\/wp-content\/uploads\/2020\/10\/Hotel-Villa-Magna_web-768x512.jpg 768w, https:\/\/www.doellken-lighting.com\/wp-content\/uploads\/2020\/10\/Hotel-Villa-Magna_web-1536x1024.jpg 1536w, https:\/\/www.doellken-lighting.com\/wp-content\/uploads\/2020\/10\/Hotel-Villa-Magna_web-2048x1366.jpg 2048w, https:\/\/www.doellken-lighting.com\/wp-content\/uploads\/2020\/10\/Hotel-Villa-Magna_web-420x280.jpg 420w, https:\/\/www.doellken-lighting.com\/wp-content\/uploads\/2020\/10\/Hotel-Villa-Magna_web-600x400.jpg 600w, https:\/\/www.doellken-lighting.com\/wp-content\/uploads\/2020\/10\/Hotel-Villa-Magna_web-1290x860.jpg 1290w\" data-src=\"https:\/\/www.doellken-lighting.com\/wp-content\/uploads\/2020\/10\/Hotel-Villa-Magna_web-900x600.jpg\"><\/a><\/p>\n<\/div><div class=\"column one-third  \">\n<p><a href=\"https:\/\/www.doellken-lighting.com\/pl\/portfolio\/most-krakow\/\"><noscript><img class=\"alignnone size-medium wp-image-2704\" src=\"https:\/\/www.doellken-lighting.com\/wp-content\/uploads\/2020\/10\/Pilsudski-Bruecke-3-900x600.jpg\" alt width=\"900\" height=\"600\" srcset=\"https:\/\/www.doellken-lighting.com\/wp-content\/uploads\/2020\/10\/Pilsudski-Bruecke-3-900x600.jpg 900w, https:\/\/www.doellken-lighting.com\/wp-content\/uploads\/2020\/10\/Pilsudski-Bruecke-3-768x512.jpg 768w, https:\/\/www.doellken-lighting.com\/wp-content\/uploads\/2020\/10\/Pilsudski-Bruecke-3-1536x1024.jpg 1536w, https:\/\/www.doellken-lighting.com\/wp-content\/uploads\/2020\/10\/Pilsudski-Bruecke-3-420x280.jpg 420w, https:\/\/www.doellken-lighting.com\/wp-content\/uploads\/2020\/10\/Pilsudski-Bruecke-3-600x400.jpg 600w, https:\/\/www.doellken-lighting.com\/wp-content\/uploads\/2020\/10\/Pilsudski-Bruecke-3-1290x860.jpg 1290w, https:\/\/www.doellken-lighting.com\/wp-content\/uploads\/2020\/10\/Pilsudski-Bruecke-3.jpg 1600w\" sizes=\"(max-width: 900px) 100vw, 900px\"><\/noscript><img class=\"alignnone size-medium wp-image-2704 lazyload\" src=\"data:image\/svg+xml,%3Csvg%20xmlns%3D%22http%3A%2F%2Fwww.w3.org%2F2000%2Fsvg%22%20viewBox%3D%220%200%20900%20600%22%3E%3C%2Fsvg%3E\" alt width=\"900\" height=\"600\" srcset=\"data:image\/svg+xml,%3Csvg%20xmlns%3D%22http%3A%2F%2Fwww.w3.org%2F2000%2Fsvg%22%20viewBox%3D%220%200%20900%20600%22%3E%3C%2Fsvg%3E 900w\" sizes=\"(max-width: 900px) 100vw, 900px\" data-srcset=\"https:\/\/www.doellken-lighting.com\/wp-content\/uploads\/2020\/10\/Pilsudski-Bruecke-3-900x600.jpg 900w, https:\/\/www.doellken-lighting.com\/wp-content\/uploads\/2020\/10\/Pilsudski-Bruecke-3-768x512.jpg 768w, https:\/\/www.doellken-lighting.com\/wp-content\/uploads\/2020\/10\/Pilsudski-Bruecke-3-1536x1024.jpg 1536w, https:\/\/www.doellken-lighting.com\/wp-content\/uploads\/2020\/10\/Pilsudski-Bruecke-3-420x280.jpg 420w, https:\/\/www.doellken-lighting.com\/wp-content\/uploads\/2020\/10\/Pilsudski-Bruecke-3-600x400.jpg 600w, https:\/\/www.doellken-lighting.com\/wp-content\/uploads\/2020\/10\/Pilsudski-Bruecke-3-1290x860.jpg 1290w, https:\/\/www.doellken-lighting.com\/wp-content\/uploads\/2020\/10\/Pilsudski-Bruecke-3.jpg 1600w\" data-src=\"https:\/\/www.doellken-lighting.com\/wp-content\/uploads\/2020\/10\/Pilsudski-Bruecke-3-900x600.jpg\"><\/a><\/p>\n<\/div><div class=\"column one-third last-col \">\n<p><a href=\"https:\/\/www.doellken-lighting.com\/pl\/portfolio\/novotel-muenchen\/\"><noscript><img class=\"aligncenter wp-image-645 size-full\" src=\"https:\/\/www.doellken-lighting.com\/wp-content\/uploads\/2017\/09\/Doellken_Lighting_Referenz_Muenchen_1-e1571862232660.jpg\" alt=\"LED-Streifen Fassade Novotel M\u00fcnchen\" width=\"1845\" height=\"1230\"><\/noscript><img class=\"aligncenter wp-image-645 size-full lazyload\" src=\"data:image\/svg+xml,%3Csvg%20xmlns%3D%22http%3A%2F%2Fwww.w3.org%2F2000%2Fsvg%22%20viewBox%3D%220%200%201845%201230%22%3E%3C%2Fsvg%3E\" alt=\"LED-Streifen Fassade Novotel M\u00fcnchen\" width=\"1845\" height=\"1230\" data-src=\"https:\/\/www.doellken-lighting.com\/wp-content\/uploads\/2017\/09\/Doellken_Lighting_Referenz_Muenchen_1-e1571862232660.jpg\"><\/a><\/p>\n<\/div><\/div><\/div><div class=\"wrapper\"><div id class=\"column-section clearfix spaced-normal \"><div class=\"column one-full last-col \"><div class=\"spacer spacer-big\"><\/div><\/div><\/div><\/div>\n","protected":false},"excerpt":{"rendered":"","protected":false},"author":2,"featured_media":0,"parent":2577,"menu_order":0,"comment_status":"closed","ping_status":"closed","template":"","meta":[],"yoast_head":"<!-- This site is optimized with the Yoast SEO Premium plugin v18.1 (Yoast SEO v18.3) - https:\/\/yoast.com\/wordpress\/plugins\/seo\/ -->\n<title>\u015awiat\u0142o dla architektury - D\u00f6llken Lighting<\/title>\n<meta name=\"robots\" content=\"index, follow, max-snippet:-1, max-image-preview:large, max-video-preview:-1\" \/>\n<link rel=\"canonical\" href=\"https:\/\/www.doellken-lighting.com\/pl\/rozwiazania-oswietleniowe\/architektura\/\" \/>\n<meta property=\"og:locale\" content=\"pl_PL\" \/>\n<meta property=\"og:type\" content=\"article\" \/>\n<meta property=\"og:title\" content=\"\u015awiat\u0142o dla architektury\" \/>\n<meta property=\"og:url\" content=\"https:\/\/www.doellken-lighting.com\/pl\/rozwiazania-oswietleniowe\/architektura\/\" \/>\n<meta property=\"og:site_name\" content=\"D\u00f6llken Lighting\" \/>\n<meta property=\"article:publisher\" content=\"https:\/\/www.facebook.com\/doellkenlighting\/\" \/>\n<meta property=\"article:modified_time\" content=\"2023-06-01T05:30:13+00:00\" \/>\n<meta property=\"og:image\" content=\"https:\/\/www.doellken-lighting.com\/wp-content\/uploads\/2020\/10\/Hotel-Villa-Magna_web-900x600.jpg\" \/>\n<meta name=\"twitter:card\" content=\"summary_large_image\" \/>\n<meta name=\"twitter:label1\" content=\"Szacowany czas czytania\" \/>\n\t<meta name=\"twitter:data1\" content=\"2 minuty\" \/>\n<script type=\"application\/ld+json\" class=\"yoast-schema-graph\">{\"@context\":\"https:\/\/schema.org\",\"@graph\":[{\"@type\":\"Organization\",\"@id\":\"https:\/\/www.doellken-lighting.com\/#organization\",\"name\":\"D\u00f6llken Lighting\",\"url\":\"https:\/\/www.doellken-lighting.com\/\",\"sameAs\":[\"https:\/\/www.facebook.com\/doellkenlighting\/\",\"https:\/\/www.instagram.com\/doellkenlighting\/\",\"https:\/\/www.youtube.com\/channel\/UCaQBiul1oqA25Zk0X_vkAAQ\"],\"logo\":{\"@type\":\"ImageObject\",\"@id\":\"https:\/\/www.doellken-lighting.com\/#logo\",\"inLanguage\":\"pl-PL\",\"url\":\"https:\/\/www.doellken-lighting.com\/wp-content\/uploads\/2020\/01\/doellken_lighting_logo_cookie.png\",\"contentUrl\":\"https:\/\/www.doellken-lighting.com\/wp-content\/uploads\/2020\/01\/doellken_lighting_logo_cookie.png\",\"width\":250,\"height\":40,\"caption\":\"D\u00f6llken Lighting\"},\"image\":{\"@id\":\"https:\/\/www.doellken-lighting.com\/#logo\"}},{\"@type\":\"WebSite\",\"@id\":\"https:\/\/www.doellken-lighting.com\/#website\",\"url\":\"https:\/\/www.doellken-lighting.com\/\",\"name\":\"D\u00f6llken Lighting\",\"description\":\"Das Infinite Light System\",\"publisher\":{\"@id\":\"https:\/\/www.doellken-lighting.com\/#organization\"},\"potentialAction\":[{\"@type\":\"SearchAction\",\"target\":{\"@type\":\"EntryPoint\",\"urlTemplate\":\"https:\/\/www.doellken-lighting.com\/?s={search_term_string}\"},\"query-input\":\"required name=search_term_string\"}],\"inLanguage\":\"pl-PL\"},{\"@type\":\"ImageObject\",\"@id\":\"https:\/\/www.doellken-lighting.com\/pl\/rozwiazania-oswietleniowe\/architektura\/#primaryimage\",\"inLanguage\":\"pl-PL\",\"url\":\"https:\/\/www.doellken-lighting.com\/wp-content\/uploads\/2020\/10\/Hotel-Villa-Magna_web.jpg\",\"contentUrl\":\"https:\/\/www.doellken-lighting.com\/wp-content\/uploads\/2020\/10\/Hotel-Villa-Magna_web.jpg\",\"width\":2500,\"height\":1667},{\"@type\":\"WebPage\",\"@id\":\"https:\/\/www.doellken-lighting.com\/pl\/rozwiazania-oswietleniowe\/architektura\/#webpage\",\"url\":\"https:\/\/www.doellken-lighting.com\/pl\/rozwiazania-oswietleniowe\/architektura\/\",\"name\":\"\u015awiat\u0142o dla architektury - D\u00f6llken Lighting\",\"isPartOf\":{\"@id\":\"https:\/\/www.doellken-lighting.com\/#website\"},\"primaryImageOfPage\":{\"@id\":\"https:\/\/www.doellken-lighting.com\/pl\/rozwiazania-oswietleniowe\/architektura\/#primaryimage\"},\"datePublished\":\"2021-04-21T08:26:10+00:00\",\"dateModified\":\"2023-06-01T05:30:13+00:00\",\"breadcrumb\":{\"@id\":\"https:\/\/www.doellken-lighting.com\/pl\/rozwiazania-oswietleniowe\/architektura\/#breadcrumb\"},\"inLanguage\":\"pl-PL\",\"potentialAction\":[{\"@type\":\"ReadAction\",\"target\":[\"https:\/\/www.doellken-lighting.com\/pl\/rozwiazania-oswietleniowe\/architektura\/\"]}]},{\"@type\":\"BreadcrumbList\",\"@id\":\"https:\/\/www.doellken-lighting.com\/pl\/rozwiazania-oswietleniowe\/architektura\/#breadcrumb\",\"itemListElement\":[{\"@type\":\"ListItem\",\"position\":1,\"name\":\"Startseite\",\"item\":\"https:\/\/www.doellken-lighting.com\/pl\/\"},{\"@type\":\"ListItem\",\"position\":2,\"name\":\"Rozwi\u0105zania o\u015bwietleniowe\",\"item\":\"https:\/\/www.doellken-lighting.com\/pl\/rozwiazania-oswietleniowe\/\"},{\"@type\":\"ListItem\",\"position\":3,\"name\":\"\u015awiat\u0142o dla architektury\"}]}]}<\/script>\n<!-- \/ Yoast SEO Premium plugin. -->","yoast_head_json":{"title":"\u015awiat\u0142o dla architektury - D\u00f6llken Lighting","robots":{"index":"index","follow":"follow","max-snippet":"max-snippet:-1","max-image-preview":"max-image-preview:large","max-video-preview":"max-video-preview:-1"},"canonical":"https:\/\/www.doellken-lighting.com\/pl\/rozwiazania-oswietleniowe\/architektura\/","og_locale":"pl_PL","og_type":"article","og_title":"\u015awiat\u0142o dla architektury","og_url":"https:\/\/www.doellken-lighting.com\/pl\/rozwiazania-oswietleniowe\/architektura\/","og_site_name":"D\u00f6llken Lighting","article_publisher":"https:\/\/www.facebook.com\/doellkenlighting\/","article_modified_time":"2023-06-01T05:30:13+00:00","og_image":[{"url":"https:\/\/www.doellken-lighting.com\/wp-content\/uploads\/2020\/10\/Hotel-Villa-Magna_web-900x600.jpg"}],"twitter_card":"summary_large_image","twitter_misc":{"Szacowany czas czytania":"2 minuty"},"schema":{"@context":"https:\/\/schema.org","@graph":[{"@type":"Organization","@id":"https:\/\/www.doellken-lighting.com\/#organization","name":"D\u00f6llken Lighting","url":"https:\/\/www.doellken-lighting.com\/","sameAs":["https:\/\/www.facebook.com\/doellkenlighting\/","https:\/\/www.instagram.com\/doellkenlighting\/","https:\/\/www.youtube.com\/channel\/UCaQBiul1oqA25Zk0X_vkAAQ"],"logo":{"@type":"ImageObject","@id":"https:\/\/www.doellken-lighting.com\/#logo","inLanguage":"pl-PL","url":"https:\/\/www.doellken-lighting.com\/wp-content\/uploads\/2020\/01\/doellken_lighting_logo_cookie.png","contentUrl":"https:\/\/www.doellken-lighting.com\/wp-content\/uploads\/2020\/01\/doellken_lighting_logo_cookie.png","width":250,"height":40,"caption":"D\u00f6llken Lighting"},"image":{"@id":"https:\/\/www.doellken-lighting.com\/#logo"}},{"@type":"WebSite","@id":"https:\/\/www.doellken-lighting.com\/#website","url":"https:\/\/www.doellken-lighting.com\/","name":"D\u00f6llken Lighting","description":"Das Infinite Light System","publisher":{"@id":"https:\/\/www.doellken-lighting.com\/#organization"},"potentialAction":[{"@type":"SearchAction","target":{"@type":"EntryPoint","urlTemplate":"https:\/\/www.doellken-lighting.com\/?s={search_term_string}"},"query-input":"required name=search_term_string"}],"inLanguage":"pl-PL"},{"@type":"ImageObject","@id":"https:\/\/www.doellken-lighting.com\/pl\/rozwiazania-oswietleniowe\/architektura\/#primaryimage","inLanguage":"pl-PL","url":"https:\/\/www.doellken-lighting.com\/wp-content\/uploads\/2020\/10\/Hotel-Villa-Magna_web.jpg","contentUrl":"https:\/\/www.doellken-lighting.com\/wp-content\/uploads\/2020\/10\/Hotel-Villa-Magna_web.jpg","width":2500,"height":1667},{"@type":"WebPage","@id":"https:\/\/www.doellken-lighting.com\/pl\/rozwiazania-oswietleniowe\/architektura\/#webpage","url":"https:\/\/www.doellken-lighting.com\/pl\/rozwiazania-oswietleniowe\/architektura\/","name":"\u015awiat\u0142o dla architektury - D\u00f6llken Lighting","isPartOf":{"@id":"https:\/\/www.doellken-lighting.com\/#website"},"primaryImageOfPage":{"@id":"https:\/\/www.doellken-lighting.com\/pl\/rozwiazania-oswietleniowe\/architektura\/#primaryimage"},"datePublished":"2021-04-21T08:26:10+00:00","dateModified":"2023-06-01T05:30:13+00:00","breadcrumb":{"@id":"https:\/\/www.doellken-lighting.com\/pl\/rozwiazania-oswietleniowe\/architektura\/#breadcrumb"},"inLanguage":"pl-PL","potentialAction":[{"@type":"ReadAction","target":["https:\/\/www.doellken-lighting.com\/pl\/rozwiazania-oswietleniowe\/architektura\/"]}]},{"@type":"BreadcrumbList","@id":"https:\/\/www.doellken-lighting.com\/pl\/rozwiazania-oswietleniowe\/architektura\/#breadcrumb","itemListElement":[{"@type":"ListItem","position":1,"name":"Startseite","item":"https:\/\/www.doellken-lighting.com\/pl\/"},{"@type":"ListItem","position":2,"name":"Rozwi\u0105zania o\u015bwietleniowe","item":"https:\/\/www.doellken-lighting.com\/pl\/rozwiazania-oswietleniowe\/"},{"@type":"ListItem","position":3,"name":"\u015awiat\u0142o dla architektury"}]}]}},"_links":{"self":[{"href":"https:\/\/www.doellken-lighting.com\/pl\/wp-json\/wp\/v2\/pages\/2644"}],"collection":[{"href":"https:\/\/www.doellken-lighting.com\/pl\/wp-json\/wp\/v2\/pages"}],"about":[{"href":"https:\/\/www.doellken-lighting.com\/pl\/wp-json\/wp\/v2\/types\/page"}],"author":[{"embeddable":true,"href":"https:\/\/www.doellken-lighting.com\/pl\/wp-json\/wp\/v2\/users\/2"}],"replies":[{"embeddable":true,"href":"https:\/\/www.doellken-lighting.com\/pl\/wp-json\/wp\/v2\/comments?post=2644"}],"version-history":[{"count":7,"href":"https:\/\/www.doellken-lighting.com\/pl\/wp-json\/wp\/v2\/pages\/2644\/revisions"}],"predecessor-version":[{"id":3021,"href":"https:\/\/www.doellken-lighting.com\/pl\/wp-json\/wp\/v2\/pages\/2644\/revisions\/3021"}],"up":[{"embeddable":true,"href":"https:\/\/www.doellken-lighting.com\/pl\/wp-json\/wp\/v2\/pages\/2577"}],"wp:attachment":[{"href":"https:\/\/www.doellken-lighting.com\/pl\/wp-json\/wp\/v2\/media?parent=2644"}],"curies":[{"name":"wp","href":"https:\/\/api.w.org\/{rel}","templated":true}]}}