{"id":2649,"date":"2021-04-21T10:27:02","date_gmt":"2021-04-21T08:27:02","guid":{"rendered":"https:\/\/www.doellken-lighting.com\/rozwiazania-oswietleniowe\/licht-fuer-unterwasser\/"},"modified":"2021-05-18T11:26:07","modified_gmt":"2021-05-18T09:26:07","slug":"podwodny","status":"publish","type":"page","link":"https:\/\/www.doellken-lighting.com\/pl\/rozwiazania-oswietleniowe\/podwodny\/","title":{"rendered":"O\u015bwietlenie do zastosowa\u0144 podwodnych"},"content":{"rendered":"<div class=\"wrapper\"><div id class=\"column-section clearfix spaced-normal \"><div class=\"column one-half  \"><div class=\"spacer spacer-big\"><\/div>\n<h1>O\u015bwietlenie do zastosowa\u0144 podwodnych<\/h1>\n<div class=\"spacer spacer-medium\"><\/div><\/div><div class=\"column one-half last-col \"><\/div><\/div><\/div><div class=\"wrapper\"><div id class=\"column-section clearfix spaced-normal \"><div class=\"column two-third  \">\n<p>Efektowne i sp\u00f3jne o\u015bwietlenie stanowi ozdob\u0119 ka\u017cdego podwodnego krajobrazu. Niezale\u017cnie od tego, czy chodzi o basen, oczko wodne czy wielkie oceanarium \u2013 najwa\u017cniejsz\u0105 rol\u0105 o\u015bwietlenia tego typu obiekt\u00f3w jest podkre\u015blenie cech architektonicznych z uwzgl\u0119dnieniem aspektu bezpiecze\u0144stwa.<\/p>\n<p>W\u0142a\u015bciwy dob\u00f3r o\u015bwietlenia tworzy odpowiedni\u0105 atmosfer\u0119. Dzi\u0119ki wzajemnemu oddzia\u0142ywaniu \u015bwiat\u0142a i cienia uzyskuje si\u0119 \u2013 w zale\u017cno\u015bci od potrzeb \u2013 o\u015bwietlenie przytulne lub pobudzaj\u0105ce do dzia\u0142ania, funkcjonalne lub nastrojowe. W przypadku o\u015bwietlenia podwodnego kluczowe oczywi\u015bcie jest zapewnienie odpowiedniej szczelno\u015bci konstrukcji oprawy.<\/p>\n<p>Stopie\u0144 ochrony IP68 naszych ta\u015bm i po\u0142\u0105cze\u0144 LED zapewnia trwa\u0142\u0105 ochron\u0119 przed wilgoci\u0105, a pow\u0142oka TPU pozwala na u\u017cytkowanie ich tak\u017ce w wodzie chlorowanej i s\u0142onej. Z pomoc\u0105 naszych rozwi\u0105za\u0144 RGB(W) i DualWhite mo\u017cesz dostosowa\u0107 o\u015bwietlenie basenu do swoich potrzeb i nastroju.<\/p>\n<\/div><div class=\"column one-third last-col \"><\/div><\/div><\/div><div class=\"spacer spacer-big\"><\/div><div class=\"no-wrapper\"><div id class=\"column-section clearfix spaced-normal \"><div class=\"column one-third  \">\n<p><a href=\"https:\/\/www.doellken-lighting.com\/pl\/portfolio\/nammos-village\/\"><noscript><img class=\"aligncenter wp-image-992 size-full\" src=\"https:\/\/www.doellken-lighting.com\/wp-content\/uploads\/2018\/03\/\u00a9Yannis_Kontos_002_2YK5806-e1571863073380.jpg\" alt=\"LED-B\u00e4nder Aussenbereich Nammos Village\" width=\"1000\" height=\"667\"><\/noscript><img class=\"aligncenter wp-image-992 size-full lazyload\" src=\"data:image\/svg+xml,%3Csvg%20xmlns%3D%22http%3A%2F%2Fwww.w3.org%2F2000%2Fsvg%22%20viewBox%3D%220%200%201000%20667%22%3E%3C%2Fsvg%3E\" alt=\"LED-B\u00e4nder Aussenbereich Nammos Village\" width=\"1000\" height=\"667\" data-src=\"https:\/\/www.doellken-lighting.com\/wp-content\/uploads\/2018\/03\/\u00a9Yannis_Kontos_002_2YK5806-e1571863073380.jpg\"><\/a><\/p>\n<\/div><div class=\"column one-third  \">\n<p><a href=\"https:\/\/www.doellken-lighting.com\/pl\/portfolio\/syntopia\/\"><noscript><img class=\"aligncenter wp-image-1871 size-full\" src=\"https:\/\/www.doellken-lighting.com\/wp-content\/uploads\/2020\/03\/the-syntopia-kreta-3-lo.jpg\" alt=\"Syntopia Crete\" width=\"1000\" height=\"667\" srcset=\"https:\/\/www.doellken-lighting.com\/wp-content\/uploads\/2020\/03\/the-syntopia-kreta-3-lo-420x280.jpg 420w, https:\/\/www.doellken-lighting.com\/wp-content\/uploads\/2020\/03\/the-syntopia-kreta-3-lo-600x400.jpg 600w, https:\/\/www.doellken-lighting.com\/wp-content\/uploads\/2020\/03\/the-syntopia-kreta-3-lo-900x600.jpg 900w\" sizes=\"(max-width: 1000px) 100vw, 1000px\"><\/noscript><img class=\"aligncenter wp-image-1871 size-full lazyload\" src=\"data:image\/svg+xml,%3Csvg%20xmlns%3D%22http%3A%2F%2Fwww.w3.org%2F2000%2Fsvg%22%20viewBox%3D%220%200%201000%20667%22%3E%3C%2Fsvg%3E\" alt=\"Syntopia Crete\" width=\"1000\" height=\"667\" srcset=\"data:image\/svg+xml,%3Csvg%20xmlns%3D%22http%3A%2F%2Fwww.w3.org%2F2000%2Fsvg%22%20viewBox%3D%220%200%201000%20667%22%3E%3C%2Fsvg%3E 1000w\" sizes=\"(max-width: 1000px) 100vw, 1000px\" data-srcset=\"https:\/\/www.doellken-lighting.com\/wp-content\/uploads\/2020\/03\/the-syntopia-kreta-3-lo-420x280.jpg 420w, https:\/\/www.doellken-lighting.com\/wp-content\/uploads\/2020\/03\/the-syntopia-kreta-3-lo-600x400.jpg 600w, https:\/\/www.doellken-lighting.com\/wp-content\/uploads\/2020\/03\/the-syntopia-kreta-3-lo-900x600.jpg 900w\" data-src=\"https:\/\/www.doellken-lighting.com\/wp-content\/uploads\/2020\/03\/the-syntopia-kreta-3-lo.jpg\"><\/a><\/p>\n<\/div><div class=\"column one-third last-col \">\n<p><a href=\"https:\/\/www.doellken-lighting.com\/pl\/portfolio\/mykonos-2\/\"><noscript><img class=\"aligncenter wp-image-1863 size-full\" src=\"https:\/\/www.doellken-lighting.com\/wp-content\/uploads\/2020\/03\/2YK2958-lo.jpg\" alt=\"LED-Streifen Poolbeleuchtung Mykonos\" width=\"1000\" height=\"667\" srcset=\"https:\/\/www.doellken-lighting.com\/wp-content\/uploads\/2020\/03\/2YK2958-lo-420x280.jpg 420w, https:\/\/www.doellken-lighting.com\/wp-content\/uploads\/2020\/03\/2YK2958-lo-600x400.jpg 600w, https:\/\/www.doellken-lighting.com\/wp-content\/uploads\/2020\/03\/2YK2958-lo-900x600.jpg 900w\" sizes=\"(max-width: 1000px) 100vw, 1000px\"><\/noscript><img class=\"aligncenter wp-image-1863 size-full lazyload\" src=\"data:image\/svg+xml,%3Csvg%20xmlns%3D%22http%3A%2F%2Fwww.w3.org%2F2000%2Fsvg%22%20viewBox%3D%220%200%201000%20667%22%3E%3C%2Fsvg%3E\" alt=\"LED-Streifen Poolbeleuchtung Mykonos\" width=\"1000\" height=\"667\" srcset=\"data:image\/svg+xml,%3Csvg%20xmlns%3D%22http%3A%2F%2Fwww.w3.org%2F2000%2Fsvg%22%20viewBox%3D%220%200%201000%20667%22%3E%3C%2Fsvg%3E 1000w\" sizes=\"(max-width: 1000px) 100vw, 1000px\" data-srcset=\"https:\/\/www.doellken-lighting.com\/wp-content\/uploads\/2020\/03\/2YK2958-lo-420x280.jpg 420w, https:\/\/www.doellken-lighting.com\/wp-content\/uploads\/2020\/03\/2YK2958-lo-600x400.jpg 600w, https:\/\/www.doellken-lighting.com\/wp-content\/uploads\/2020\/03\/2YK2958-lo-900x600.jpg 900w\" data-src=\"https:\/\/www.doellken-lighting.com\/wp-content\/uploads\/2020\/03\/2YK2958-lo.jpg\"><\/a><\/p>\n<\/div><\/div><\/div><div class=\"wrapper\"><div id class=\"column-section clearfix spaced-normal \"><div class=\"column one-full last-col \"><div class=\"spacer spacer-big\"><\/div><\/div><\/div><\/div>\n","protected":false},"excerpt":{"rendered":"","protected":false},"author":2,"featured_media":0,"parent":2577,"menu_order":0,"comment_status":"closed","ping_status":"closed","template":"","meta":[],"yoast_head":"<!-- This site is optimized with the Yoast SEO Premium plugin v18.1 (Yoast SEO v18.3) - https:\/\/yoast.com\/wordpress\/plugins\/seo\/ -->\n<title>O\u015bwietlenie do zastosowa\u0144 podwodnych - D\u00f6llken Lighting<\/title>\n<meta name=\"robots\" content=\"index, follow, max-snippet:-1, max-image-preview:large, max-video-preview:-1\" \/>\n<link rel=\"canonical\" href=\"https:\/\/www.doellken-lighting.com\/pl\/rozwiazania-oswietleniowe\/podwodny\/\" \/>\n<meta property=\"og:locale\" content=\"pl_PL\" \/>\n<meta property=\"og:type\" content=\"article\" \/>\n<meta property=\"og:title\" content=\"O\u015bwietlenie do zastosowa\u0144 podwodnych\" \/>\n<meta property=\"og:url\" content=\"https:\/\/www.doellken-lighting.com\/pl\/rozwiazania-oswietleniowe\/podwodny\/\" \/>\n<meta property=\"og:site_name\" content=\"D\u00f6llken Lighting\" \/>\n<meta property=\"article:publisher\" content=\"https:\/\/www.facebook.com\/doellkenlighting\/\" \/>\n<meta property=\"article:modified_time\" content=\"2021-05-18T09:26:07+00:00\" \/>\n<meta property=\"og:image\" content=\"https:\/\/www.doellken-lighting.com\/wp-content\/uploads\/2018\/03\/\u00a9Yannis_Kontos_002_2YK5806-e1571863073380.jpg\" \/>\n<meta name=\"twitter:card\" content=\"summary_large_image\" \/>\n<meta name=\"twitter:label1\" content=\"Szacowany czas czytania\" \/>\n\t<meta name=\"twitter:data1\" content=\"2 minuty\" \/>\n<script type=\"application\/ld+json\" class=\"yoast-schema-graph\">{\"@context\":\"https:\/\/schema.org\",\"@graph\":[{\"@type\":\"Organization\",\"@id\":\"https:\/\/www.doellken-lighting.com\/#organization\",\"name\":\"D\u00f6llken Lighting\",\"url\":\"https:\/\/www.doellken-lighting.com\/\",\"sameAs\":[\"https:\/\/www.facebook.com\/doellkenlighting\/\",\"https:\/\/www.instagram.com\/doellkenlighting\/\",\"https:\/\/www.youtube.com\/channel\/UCaQBiul1oqA25Zk0X_vkAAQ\"],\"logo\":{\"@type\":\"ImageObject\",\"@id\":\"https:\/\/www.doellken-lighting.com\/#logo\",\"inLanguage\":\"pl-PL\",\"url\":\"https:\/\/www.doellken-lighting.com\/wp-content\/uploads\/2020\/01\/doellken_lighting_logo_cookie.png\",\"contentUrl\":\"https:\/\/www.doellken-lighting.com\/wp-content\/uploads\/2020\/01\/doellken_lighting_logo_cookie.png\",\"width\":250,\"height\":40,\"caption\":\"D\u00f6llken Lighting\"},\"image\":{\"@id\":\"https:\/\/www.doellken-lighting.com\/#logo\"}},{\"@type\":\"WebSite\",\"@id\":\"https:\/\/www.doellken-lighting.com\/#website\",\"url\":\"https:\/\/www.doellken-lighting.com\/\",\"name\":\"D\u00f6llken Lighting\",\"description\":\"Das Infinite Light System\",\"publisher\":{\"@id\":\"https:\/\/www.doellken-lighting.com\/#organization\"},\"potentialAction\":[{\"@type\":\"SearchAction\",\"target\":{\"@type\":\"EntryPoint\",\"urlTemplate\":\"https:\/\/www.doellken-lighting.com\/?s={search_term_string}\"},\"query-input\":\"required name=search_term_string\"}],\"inLanguage\":\"pl-PL\"},{\"@type\":\"ImageObject\",\"@id\":\"https:\/\/www.doellken-lighting.com\/pl\/rozwiazania-oswietleniowe\/podwodny\/#primaryimage\",\"inLanguage\":\"pl-PL\",\"url\":\"https:\/\/www.doellken-lighting.com\/wp-content\/uploads\/2018\/03\/\u00a9Yannis_Kontos_002_2YK5806-e1571863073380.jpg\",\"contentUrl\":\"https:\/\/www.doellken-lighting.com\/wp-content\/uploads\/2018\/03\/\u00a9Yannis_Kontos_002_2YK5806-e1571863073380.jpg\",\"width\":1845,\"height\":1230,\"caption\":\"LED-B\u00e4nder Aussenbereich Nammos Village\"},{\"@type\":\"WebPage\",\"@id\":\"https:\/\/www.doellken-lighting.com\/pl\/rozwiazania-oswietleniowe\/podwodny\/#webpage\",\"url\":\"https:\/\/www.doellken-lighting.com\/pl\/rozwiazania-oswietleniowe\/podwodny\/\",\"name\":\"O\u015bwietlenie do zastosowa\u0144 podwodnych - D\u00f6llken Lighting\",\"isPartOf\":{\"@id\":\"https:\/\/www.doellken-lighting.com\/#website\"},\"primaryImageOfPage\":{\"@id\":\"https:\/\/www.doellken-lighting.com\/pl\/rozwiazania-oswietleniowe\/podwodny\/#primaryimage\"},\"datePublished\":\"2021-04-21T08:27:02+00:00\",\"dateModified\":\"2021-05-18T09:26:07+00:00\",\"breadcrumb\":{\"@id\":\"https:\/\/www.doellken-lighting.com\/pl\/rozwiazania-oswietleniowe\/podwodny\/#breadcrumb\"},\"inLanguage\":\"pl-PL\",\"potentialAction\":[{\"@type\":\"ReadAction\",\"target\":[\"https:\/\/www.doellken-lighting.com\/pl\/rozwiazania-oswietleniowe\/podwodny\/\"]}]},{\"@type\":\"BreadcrumbList\",\"@id\":\"https:\/\/www.doellken-lighting.com\/pl\/rozwiazania-oswietleniowe\/podwodny\/#breadcrumb\",\"itemListElement\":[{\"@type\":\"ListItem\",\"position\":1,\"name\":\"Startseite\",\"item\":\"https:\/\/www.doellken-lighting.com\/pl\/\"},{\"@type\":\"ListItem\",\"position\":2,\"name\":\"Rozwi\u0105zania o\u015bwietleniowe\",\"item\":\"https:\/\/www.doellken-lighting.com\/pl\/rozwiazania-oswietleniowe\/\"},{\"@type\":\"ListItem\",\"position\":3,\"name\":\"O\u015bwietlenie do zastosowa\u0144 podwodnych\"}]}]}<\/script>\n<!-- \/ Yoast SEO Premium plugin. -->","yoast_head_json":{"title":"O\u015bwietlenie do zastosowa\u0144 podwodnych - D\u00f6llken Lighting","robots":{"index":"index","follow":"follow","max-snippet":"max-snippet:-1","max-image-preview":"max-image-preview:large","max-video-preview":"max-video-preview:-1"},"canonical":"https:\/\/www.doellken-lighting.com\/pl\/rozwiazania-oswietleniowe\/podwodny\/","og_locale":"pl_PL","og_type":"article","og_title":"O\u015bwietlenie do zastosowa\u0144 podwodnych","og_url":"https:\/\/www.doellken-lighting.com\/pl\/rozwiazania-oswietleniowe\/podwodny\/","og_site_name":"D\u00f6llken Lighting","article_publisher":"https:\/\/www.facebook.com\/doellkenlighting\/","article_modified_time":"2021-05-18T09:26:07+00:00","og_image":[{"url":"https:\/\/www.doellken-lighting.com\/wp-content\/uploads\/2018\/03\/\u00a9Yannis_Kontos_002_2YK5806-e1571863073380.jpg"}],"twitter_card":"summary_large_image","twitter_misc":{"Szacowany czas czytania":"2 minuty"},"schema":{"@context":"https:\/\/schema.org","@graph":[{"@type":"Organization","@id":"https:\/\/www.doellken-lighting.com\/#organization","name":"D\u00f6llken Lighting","url":"https:\/\/www.doellken-lighting.com\/","sameAs":["https:\/\/www.facebook.com\/doellkenlighting\/","https:\/\/www.instagram.com\/doellkenlighting\/","https:\/\/www.youtube.com\/channel\/UCaQBiul1oqA25Zk0X_vkAAQ"],"logo":{"@type":"ImageObject","@id":"https:\/\/www.doellken-lighting.com\/#logo","inLanguage":"pl-PL","url":"https:\/\/www.doellken-lighting.com\/wp-content\/uploads\/2020\/01\/doellken_lighting_logo_cookie.png","contentUrl":"https:\/\/www.doellken-lighting.com\/wp-content\/uploads\/2020\/01\/doellken_lighting_logo_cookie.png","width":250,"height":40,"caption":"D\u00f6llken Lighting"},"image":{"@id":"https:\/\/www.doellken-lighting.com\/#logo"}},{"@type":"WebSite","@id":"https:\/\/www.doellken-lighting.com\/#website","url":"https:\/\/www.doellken-lighting.com\/","name":"D\u00f6llken Lighting","description":"Das Infinite Light System","publisher":{"@id":"https:\/\/www.doellken-lighting.com\/#organization"},"potentialAction":[{"@type":"SearchAction","target":{"@type":"EntryPoint","urlTemplate":"https:\/\/www.doellken-lighting.com\/?s={search_term_string}"},"query-input":"required name=search_term_string"}],"inLanguage":"pl-PL"},{"@type":"ImageObject","@id":"https:\/\/www.doellken-lighting.com\/pl\/rozwiazania-oswietleniowe\/podwodny\/#primaryimage","inLanguage":"pl-PL","url":"https:\/\/www.doellken-lighting.com\/wp-content\/uploads\/2018\/03\/\u00a9Yannis_Kontos_002_2YK5806-e1571863073380.jpg","contentUrl":"https:\/\/www.doellken-lighting.com\/wp-content\/uploads\/2018\/03\/\u00a9Yannis_Kontos_002_2YK5806-e1571863073380.jpg","width":1845,"height":1230,"caption":"LED-B\u00e4nder Aussenbereich Nammos Village"},{"@type":"WebPage","@id":"https:\/\/www.doellken-lighting.com\/pl\/rozwiazania-oswietleniowe\/podwodny\/#webpage","url":"https:\/\/www.doellken-lighting.com\/pl\/rozwiazania-oswietleniowe\/podwodny\/","name":"O\u015bwietlenie do zastosowa\u0144 podwodnych - D\u00f6llken Lighting","isPartOf":{"@id":"https:\/\/www.doellken-lighting.com\/#website"},"primaryImageOfPage":{"@id":"https:\/\/www.doellken-lighting.com\/pl\/rozwiazania-oswietleniowe\/podwodny\/#primaryimage"},"datePublished":"2021-04-21T08:27:02+00:00","dateModified":"2021-05-18T09:26:07+00:00","breadcrumb":{"@id":"https:\/\/www.doellken-lighting.com\/pl\/rozwiazania-oswietleniowe\/podwodny\/#breadcrumb"},"inLanguage":"pl-PL","potentialAction":[{"@type":"ReadAction","target":["https:\/\/www.doellken-lighting.com\/pl\/rozwiazania-oswietleniowe\/podwodny\/"]}]},{"@type":"BreadcrumbList","@id":"https:\/\/www.doellken-lighting.com\/pl\/rozwiazania-oswietleniowe\/podwodny\/#breadcrumb","itemListElement":[{"@type":"ListItem","position":1,"name":"Startseite","item":"https:\/\/www.doellken-lighting.com\/pl\/"},{"@type":"ListItem","position":2,"name":"Rozwi\u0105zania o\u015bwietleniowe","item":"https:\/\/www.doellken-lighting.com\/pl\/rozwiazania-oswietleniowe\/"},{"@type":"ListItem","position":3,"name":"O\u015bwietlenie do zastosowa\u0144 podwodnych"}]}]}},"_links":{"self":[{"href":"https:\/\/www.doellken-lighting.com\/pl\/wp-json\/wp\/v2\/pages\/2649"}],"collection":[{"href":"https:\/\/www.doellken-lighting.com\/pl\/wp-json\/wp\/v2\/pages"}],"about":[{"href":"https:\/\/www.doellken-lighting.com\/pl\/wp-json\/wp\/v2\/types\/page"}],"author":[{"embeddable":true,"href":"https:\/\/www.doellken-lighting.com\/pl\/wp-json\/wp\/v2\/users\/2"}],"replies":[{"embeddable":true,"href":"https:\/\/www.doellken-lighting.com\/pl\/wp-json\/wp\/v2\/comments?post=2649"}],"version-history":[{"count":3,"href":"https:\/\/www.doellken-lighting.com\/pl\/wp-json\/wp\/v2\/pages\/2649\/revisions"}],"predecessor-version":[{"id":2674,"href":"https:\/\/www.doellken-lighting.com\/pl\/wp-json\/wp\/v2\/pages\/2649\/revisions\/2674"}],"up":[{"embeddable":true,"href":"https:\/\/www.doellken-lighting.com\/pl\/wp-json\/wp\/v2\/pages\/2577"}],"wp:attachment":[{"href":"https:\/\/www.doellken-lighting.com\/pl\/wp-json\/wp\/v2\/media?parent=2649"}],"curies":[{"name":"wp","href":"https:\/\/api.w.org\/{rel}","templated":true}]}}