{"id":2654,"date":"2021-04-21T10:28:06","date_gmt":"2021-04-21T08:28:06","guid":{"rendered":"https:\/\/www.doellken-lighting.com\/rozwiazania-oswietleniowe\/licht-fuer-den-garten-und-landschaftsbau\/"},"modified":"2021-05-18T11:30:37","modified_gmt":"2021-05-18T09:30:37","slug":"ogrod-i-krajobraz","status":"publish","type":"page","link":"https:\/\/www.doellken-lighting.com\/pl\/rozwiazania-oswietleniowe\/ogrod-i-krajobraz\/","title":{"rendered":"O\u015bwietlenie ogrod\u00f3w i krajobraz\u00f3w"},"content":{"rendered":"<div class=\"wrapper\"><div id class=\"column-section clearfix spaced-normal \"><div class=\"column one-half  \"><div class=\"spacer spacer-big\"><\/div>\n<h1>O\u015bwietlenie ogrod\u00f3w i krajobraz\u00f3w<\/h1>\n<div class=\"spacer spacer-medium\"><\/div><\/div><div class=\"column one-half last-col \"><\/div><\/div><\/div><div class=\"wrapper\"><div id class=\"column-section clearfix spaced-normal \"><div class=\"column two-third  \">\n<p>Przy projektowaniu nowych lub przebudowie istniej\u0105cych teren\u00f3w zielonych w architekturze krajobrazu coraz cz\u0119\u015bciej zwraca si\u0119 uwag\u0119 na o\u015bwietlenie, kt\u00f3re podkre\u015bla indywidualny charakter inwestycji. Trafnie dobrane o\u015bwietlenie ogrodu czy parku tworzy wyj\u0105tkowy nastr\u00f3j, r\u00f3wnocze\u015bnie dbaj\u0105c o bezpiecze\u0144stwo mieszka\u0144c\u00f3w i u\u017cytkownik\u00f3w (np. poprzez wytyczenie odpowiednich ci\u0105g\u00f3w komunikacyjnych).<\/p>\n<p>Inteligentne sterowanie o\u015bwietleniem, kt\u00f3re dzi\u015b staje si\u0119 standardem daje inwestorowi mo\u017cliwo\u015b\u0107 regulacji nat\u0119\u017cenia \u015bwiat\u0142a w zale\u017cno\u015bci od warunk\u00f3w zewn\u0119trznych, a czujniki ruchu pozwalaj\u0105 na znaczn\u0105 oszcz\u0119dno\u015b\u0107 energii.<\/p>\n<p>Dzi\u0119ki odpowiedniemu zabezpieczeniu przed wilgoci\u0105 i uszkodzeniami mechanicznymi, nasze ta\u015bmy LED idealnie nadaj\u0105 si\u0119 do u\u017cytku zewn\u0119trznego. Integracja z istniej\u0105cymi systemami sterowania jest bezproblemowa. Pozostaje jedynie cieszy\u0107 si\u0119 wspania\u0142ym efektem wizualnym.<\/p>\n<\/div><div class=\"column one-third last-col \"><\/div><\/div><\/div><div class=\"spacer spacer-big\"><\/div><div class=\"no-wrapper\"><div id class=\"column-section clearfix spaced-normal \"><div class=\"column one-half  \">\n<p><a href=\"https:\/\/www.doellken-lighting.com\/pl\/portfolio\/treetoppath\/\"><noscript><img class=\"alignnone wp-image-1598 size-full\" src=\"https:\/\/www.doellken-lighting.com\/wp-content\/uploads\/2019\/07\/Baumkronenpfad2-web-1-e1571943507760.jpg\" alt width=\"1220\" height=\"814\"><\/noscript><img class=\"alignnone wp-image-1598 size-full lazyload\" src=\"data:image\/svg+xml,%3Csvg%20xmlns%3D%22http%3A%2F%2Fwww.w3.org%2F2000%2Fsvg%22%20viewBox%3D%220%200%201220%20814%22%3E%3C%2Fsvg%3E\" alt width=\"1220\" height=\"814\" data-src=\"https:\/\/www.doellken-lighting.com\/wp-content\/uploads\/2019\/07\/Baumkronenpfad2-web-1-e1571943507760.jpg\"><\/a><\/p>\n<\/div><div class=\"column one-half last-col \">\n<p><a href=\"https:\/\/www.doellken-lighting.com\/pl\/portfolio\/cato-senteret\/\"><noscript><img class=\"aligncenter wp-image-641 size-full\" src=\"https:\/\/www.doellken-lighting.com\/wp-content\/uploads\/2017\/09\/Doellken_Lighting_Referenz_Cato_1-e1571862884557.jpg\" alt=\"LED-Band Garten CatoSenteret Norwegen\" width=\"1845\" height=\"1230\"><\/noscript><img class=\"aligncenter wp-image-641 size-full lazyload\" src=\"data:image\/svg+xml,%3Csvg%20xmlns%3D%22http%3A%2F%2Fwww.w3.org%2F2000%2Fsvg%22%20viewBox%3D%220%200%201845%201230%22%3E%3C%2Fsvg%3E\" alt=\"LED-Band Garten CatoSenteret Norwegen\" width=\"1845\" height=\"1230\" data-src=\"https:\/\/www.doellken-lighting.com\/wp-content\/uploads\/2017\/09\/Doellken_Lighting_Referenz_Cato_1-e1571862884557.jpg\"><\/a><\/p>\n<\/div><\/div><\/div><div class=\"wrapper\"><div id class=\"column-section clearfix spaced-normal \"><div class=\"column one-full last-col \"><div class=\"spacer spacer-big\"><\/div><\/div><\/div><\/div>\n","protected":false},"excerpt":{"rendered":"","protected":false},"author":2,"featured_media":0,"parent":2577,"menu_order":0,"comment_status":"closed","ping_status":"closed","template":"","meta":[],"yoast_head":"<!-- This site is optimized with the Yoast SEO Premium plugin v18.1 (Yoast SEO v18.3) - https:\/\/yoast.com\/wordpress\/plugins\/seo\/ -->\n<title>O\u015bwietlenie ogrod\u00f3w i krajobraz\u00f3w - D\u00f6llken Lighting<\/title>\n<meta name=\"robots\" content=\"index, follow, max-snippet:-1, max-image-preview:large, max-video-preview:-1\" \/>\n<link rel=\"canonical\" href=\"https:\/\/www.doellken-lighting.com\/pl\/rozwiazania-oswietleniowe\/ogrod-i-krajobraz\/\" \/>\n<meta property=\"og:locale\" content=\"pl_PL\" \/>\n<meta property=\"og:type\" content=\"article\" \/>\n<meta property=\"og:title\" content=\"O\u015bwietlenie ogrod\u00f3w i krajobraz\u00f3w\" \/>\n<meta property=\"og:url\" content=\"https:\/\/www.doellken-lighting.com\/pl\/rozwiazania-oswietleniowe\/ogrod-i-krajobraz\/\" \/>\n<meta property=\"og:site_name\" content=\"D\u00f6llken Lighting\" \/>\n<meta property=\"article:publisher\" content=\"https:\/\/www.facebook.com\/doellkenlighting\/\" \/>\n<meta property=\"article:modified_time\" content=\"2021-05-18T09:30:37+00:00\" \/>\n<meta property=\"og:image\" content=\"https:\/\/www.doellken-lighting.com\/wp-content\/uploads\/2019\/07\/Baumkronenpfad2-web-1-e1571943507760.jpg\" \/>\n<meta name=\"twitter:card\" content=\"summary_large_image\" \/>\n<meta name=\"twitter:label1\" content=\"Szacowany czas czytania\" \/>\n\t<meta name=\"twitter:data1\" content=\"2 minuty\" \/>\n<script type=\"application\/ld+json\" class=\"yoast-schema-graph\">{\"@context\":\"https:\/\/schema.org\",\"@graph\":[{\"@type\":\"Organization\",\"@id\":\"https:\/\/www.doellken-lighting.com\/#organization\",\"name\":\"D\u00f6llken Lighting\",\"url\":\"https:\/\/www.doellken-lighting.com\/\",\"sameAs\":[\"https:\/\/www.facebook.com\/doellkenlighting\/\",\"https:\/\/www.instagram.com\/doellkenlighting\/\",\"https:\/\/www.youtube.com\/channel\/UCaQBiul1oqA25Zk0X_vkAAQ\"],\"logo\":{\"@type\":\"ImageObject\",\"@id\":\"https:\/\/www.doellken-lighting.com\/#logo\",\"inLanguage\":\"pl-PL\",\"url\":\"https:\/\/www.doellken-lighting.com\/wp-content\/uploads\/2020\/01\/doellken_lighting_logo_cookie.png\",\"contentUrl\":\"https:\/\/www.doellken-lighting.com\/wp-content\/uploads\/2020\/01\/doellken_lighting_logo_cookie.png\",\"width\":250,\"height\":40,\"caption\":\"D\u00f6llken Lighting\"},\"image\":{\"@id\":\"https:\/\/www.doellken-lighting.com\/#logo\"}},{\"@type\":\"WebSite\",\"@id\":\"https:\/\/www.doellken-lighting.com\/#website\",\"url\":\"https:\/\/www.doellken-lighting.com\/\",\"name\":\"D\u00f6llken Lighting\",\"description\":\"Das Infinite Light System\",\"publisher\":{\"@id\":\"https:\/\/www.doellken-lighting.com\/#organization\"},\"potentialAction\":[{\"@type\":\"SearchAction\",\"target\":{\"@type\":\"EntryPoint\",\"urlTemplate\":\"https:\/\/www.doellken-lighting.com\/?s={search_term_string}\"},\"query-input\":\"required name=search_term_string\"}],\"inLanguage\":\"pl-PL\"},{\"@type\":\"ImageObject\",\"@id\":\"https:\/\/www.doellken-lighting.com\/pl\/rozwiazania-oswietleniowe\/ogrod-i-krajobraz\/#primaryimage\",\"inLanguage\":\"pl-PL\",\"url\":\"https:\/\/www.doellken-lighting.com\/wp-content\/uploads\/2019\/07\/Baumkronenpfad2-web-1-e1571943507760.jpg\",\"contentUrl\":\"https:\/\/www.doellken-lighting.com\/wp-content\/uploads\/2019\/07\/Baumkronenpfad2-web-1-e1571943507760.jpg\",\"width\":1220,\"height\":814,\"caption\":\"LED-B\u00e4nder RGBW Baumkronenpfad Hainich\"},{\"@type\":\"WebPage\",\"@id\":\"https:\/\/www.doellken-lighting.com\/pl\/rozwiazania-oswietleniowe\/ogrod-i-krajobraz\/#webpage\",\"url\":\"https:\/\/www.doellken-lighting.com\/pl\/rozwiazania-oswietleniowe\/ogrod-i-krajobraz\/\",\"name\":\"O\u015bwietlenie ogrod\u00f3w i krajobraz\u00f3w - D\u00f6llken Lighting\",\"isPartOf\":{\"@id\":\"https:\/\/www.doellken-lighting.com\/#website\"},\"primaryImageOfPage\":{\"@id\":\"https:\/\/www.doellken-lighting.com\/pl\/rozwiazania-oswietleniowe\/ogrod-i-krajobraz\/#primaryimage\"},\"datePublished\":\"2021-04-21T08:28:06+00:00\",\"dateModified\":\"2021-05-18T09:30:37+00:00\",\"breadcrumb\":{\"@id\":\"https:\/\/www.doellken-lighting.com\/pl\/rozwiazania-oswietleniowe\/ogrod-i-krajobraz\/#breadcrumb\"},\"inLanguage\":\"pl-PL\",\"potentialAction\":[{\"@type\":\"ReadAction\",\"target\":[\"https:\/\/www.doellken-lighting.com\/pl\/rozwiazania-oswietleniowe\/ogrod-i-krajobraz\/\"]}]},{\"@type\":\"BreadcrumbList\",\"@id\":\"https:\/\/www.doellken-lighting.com\/pl\/rozwiazania-oswietleniowe\/ogrod-i-krajobraz\/#breadcrumb\",\"itemListElement\":[{\"@type\":\"ListItem\",\"position\":1,\"name\":\"Startseite\",\"item\":\"https:\/\/www.doellken-lighting.com\/pl\/\"},{\"@type\":\"ListItem\",\"position\":2,\"name\":\"Rozwi\u0105zania o\u015bwietleniowe\",\"item\":\"https:\/\/www.doellken-lighting.com\/pl\/rozwiazania-oswietleniowe\/\"},{\"@type\":\"ListItem\",\"position\":3,\"name\":\"O\u015bwietlenie ogrod\u00f3w i krajobraz\u00f3w\"}]}]}<\/script>\n<!-- \/ Yoast SEO Premium plugin. -->","yoast_head_json":{"title":"O\u015bwietlenie ogrod\u00f3w i krajobraz\u00f3w - D\u00f6llken Lighting","robots":{"index":"index","follow":"follow","max-snippet":"max-snippet:-1","max-image-preview":"max-image-preview:large","max-video-preview":"max-video-preview:-1"},"canonical":"https:\/\/www.doellken-lighting.com\/pl\/rozwiazania-oswietleniowe\/ogrod-i-krajobraz\/","og_locale":"pl_PL","og_type":"article","og_title":"O\u015bwietlenie ogrod\u00f3w i krajobraz\u00f3w","og_url":"https:\/\/www.doellken-lighting.com\/pl\/rozwiazania-oswietleniowe\/ogrod-i-krajobraz\/","og_site_name":"D\u00f6llken Lighting","article_publisher":"https:\/\/www.facebook.com\/doellkenlighting\/","article_modified_time":"2021-05-18T09:30:37+00:00","og_image":[{"url":"https:\/\/www.doellken-lighting.com\/wp-content\/uploads\/2019\/07\/Baumkronenpfad2-web-1-e1571943507760.jpg"}],"twitter_card":"summary_large_image","twitter_misc":{"Szacowany czas czytania":"2 minuty"},"schema":{"@context":"https:\/\/schema.org","@graph":[{"@type":"Organization","@id":"https:\/\/www.doellken-lighting.com\/#organization","name":"D\u00f6llken Lighting","url":"https:\/\/www.doellken-lighting.com\/","sameAs":["https:\/\/www.facebook.com\/doellkenlighting\/","https:\/\/www.instagram.com\/doellkenlighting\/","https:\/\/www.youtube.com\/channel\/UCaQBiul1oqA25Zk0X_vkAAQ"],"logo":{"@type":"ImageObject","@id":"https:\/\/www.doellken-lighting.com\/#logo","inLanguage":"pl-PL","url":"https:\/\/www.doellken-lighting.com\/wp-content\/uploads\/2020\/01\/doellken_lighting_logo_cookie.png","contentUrl":"https:\/\/www.doellken-lighting.com\/wp-content\/uploads\/2020\/01\/doellken_lighting_logo_cookie.png","width":250,"height":40,"caption":"D\u00f6llken Lighting"},"image":{"@id":"https:\/\/www.doellken-lighting.com\/#logo"}},{"@type":"WebSite","@id":"https:\/\/www.doellken-lighting.com\/#website","url":"https:\/\/www.doellken-lighting.com\/","name":"D\u00f6llken Lighting","description":"Das Infinite Light System","publisher":{"@id":"https:\/\/www.doellken-lighting.com\/#organization"},"potentialAction":[{"@type":"SearchAction","target":{"@type":"EntryPoint","urlTemplate":"https:\/\/www.doellken-lighting.com\/?s={search_term_string}"},"query-input":"required name=search_term_string"}],"inLanguage":"pl-PL"},{"@type":"ImageObject","@id":"https:\/\/www.doellken-lighting.com\/pl\/rozwiazania-oswietleniowe\/ogrod-i-krajobraz\/#primaryimage","inLanguage":"pl-PL","url":"https:\/\/www.doellken-lighting.com\/wp-content\/uploads\/2019\/07\/Baumkronenpfad2-web-1-e1571943507760.jpg","contentUrl":"https:\/\/www.doellken-lighting.com\/wp-content\/uploads\/2019\/07\/Baumkronenpfad2-web-1-e1571943507760.jpg","width":1220,"height":814,"caption":"LED-B\u00e4nder RGBW Baumkronenpfad Hainich"},{"@type":"WebPage","@id":"https:\/\/www.doellken-lighting.com\/pl\/rozwiazania-oswietleniowe\/ogrod-i-krajobraz\/#webpage","url":"https:\/\/www.doellken-lighting.com\/pl\/rozwiazania-oswietleniowe\/ogrod-i-krajobraz\/","name":"O\u015bwietlenie ogrod\u00f3w i krajobraz\u00f3w - D\u00f6llken Lighting","isPartOf":{"@id":"https:\/\/www.doellken-lighting.com\/#website"},"primaryImageOfPage":{"@id":"https:\/\/www.doellken-lighting.com\/pl\/rozwiazania-oswietleniowe\/ogrod-i-krajobraz\/#primaryimage"},"datePublished":"2021-04-21T08:28:06+00:00","dateModified":"2021-05-18T09:30:37+00:00","breadcrumb":{"@id":"https:\/\/www.doellken-lighting.com\/pl\/rozwiazania-oswietleniowe\/ogrod-i-krajobraz\/#breadcrumb"},"inLanguage":"pl-PL","potentialAction":[{"@type":"ReadAction","target":["https:\/\/www.doellken-lighting.com\/pl\/rozwiazania-oswietleniowe\/ogrod-i-krajobraz\/"]}]},{"@type":"BreadcrumbList","@id":"https:\/\/www.doellken-lighting.com\/pl\/rozwiazania-oswietleniowe\/ogrod-i-krajobraz\/#breadcrumb","itemListElement":[{"@type":"ListItem","position":1,"name":"Startseite","item":"https:\/\/www.doellken-lighting.com\/pl\/"},{"@type":"ListItem","position":2,"name":"Rozwi\u0105zania o\u015bwietleniowe","item":"https:\/\/www.doellken-lighting.com\/pl\/rozwiazania-oswietleniowe\/"},{"@type":"ListItem","position":3,"name":"O\u015bwietlenie ogrod\u00f3w i krajobraz\u00f3w"}]}]}},"_links":{"self":[{"href":"https:\/\/www.doellken-lighting.com\/pl\/wp-json\/wp\/v2\/pages\/2654"}],"collection":[{"href":"https:\/\/www.doellken-lighting.com\/pl\/wp-json\/wp\/v2\/pages"}],"about":[{"href":"https:\/\/www.doellken-lighting.com\/pl\/wp-json\/wp\/v2\/types\/page"}],"author":[{"embeddable":true,"href":"https:\/\/www.doellken-lighting.com\/pl\/wp-json\/wp\/v2\/users\/2"}],"replies":[{"embeddable":true,"href":"https:\/\/www.doellken-lighting.com\/pl\/wp-json\/wp\/v2\/comments?post=2654"}],"version-history":[{"count":3,"href":"https:\/\/www.doellken-lighting.com\/pl\/wp-json\/wp\/v2\/pages\/2654\/revisions"}],"predecessor-version":[{"id":2680,"href":"https:\/\/www.doellken-lighting.com\/pl\/wp-json\/wp\/v2\/pages\/2654\/revisions\/2680"}],"up":[{"embeddable":true,"href":"https:\/\/www.doellken-lighting.com\/pl\/wp-json\/wp\/v2\/pages\/2577"}],"wp:attachment":[{"href":"https:\/\/www.doellken-lighting.com\/pl\/wp-json\/wp\/v2\/media?parent=2654"}],"curies":[{"name":"wp","href":"https:\/\/api.w.org\/{rel}","templated":true}]}}