{"id":2658,"date":"2021-04-21T10:29:06","date_gmt":"2021-04-21T08:29:06","guid":{"rendered":"https:\/\/www.doellken-lighting.com\/rozwiazania-oswietleniowe\/licht-fuer-die-industrie\/"},"modified":"2021-05-18T10:37:21","modified_gmt":"2021-05-18T08:37:21","slug":"przemysl","status":"publish","type":"page","link":"https:\/\/www.doellken-lighting.com\/pl\/rozwiazania-oswietleniowe\/przemysl\/","title":{"rendered":"O\u015bwietlenie dla przemys\u0142u"},"content":{"rendered":"<div class=\"wrapper\"><div id=\"\" class=\"column-section clearfix spaced-normal \"><div  class=\"column one-half  \" ><div class=\"spacer spacer-big\"><\/div>\n<h1>O\u015bwietlenie dla przemys\u0142u<\/h1>\n<div class=\"spacer spacer-medium\"><\/div><\/div><div  class=\"column one-half last-col \" ><\/div><\/div><\/div><div class=\"wrapper\"><div id=\"\" class=\"column-section clearfix spaced-normal \"><div  class=\"column two-third  \" >\n<p>Przemys\u0142 dzieli si\u0119 na wiele zr\u00f3\u017cnicowanych obszar\u00f3w, a ka\u017cdy z nich ma inne wymagania dotycz\u0105ce o\u015bwietlenia. Materia\u0142, szczelno\u015b\u0107 czy warunki przestrzenne \u2013 wszystkie elementy musz\u0105 by\u0107 dostosowane do konkretnego rozwi\u0105zania.<\/p>\n<p>O\u015bwietlenie w przemy\u015ble musi sprosta\u0107 szczeg\u00f3lnym wyzwaniom. Z uwagi na specyfik\u0119 budowy maszyn i rozk\u0142adu hal produkcyjnych w o\u015bwietleniu przemys\u0142owym kluczowe s\u0105 wodoszczelno\u015b\u0107, a tak\u017ce odporno\u015b\u0107 na pylenie i chemikalia. Warunki konstrukcyjne narzucaj\u0105 tak\u017ce \u015bcis\u0142e ograniczenia dotycz\u0105ce monta\u017cu \u2013 zazwyczaj do dyspozycji pozostaj\u0105 jedynie niewielkie przestrzenie, w kt\u00f3rych mo\u017cna zainstalowa\u0107 o\u015bwietlenie.<\/p>\n<p>Nasze ta\u015bmy LED powlekamy specjalnym tworzywem termoplastycznym, dzi\u0119ki kt\u00f3remu s\u0105 szczelne, odporne na uderzenia, a ich trwa\u0142o\u015b\u0107 i wysoka wydajno\u015b\u0107 energetyczna \u015bwietnie sprawdzi si\u0119 w ka\u017cdym obszarze przemys\u0142u. Nasz dzia\u0142 rozwoju realizuje indywidualne \u017cyczenia klient\u00f3w dostosowuj\u0105c si\u0119 do specjalistycznych wymaga\u0144, a dzi\u0119ki w\u0105skiej geometrii nasze ta\u015bmy mieszcz\u0105 si\u0119 nawet w najmniejszych przestrzeniach.<\/p>\n<\/div><div  class=\"column one-third last-col \" ><\/div><\/div><\/div><div class=\"spacer spacer-big\"><\/div>\n","protected":false},"excerpt":{"rendered":"","protected":false},"author":2,"featured_media":0,"parent":2577,"menu_order":0,"comment_status":"closed","ping_status":"closed","template":"","meta":[],"yoast_head":"<!-- This site is optimized with the Yoast SEO Premium plugin v18.1 (Yoast SEO v18.3) - https:\/\/yoast.com\/wordpress\/plugins\/seo\/ -->\n<title>O\u015bwietlenie dla przemys\u0142u - D\u00f6llken Lighting<\/title>\n<meta name=\"robots\" content=\"index, follow, max-snippet:-1, max-image-preview:large, max-video-preview:-1\" \/>\n<link rel=\"canonical\" href=\"https:\/\/www.doellken-lighting.com\/pl\/rozwiazania-oswietleniowe\/przemysl\/\" \/>\n<meta property=\"og:locale\" content=\"pl_PL\" \/>\n<meta property=\"og:type\" content=\"article\" \/>\n<meta property=\"og:title\" content=\"O\u015bwietlenie dla przemys\u0142u\" \/>\n<meta property=\"og:url\" content=\"https:\/\/www.doellken-lighting.com\/pl\/rozwiazania-oswietleniowe\/przemysl\/\" \/>\n<meta property=\"og:site_name\" content=\"D\u00f6llken Lighting\" \/>\n<meta property=\"article:publisher\" content=\"https:\/\/www.facebook.com\/doellkenlighting\/\" \/>\n<meta property=\"article:modified_time\" content=\"2021-05-18T08:37:21+00:00\" \/>\n<meta name=\"twitter:card\" content=\"summary_large_image\" \/>\n<meta name=\"twitter:label1\" content=\"Szacowany czas czytania\" \/>\n\t<meta name=\"twitter:data1\" content=\"1 minuta\" \/>\n<script type=\"application\/ld+json\" class=\"yoast-schema-graph\">{\"@context\":\"https:\/\/schema.org\",\"@graph\":[{\"@type\":\"Organization\",\"@id\":\"https:\/\/www.doellken-lighting.com\/#organization\",\"name\":\"D\u00f6llken Lighting\",\"url\":\"https:\/\/www.doellken-lighting.com\/\",\"sameAs\":[\"https:\/\/www.facebook.com\/doellkenlighting\/\",\"https:\/\/www.instagram.com\/doellkenlighting\/\",\"https:\/\/www.youtube.com\/channel\/UCaQBiul1oqA25Zk0X_vkAAQ\"],\"logo\":{\"@type\":\"ImageObject\",\"@id\":\"https:\/\/www.doellken-lighting.com\/#logo\",\"inLanguage\":\"pl-PL\",\"url\":\"https:\/\/www.doellken-lighting.com\/wp-content\/uploads\/2020\/01\/doellken_lighting_logo_cookie.png\",\"contentUrl\":\"https:\/\/www.doellken-lighting.com\/wp-content\/uploads\/2020\/01\/doellken_lighting_logo_cookie.png\",\"width\":250,\"height\":40,\"caption\":\"D\u00f6llken Lighting\"},\"image\":{\"@id\":\"https:\/\/www.doellken-lighting.com\/#logo\"}},{\"@type\":\"WebSite\",\"@id\":\"https:\/\/www.doellken-lighting.com\/#website\",\"url\":\"https:\/\/www.doellken-lighting.com\/\",\"name\":\"D\u00f6llken Lighting\",\"description\":\"Das Infinite Light System\",\"publisher\":{\"@id\":\"https:\/\/www.doellken-lighting.com\/#organization\"},\"potentialAction\":[{\"@type\":\"SearchAction\",\"target\":{\"@type\":\"EntryPoint\",\"urlTemplate\":\"https:\/\/www.doellken-lighting.com\/?s={search_term_string}\"},\"query-input\":\"required name=search_term_string\"}],\"inLanguage\":\"pl-PL\"},{\"@type\":\"WebPage\",\"@id\":\"https:\/\/www.doellken-lighting.com\/pl\/rozwiazania-oswietleniowe\/przemysl\/#webpage\",\"url\":\"https:\/\/www.doellken-lighting.com\/pl\/rozwiazania-oswietleniowe\/przemysl\/\",\"name\":\"O\u015bwietlenie dla przemys\u0142u - D\u00f6llken Lighting\",\"isPartOf\":{\"@id\":\"https:\/\/www.doellken-lighting.com\/#website\"},\"datePublished\":\"2021-04-21T08:29:06+00:00\",\"dateModified\":\"2021-05-18T08:37:21+00:00\",\"breadcrumb\":{\"@id\":\"https:\/\/www.doellken-lighting.com\/pl\/rozwiazania-oswietleniowe\/przemysl\/#breadcrumb\"},\"inLanguage\":\"pl-PL\",\"potentialAction\":[{\"@type\":\"ReadAction\",\"target\":[\"https:\/\/www.doellken-lighting.com\/pl\/rozwiazania-oswietleniowe\/przemysl\/\"]}]},{\"@type\":\"BreadcrumbList\",\"@id\":\"https:\/\/www.doellken-lighting.com\/pl\/rozwiazania-oswietleniowe\/przemysl\/#breadcrumb\",\"itemListElement\":[{\"@type\":\"ListItem\",\"position\":1,\"name\":\"Startseite\",\"item\":\"https:\/\/www.doellken-lighting.com\/pl\/\"},{\"@type\":\"ListItem\",\"position\":2,\"name\":\"Rozwi\u0105zania o\u015bwietleniowe\",\"item\":\"https:\/\/www.doellken-lighting.com\/pl\/rozwiazania-oswietleniowe\/\"},{\"@type\":\"ListItem\",\"position\":3,\"name\":\"O\u015bwietlenie dla przemys\u0142u\"}]}]}<\/script>\n<!-- \/ Yoast SEO Premium plugin. -->","yoast_head_json":{"title":"O\u015bwietlenie dla przemys\u0142u - D\u00f6llken Lighting","robots":{"index":"index","follow":"follow","max-snippet":"max-snippet:-1","max-image-preview":"max-image-preview:large","max-video-preview":"max-video-preview:-1"},"canonical":"https:\/\/www.doellken-lighting.com\/pl\/rozwiazania-oswietleniowe\/przemysl\/","og_locale":"pl_PL","og_type":"article","og_title":"O\u015bwietlenie dla przemys\u0142u","og_url":"https:\/\/www.doellken-lighting.com\/pl\/rozwiazania-oswietleniowe\/przemysl\/","og_site_name":"D\u00f6llken Lighting","article_publisher":"https:\/\/www.facebook.com\/doellkenlighting\/","article_modified_time":"2021-05-18T08:37:21+00:00","twitter_card":"summary_large_image","twitter_misc":{"Szacowany czas czytania":"1 minuta"},"schema":{"@context":"https:\/\/schema.org","@graph":[{"@type":"Organization","@id":"https:\/\/www.doellken-lighting.com\/#organization","name":"D\u00f6llken Lighting","url":"https:\/\/www.doellken-lighting.com\/","sameAs":["https:\/\/www.facebook.com\/doellkenlighting\/","https:\/\/www.instagram.com\/doellkenlighting\/","https:\/\/www.youtube.com\/channel\/UCaQBiul1oqA25Zk0X_vkAAQ"],"logo":{"@type":"ImageObject","@id":"https:\/\/www.doellken-lighting.com\/#logo","inLanguage":"pl-PL","url":"https:\/\/www.doellken-lighting.com\/wp-content\/uploads\/2020\/01\/doellken_lighting_logo_cookie.png","contentUrl":"https:\/\/www.doellken-lighting.com\/wp-content\/uploads\/2020\/01\/doellken_lighting_logo_cookie.png","width":250,"height":40,"caption":"D\u00f6llken Lighting"},"image":{"@id":"https:\/\/www.doellken-lighting.com\/#logo"}},{"@type":"WebSite","@id":"https:\/\/www.doellken-lighting.com\/#website","url":"https:\/\/www.doellken-lighting.com\/","name":"D\u00f6llken Lighting","description":"Das Infinite Light System","publisher":{"@id":"https:\/\/www.doellken-lighting.com\/#organization"},"potentialAction":[{"@type":"SearchAction","target":{"@type":"EntryPoint","urlTemplate":"https:\/\/www.doellken-lighting.com\/?s={search_term_string}"},"query-input":"required name=search_term_string"}],"inLanguage":"pl-PL"},{"@type":"WebPage","@id":"https:\/\/www.doellken-lighting.com\/pl\/rozwiazania-oswietleniowe\/przemysl\/#webpage","url":"https:\/\/www.doellken-lighting.com\/pl\/rozwiazania-oswietleniowe\/przemysl\/","name":"O\u015bwietlenie dla przemys\u0142u - D\u00f6llken Lighting","isPartOf":{"@id":"https:\/\/www.doellken-lighting.com\/#website"},"datePublished":"2021-04-21T08:29:06+00:00","dateModified":"2021-05-18T08:37:21+00:00","breadcrumb":{"@id":"https:\/\/www.doellken-lighting.com\/pl\/rozwiazania-oswietleniowe\/przemysl\/#breadcrumb"},"inLanguage":"pl-PL","potentialAction":[{"@type":"ReadAction","target":["https:\/\/www.doellken-lighting.com\/pl\/rozwiazania-oswietleniowe\/przemysl\/"]}]},{"@type":"BreadcrumbList","@id":"https:\/\/www.doellken-lighting.com\/pl\/rozwiazania-oswietleniowe\/przemysl\/#breadcrumb","itemListElement":[{"@type":"ListItem","position":1,"name":"Startseite","item":"https:\/\/www.doellken-lighting.com\/pl\/"},{"@type":"ListItem","position":2,"name":"Rozwi\u0105zania o\u015bwietleniowe","item":"https:\/\/www.doellken-lighting.com\/pl\/rozwiazania-oswietleniowe\/"},{"@type":"ListItem","position":3,"name":"O\u015bwietlenie dla przemys\u0142u"}]}]}},"_links":{"self":[{"href":"https:\/\/www.doellken-lighting.com\/pl\/wp-json\/wp\/v2\/pages\/2658"}],"collection":[{"href":"https:\/\/www.doellken-lighting.com\/pl\/wp-json\/wp\/v2\/pages"}],"about":[{"href":"https:\/\/www.doellken-lighting.com\/pl\/wp-json\/wp\/v2\/types\/page"}],"author":[{"embeddable":true,"href":"https:\/\/www.doellken-lighting.com\/pl\/wp-json\/wp\/v2\/users\/2"}],"replies":[{"embeddable":true,"href":"https:\/\/www.doellken-lighting.com\/pl\/wp-json\/wp\/v2\/comments?post=2658"}],"version-history":[{"count":1,"href":"https:\/\/www.doellken-lighting.com\/pl\/wp-json\/wp\/v2\/pages\/2658\/revisions"}],"predecessor-version":[{"id":2659,"href":"https:\/\/www.doellken-lighting.com\/pl\/wp-json\/wp\/v2\/pages\/2658\/revisions\/2659"}],"up":[{"embeddable":true,"href":"https:\/\/www.doellken-lighting.com\/pl\/wp-json\/wp\/v2\/pages\/2577"}],"wp:attachment":[{"href":"https:\/\/www.doellken-lighting.com\/pl\/wp-json\/wp\/v2\/media?parent=2658"}],"curies":[{"name":"wp","href":"https:\/\/api.w.org\/{rel}","templated":true}]}}